{"id":168,"date":"2019-04-18T13:53:23","date_gmt":"2019-04-18T11:53:23","guid":{"rendered":"http:\/\/novavita.ro\/?page_id=168"},"modified":"2025-11-11T18:41:18","modified_gmt":"2025-11-11T15:41:18","slug":"kinetoterapie","status":"publish","type":"page","link":"https:\/\/novavita.ro\/en\/kinetoterapie\/","title":{"rendered":"Kinetotherapy"},"content":{"rendered":"<h1><span class=\"uk-text-primary\">Kinetoterapia<\/span><\/h1>\n<div>te ajut\u0103 s\u0103 ai sistem muscular \u0219i osos s\u0103n\u0103tos.<\/div>\n<ul>\n<li>\n<p>\n        <a href=\"\/aromaterapie\/\">Aromaterapie<\/a>\n    <\/p>\n<\/li>\n<li>\n<p>\n        <a href=\"\/meloterapie\/\">Meloterapie<\/a>\n    <\/p>\n<\/li>\n<li>\n<p>\n        <a href=\"\/vitaminoterapie\/\">Vitaminoterapie<\/a>\n    <\/p>\n<\/li>\n<\/ul>\n<div>\n<p style=\"text-align: justify;\">Terapia prin mi\u0219care (din greaca veche &#8211; kinesis, care \u00eenseamn\u0103 mi\u0219care \u0219i therapia care \u00eenseamn\u0103 tratament) folose\u0219te mi\u0219c\u0103rile active \u0219i pasive cu scopul de a ajuta la\u00a0<b>recuperarea unei func\u021bii motorii c\u00e2t mai complete.<\/b>\u00a0La baza kinetoterapiei st\u0103 exerci\u021biul fizic, care are un rol extrem de important \u00een refacerea func\u021biilor \u0219i a sistemelor mio-artro-kinetic \u0219i cardio-respirator.\u00a0<\/p>\n<p>De aceea, la Nova Vita ve\u021bi putea g\u0103si o echip\u0103 de fiziokinetoterapeuti preg\u0103ti\u021bi s\u0103 va ajute prin perspectiva tuturor ariilor medicale relevante afec\u021biunilor dumneavoastr\u0103. \u00cen func\u021bie de complexitatea cazului, echipa noastr\u0103 va stabili, \u00een urma consultului de specialitate, schema de tratament pe care trebuie s\u0103 o urma\u021bi, ocup\u00e2ndu-se cu profesionalism de partea de\u00a0<b>recuperare medical\u0103<\/b>.\u00a0<\/p>\n<\/div>\n<p><p>\n        <a href=\"\/contact\/\">Contacteaz\u0103-ne<\/a>\n    <\/p>\n<\/p>\n<p><img decoding=\"async\" src=\"\/wp-content\/uploads\/Kinetoterapia.jpg\" alt=\"Kinetoterapia\"><br \/>\n<img decoding=\"async\" src=\"\/wp-content\/uploads\/GOPR0428.jpg\" alt=\"Kinetoterapia\"><\/p>\n<p><!--more--><br \/>\n<!-- {\"children\":[{\"name\":\"Hero\",\"type\":\"section\",\"props\":{\"image_position\":\"center-center\",\"padding\":\"small\",\"padding_remove_bottom\":false,\"style\":\"muted\",\"title_breakpoint\":\"xl\",\"title_position\":\"top-left\",\"title_rotation\":\"left\",\"vertical_align\":\"\",\"width\":\"small\"},\"children\":[{\"type\":\"row\",\"children\":[{\"type\":\"column\",\"props\":{\"image_position\":\"center-center\",\"position_sticky_breakpoint\":\"m\",\"width_medium\":\"1-1\"},\"children\":[{\"type\":\"headline\",\"props\":{\"content\":\"<span class=\\\"uk-text-primary\\\">Kinetoterapia<\\\/span>\",\"margin_remove_bottom\":true,\"text_align_fallback\":\"center\",\"title_element\":\"h1\",\"title_style\":\"h1\"}},{\"type\":\"headline\",\"props\":{\"content\":\"te ajut\\u0103 s\\u0103 ai sistem muscular \\u0219i osos s\\u0103n\\u0103tos.\",\"margin\":\"small\",\"text_align_breakpoint\":\"m\",\"text_align_fallback\":\"center\",\"title_color\":\"muted\",\"title_decoration\":\"bullet\",\"title_element\":\"div\",\"title_style\":\"h5\"}},{\"type\":\"button\",\"props\":{\"button_size\":\"small\",\"grid_column_gap\":\"small\",\"grid_row_gap\":\"small\",\"margin\":\"default\"},\"children\":[{\"type\":\"button_item\",\"props\":{\"button_style\":\"primary\",\"content\":\"Aromaterapie\",\"dialog_layout\":\"modal\",\"dialog_offcanvas_flip\":true,\"icon_align\":\"left\",\"link\":\"aromaterapie\\\/\"}},{\"type\":\"button_item\",\"props\":{\"button_style\":\"primary\",\"content\":\"Meloterapie\",\"dialog_layout\":\"modal\",\"dialog_offcanvas_flip\":true,\"icon_align\":\"left\",\"link\":\"meloterapie\\\/\"}},{\"type\":\"button_item\",\"props\":{\"button_style\":\"primary\",\"content\":\"Vitaminoterapie\",\"dialog_layout\":\"modal\",\"dialog_offcanvas_flip\":true,\"icon_align\":\"left\",\"link\":\"vitaminoterapie\\\/\"}},{\"type\":\"button_item\",\"props\":{\"button_style\":\"primary\",\"content\":\"Pilates\",\"dialog_layout\":\"modal\",\"dialog_offcanvas_flip\":true,\"icon_align\":\"left\",\"link\":\"pilates\\\/\",\"status\":\"disabled\"}},{\"type\":\"button_item\",\"props\":{\"button_style\":\"primary\",\"content\":\"Yoga\",\"dialog_layout\":\"modal\",\"dialog_offcanvas_flip\":true,\"icon_align\":\"left\",\"link\":\"yoga\\\/\",\"status\":\"disabled\"}}]}]}]}]},{\"name\":\"Aromaterapie\",\"type\":\"section\",\"props\":{\"image_position\":\"center-center\",\"padding\":\"large\",\"style\":\"default\",\"title\":\"Kinetoterapie & Wellness\",\"title_breakpoint\":\"xl\",\"title_position\":\"top-right\",\"title_rotation\":\"left\",\"vertical_align\":\"\",\"width\":\"default\"},\"children\":[{\"type\":\"row\",\"props\":{\"column_gap\":\"large\",\"layout\":\"2-3,1-3\",\"row_gap\":\"large\"},\"children\":[{\"type\":\"column\",\"props\":{\"image_position\":\"center-center\",\"position_sticky_breakpoint\":\"m\",\"width_small\":\"2-3\"},\"children\":[{\"type\":\"text\",\"props\":{\"column_breakpoint\":\"m\",\"content\":\"\n\n<p style=\\\"text-align: justify;\\\">Terapia prin mi\\u0219care (din greaca veche - kinesis, care \\u00eenseamn\\u0103 mi\\u0219care \\u0219i therapia care \\u00eenseamn\\u0103 tratament) folose\\u0219te mi\\u0219c\\u0103rile active \\u0219i pasive cu scopul de a ajuta la\\u00a0<b>recuperarea unei func\\u021bii motorii c\\u00e2t mai complete.<\\\/b>\\u00a0La baza kinetoterapiei st\\u0103 exerci\\u021biul fizic, care are un rol extrem de important \\u00een refacerea func\\u021biilor \\u0219i a sistemelor mio-artro-kinetic \\u0219i cardio-respirator.\\u00a0<br \\\/><br \\\/>De aceea, la Nova Vita ve\\u021bi putea g\\u0103si o echip\\u0103 de fiziokinetoterapeuti preg\\u0103ti\\u021bi s\\u0103 va ajute prin perspectiva tuturor ariilor medicale relevante afec\\u021biunilor dumneavoastr\\u0103. \\u00cen func\\u021bie de complexitatea cazului, echipa noastr\\u0103 va stabili, \\u00een urma consultului de specialitate, schema de tratament pe care trebuie s\\u0103 o urma\\u021bi, ocup\\u00e2ndu-se cu profesionalism de partea de\\u00a0<b>recuperare medical\\u0103<\\\/b>.\\u00a0<\\\/p>\",\"margin\":\"large\",\"text_align_breakpoint\":\"m\",\"text_align_fallback\":\"center\"}},{\"type\":\"button\",\"props\":{\"fullwidth\":false,\"grid_column_gap\":\"\",\"grid_row_gap\":\"\",\"margin\":\"default\",\"text_align_breakpoint\":\"m\",\"text_align_fallback\":\"center\"},\"children\":[{\"type\":\"button_item\",\"props\":{\"button_style\":\"text\",\"content\":\"Contacteaz\\u0103-ne\",\"dialog_layout\":\"modal\",\"dialog_offcanvas_flip\":true,\"icon\":\"arrow-right\",\"icon_align\":\"right\",\"link\":\"contact\\\/\"}}]}]},{\"type\":\"column\",\"props\":{\"image_position\":\"center-center\",\"position_sticky_breakpoint\":\"m\",\"width_small\":\"1-3\"},\"children\":[{\"type\":\"image\",\"props\":{\"image\":\"wp-content\\\/uploads\\\/Kinetoterapia.jpg\",\"image_alt\":\"Kinetoterapia\",\"image_border\":\"rounded\",\"image_box_shadow\":\"medium\",\"image_svg_color\":\"emphasis\",\"image_svg_inline\":false,\"margin\":\"default\"}},{\"type\":\"image\",\"props\":{\"image\":\"wp-content\\\/uploads\\\/GOPR0428.jpg\",\"image_alt\":\"Kinetoterapia\",\"image_border\":\"rounded\",\"image_box_shadow\":\"medium\",\"image_svg_color\":\"emphasis\",\"image_svg_inline\":false,\"margin\":\"default\"}}]}]}]}],\"version\":\"4.5.31\",\"type\":\"layout\"} --><\/p>\n","protected":false},"excerpt":{"rendered":"<p>Kinetoterapia te ajut\u0103 s\u0103 ai sistem muscular \u0219i osos s\u0103n\u0103tos. Aromaterapie Meloterapie Vitaminoterapie Terapia prin mi\u0219care (din greaca veche &#8211; kinesis, care \u00eenseamn\u0103 mi\u0219care \u0219i therapia care \u00eenseamn\u0103 tratament) folose\u0219te mi\u0219c\u0103rile active \u0219i pasive cu scopul de a ajuta la\u00a0recuperarea unei func\u021bii motorii c\u00e2t mai complete.\u00a0La baza kinetoterapiei st\u0103 exerci\u021biul fizic, care are un rol [&hellip;]<\/p>\n","protected":false},"author":7,"featured_media":0,"parent":0,"menu_order":0,"comment_status":"closed","ping_status":"closed","template":"","meta":{"footnotes":""},"class_list":["post-168","page","type-page","status-publish","hentry"],"yoast_head":"<!-- This site is optimized with the Yoast SEO plugin v27.2 - https:\/\/yoast.com\/product\/yoast-seo-wordpress\/ -->\n<title>Kinetoterapie - Nova Vita Clinic Oradea<\/title>\n<meta name=\"robots\" content=\"index, follow, max-snippet:-1, max-image-preview:large, max-video-preview:-1\" \/>\n<link rel=\"canonical\" href=\"https:\/\/novavita.ro\/en\/kinetotherapy\/\" \/>\n<meta property=\"og:locale\" content=\"en_US\" \/>\n<meta property=\"og:type\" content=\"article\" \/>\n<meta property=\"og:title\" content=\"Kinetoterapie - Nova Vita Clinic Oradea\" \/>\n<meta property=\"og:description\" content=\"Kinetoterapia te ajut\u0103 s\u0103 ai sistem muscular \u0219i osos s\u0103n\u0103tos. Aromaterapie Meloterapie Vitaminoterapie Terapia prin mi\u0219care (din greaca veche &#8211; kinesis, care \u00eenseamn\u0103 mi\u0219care \u0219i therapia care \u00eenseamn\u0103 tratament) folose\u0219te mi\u0219c\u0103rile active \u0219i pasive cu scopul de a ajuta la\u00a0recuperarea unei func\u021bii motorii c\u00e2t mai complete.\u00a0La baza kinetoterapiei st\u0103 exerci\u021biul fizic, care are un rol [&hellip;]\" \/>\n<meta property=\"og:url\" content=\"https:\/\/novavita.ro\/en\/kinetotherapy\/\" \/>\n<meta property=\"og:site_name\" content=\"Nova Vita Clinic Oradea\" \/>\n<meta property=\"article:modified_time\" content=\"2025-11-11T15:41:18+00:00\" \/>\n<meta name=\"twitter:card\" content=\"summary_large_image\" \/>\n<meta name=\"twitter:label1\" content=\"Est. reading time\" \/>\n\t<meta name=\"twitter:data1\" content=\"1 minute\" \/>\n<script type=\"application\/ld+json\" class=\"yoast-schema-graph\">{\"@context\":\"https:\/\/schema.org\",\"@graph\":[{\"@type\":\"WebPage\",\"@id\":\"https:\/\/novavita.ro\/kinetoterapie\/\",\"url\":\"https:\/\/novavita.ro\/kinetoterapie\/\",\"name\":\"Kinetoterapie - Nova Vita Clinic Oradea\",\"isPartOf\":{\"@id\":\"https:\/\/novavita.ro\/#website\"},\"datePublished\":\"2019-04-18T11:53:23+00:00\",\"dateModified\":\"2025-11-11T15:41:18+00:00\",\"breadcrumb\":{\"@id\":\"https:\/\/novavita.ro\/kinetoterapie\/#breadcrumb\"},\"inLanguage\":\"en-US\",\"potentialAction\":[{\"@type\":\"ReadAction\",\"target\":[\"https:\/\/novavita.ro\/kinetoterapie\/\"]}]},{\"@type\":\"BreadcrumbList\",\"@id\":\"https:\/\/novavita.ro\/kinetoterapie\/#breadcrumb\",\"itemListElement\":[{\"@type\":\"ListItem\",\"position\":1,\"name\":\"Prima pagin\u0103\",\"item\":\"https:\/\/novavita.ro\/\"},{\"@type\":\"ListItem\",\"position\":2,\"name\":\"Kinetoterapie\"}]},{\"@type\":\"WebSite\",\"@id\":\"https:\/\/novavita.ro\/#website\",\"url\":\"https:\/\/novavita.ro\/\",\"name\":\"Nova Vita Clinic Oradea\",\"description\":\"Clinic\u0103 de estetic\u0103 medical\u0103.\",\"potentialAction\":[{\"@type\":\"SearchAction\",\"target\":{\"@type\":\"EntryPoint\",\"urlTemplate\":\"https:\/\/novavita.ro\/?s={search_term_string}\"},\"query-input\":{\"@type\":\"PropertyValueSpecification\",\"valueRequired\":true,\"valueName\":\"search_term_string\"}}],\"inLanguage\":\"en-US\"}]}<\/script>\n<!-- \/ Yoast SEO plugin. -->","yoast_head_json":{"title":"Kinetoterapie - Nova Vita Clinic Oradea","robots":{"index":"index","follow":"follow","max-snippet":"max-snippet:-1","max-image-preview":"max-image-preview:large","max-video-preview":"max-video-preview:-1"},"canonical":"https:\/\/novavita.ro\/en\/kinetotherapy\/","og_locale":"en_US","og_type":"article","og_title":"Kinetoterapie - Nova Vita Clinic Oradea","og_description":"Kinetoterapia te ajut\u0103 s\u0103 ai sistem muscular \u0219i osos s\u0103n\u0103tos. Aromaterapie Meloterapie Vitaminoterapie Terapia prin mi\u0219care (din greaca veche &#8211; kinesis, care \u00eenseamn\u0103 mi\u0219care \u0219i therapia care \u00eenseamn\u0103 tratament) folose\u0219te mi\u0219c\u0103rile active \u0219i pasive cu scopul de a ajuta la\u00a0recuperarea unei func\u021bii motorii c\u00e2t mai complete.\u00a0La baza kinetoterapiei st\u0103 exerci\u021biul fizic, care are un rol [&hellip;]","og_url":"https:\/\/novavita.ro\/en\/kinetotherapy\/","og_site_name":"Nova Vita Clinic Oradea","article_modified_time":"2025-11-11T15:41:18+00:00","twitter_card":"summary_large_image","twitter_misc":{"Est. reading time":"1 minute"},"schema":{"@context":"https:\/\/schema.org","@graph":[{"@type":"WebPage","@id":"https:\/\/novavita.ro\/kinetoterapie\/","url":"https:\/\/novavita.ro\/kinetoterapie\/","name":"Kinetoterapie - Nova Vita Clinic Oradea","isPartOf":{"@id":"https:\/\/novavita.ro\/#website"},"datePublished":"2019-04-18T11:53:23+00:00","dateModified":"2025-11-11T15:41:18+00:00","breadcrumb":{"@id":"https:\/\/novavita.ro\/kinetoterapie\/#breadcrumb"},"inLanguage":"en-US","potentialAction":[{"@type":"ReadAction","target":["https:\/\/novavita.ro\/kinetoterapie\/"]}]},{"@type":"BreadcrumbList","@id":"https:\/\/novavita.ro\/kinetoterapie\/#breadcrumb","itemListElement":[{"@type":"ListItem","position":1,"name":"Prima pagin\u0103","item":"https:\/\/novavita.ro\/"},{"@type":"ListItem","position":2,"name":"Kinetoterapie"}]},{"@type":"WebSite","@id":"https:\/\/novavita.ro\/#website","url":"https:\/\/novavita.ro\/","name":"Nova Vita Clinic Oradea","description":"Clinic\u0103 de estetic\u0103 medical\u0103.","potentialAction":[{"@type":"SearchAction","target":{"@type":"EntryPoint","urlTemplate":"https:\/\/novavita.ro\/?s={search_term_string}"},"query-input":{"@type":"PropertyValueSpecification","valueRequired":true,"valueName":"search_term_string"}}],"inLanguage":"en-US"}]}},"jetpack_sharing_enabled":true,"_links":{"self":[{"href":"https:\/\/novavita.ro\/en\/wp-json\/wp\/v2\/pages\/168","targetHints":{"allow":["GET"]}}],"collection":[{"href":"https:\/\/novavita.ro\/en\/wp-json\/wp\/v2\/pages"}],"about":[{"href":"https:\/\/novavita.ro\/en\/wp-json\/wp\/v2\/types\/page"}],"author":[{"embeddable":true,"href":"https:\/\/novavita.ro\/en\/wp-json\/wp\/v2\/users\/7"}],"replies":[{"embeddable":true,"href":"https:\/\/novavita.ro\/en\/wp-json\/wp\/v2\/comments?post=168"}],"version-history":[{"count":3,"href":"https:\/\/novavita.ro\/en\/wp-json\/wp\/v2\/pages\/168\/revisions"}],"predecessor-version":[{"id":2135,"href":"https:\/\/novavita.ro\/en\/wp-json\/wp\/v2\/pages\/168\/revisions\/2135"}],"wp:attachment":[{"href":"https:\/\/novavita.ro\/en\/wp-json\/wp\/v2\/media?parent=168"}],"curies":[{"name":"wp","href":"https:\/\/api.w.org\/{rel}","templated":true}]}}