{"id":170,"date":"2019-04-18T13:53:55","date_gmt":"2019-04-18T11:53:55","guid":{"rendered":"http:\/\/novavita.ro\/?page_id=170"},"modified":"2025-11-11T18:41:02","modified_gmt":"2025-11-11T15:41:02","slug":"vitaminoterapie","status":"publish","type":"page","link":"https:\/\/novavita.ro\/en\/vitaminoterapie\/","title":{"rendered":"Vitamin therapy"},"content":{"rendered":"<h1><span class=\"uk-text-primary\">Vitaminoterapie<\/span><\/h1>\n<div>Tratament medical cu ajutorul vitaminelor<\/div>\n<ul>\n<li>\n<p>\n        <a href=\"\/aromaterapie\/\">Aromaterapie<\/a>\n    <\/p>\n<\/li>\n<li>\n<p>\n        <a href=\"\/meloterapie\/\">Meloterapie<\/a>\n    <\/p>\n<\/li>\n<li>\n<p>\n        <a href=\"\/kinetoterapie\/\">Kinetoterapie<\/a>\n    <\/p>\n<\/li>\n<\/ul>\n<div>\n<p style=\"text-align: justify;\">Vitaminoterapia are un\u00a0<b>efect de energizare \u0219i revigorare aproape instantaneu<\/b>\u00a0\u0219i reduce la fel de rapid simptomele aferente unor probleme de s\u0103n\u0103tate precum alergiile, atacurile de astm, diferitele tipuri de dureri, problemele respiratorii, infec\u021biile acute, r\u0103celile \u0219i virozele etc.\u00a0<\/p>\n<p>Tratamentele repetate cu vitamine duc la u\u0219urarea simptomelor acestor afec\u021biuni \u0219i p\u00e2n\u0103 la dispari\u021bia completa a acestora, cu\u00a0<b>efecte imediata \u0219i de durat\u0103 \u0219i f\u0103r\u0103 efecte secundare sau dependen\u021b\u0103<\/b>. Cu toate astea, tratamentele medicale cu vitamine sunt \u00eenc\u0103 un subiect controversat \u0219i acestea trebuie <b>aplicate doar de c\u0103tre un specialist \u00een domeniu<\/b>, pentru a evita eventualele nepl\u0103ceri \u0219i efecte nedorite create de folosirea unei cantit\u0103\u021bi sau a unor cocktailuri nepotrivite de vitamine.\u00a0\u00a0<\/p>\n<\/div>\n<p><p>\n        <a href=\"\/contact\/\">Contacteaz\u0103-ne<\/a>\n    <\/p>\n<\/p>\n<p><img decoding=\"async\" src=\"\/wp-content\/uploads\/Vitaminoterapie.jpg\" alt=\"Vitaminoterapie\"><\/p>\n<p><!--more--><br \/>\n<!-- {\"name\":\"Servicii-0423-2\",\"type\":\"layout\",\"children\":[{\"name\":\"Hero\",\"type\":\"section\",\"props\":{\"image_position\":\"center-center\",\"padding\":\"small\",\"padding_remove_bottom\":false,\"style\":\"muted\",\"title_breakpoint\":\"xl\",\"title_position\":\"top-left\",\"title_rotation\":\"left\",\"vertical_align\":\"\",\"width\":\"small\"},\"children\":[{\"type\":\"row\",\"children\":[{\"type\":\"column\",\"props\":{\"image_position\":\"center-center\",\"position_sticky_breakpoint\":\"m\",\"width_medium\":\"1-1\"},\"children\":[{\"type\":\"headline\",\"props\":{\"content\":\"<span class=\\\"uk-text-primary\\\">Vitaminoterapie<\\\/span>\",\"margin_remove_bottom\":true,\"text_align_fallback\":\"center\",\"title_element\":\"h1\",\"title_style\":\"h1\"}},{\"type\":\"headline\",\"props\":{\"content\":\"Tratament medical cu ajutorul vitaminelor\",\"margin\":\"small\",\"text_align_breakpoint\":\"m\",\"text_align_fallback\":\"center\",\"title_color\":\"muted\",\"title_decoration\":\"bullet\",\"title_element\":\"div\",\"title_style\":\"h5\"}},{\"type\":\"button\",\"props\":{\"button_size\":\"small\",\"grid_column_gap\":\"small\",\"grid_row_gap\":\"small\",\"margin\":\"default\"},\"children\":[{\"type\":\"button_item\",\"props\":{\"button_style\":\"primary\",\"content\":\"Aromaterapie\",\"dialog_layout\":\"modal\",\"dialog_offcanvas_flip\":true,\"icon_align\":\"left\",\"link\":\"aromaterapie\\\/\"}},{\"type\":\"button_item\",\"props\":{\"button_style\":\"primary\",\"content\":\"Meloterapie\",\"dialog_layout\":\"modal\",\"dialog_offcanvas_flip\":true,\"icon_align\":\"left\",\"link\":\"meloterapie\\\/\"}},{\"type\":\"button_item\",\"props\":{\"button_style\":\"primary\",\"content\":\"Kinetoterapie\",\"dialog_layout\":\"modal\",\"dialog_offcanvas_flip\":true,\"icon_align\":\"left\",\"link\":\"kinetoterapie\\\/\"}},{\"type\":\"button_item\",\"props\":{\"button_style\":\"primary\",\"content\":\"Pilates\",\"dialog_layout\":\"modal\",\"dialog_offcanvas_flip\":true,\"icon_align\":\"left\",\"link\":\"pilates\\\/\",\"status\":\"disabled\"}},{\"type\":\"button_item\",\"props\":{\"button_style\":\"primary\",\"content\":\"Yoga\",\"dialog_layout\":\"modal\",\"dialog_offcanvas_flip\":true,\"icon_align\":\"left\",\"link\":\"yoga\\\/\",\"status\":\"disabled\"}}]}]}]}]},{\"name\":\"Aromaterapie\",\"type\":\"section\",\"props\":{\"image_position\":\"center-center\",\"padding\":\"large\",\"style\":\"default\",\"title\":\"Meloterapia & Wellness\",\"title_breakpoint\":\"xl\",\"title_position\":\"top-right\",\"title_rotation\":\"left\",\"vertical_align\":\"\",\"width\":\"default\"},\"children\":[{\"type\":\"row\",\"props\":{\"column_gap\":\"large\",\"layout\":\"2-3,1-3\",\"row_gap\":\"large\"},\"children\":[{\"type\":\"column\",\"props\":{\"image_position\":\"center-center\",\"position_sticky_breakpoint\":\"m\",\"width_small\":\"2-3\"},\"children\":[{\"type\":\"text\",\"props\":{\"column_breakpoint\":\"m\",\"content\":\"\n\n<p style=\\\"text-align: justify;\\\">Vitaminoterapia are un\\u00a0<b>efect de energizare \\u0219i revigorare aproape instantaneu<\\\/b>\\u00a0\\u0219i reduce la fel de rapid simptomele aferente unor probleme de s\\u0103n\\u0103tate precum alergiile, atacurile de astm, diferitele tipuri de dureri, problemele respiratorii, infec\\u021biile acute, r\\u0103celile \\u0219i virozele etc.\\u00a0<br \\\/><br \\\/>Tratamentele repetate cu vitamine duc la u\\u0219urarea simptomelor acestor afec\\u021biuni \\u0219i p\\u00e2n\\u0103 la dispari\\u021bia completa a acestora, cu\\u00a0<b>efecte imediata \\u0219i de durat\\u0103 \\u0219i f\\u0103r\\u0103 efecte secundare sau dependen\\u021b\\u0103<\\\/b>. Cu toate astea, tratamentele medicale cu vitamine sunt \\u00eenc\\u0103 un subiect controversat \\u0219i acestea trebuie <b>aplicate doar de c\\u0103tre un specialist \\u00een domeniu<\\\/b>, pentru a evita eventualele nepl\\u0103ceri \\u0219i efecte nedorite create de folosirea unei cantit\\u0103\\u021bi sau a unor cocktailuri nepotrivite de vitamine.\\u00a0\\u00a0<\\\/p>\",\"margin\":\"large\",\"text_align_breakpoint\":\"m\",\"text_align_fallback\":\"center\"}},{\"type\":\"button\",\"props\":{\"fullwidth\":false,\"grid_column_gap\":\"\",\"grid_row_gap\":\"\",\"margin\":\"default\",\"text_align_breakpoint\":\"m\",\"text_align_fallback\":\"center\"},\"children\":[{\"type\":\"button_item\",\"props\":{\"button_style\":\"text\",\"content\":\"Contacteaz\\u0103-ne\",\"dialog_layout\":\"modal\",\"dialog_offcanvas_flip\":true,\"icon\":\"arrow-right\",\"icon_align\":\"right\",\"link\":\"contact\\\/\"}}]}]},{\"type\":\"column\",\"props\":{\"image_position\":\"center-center\",\"position_sticky_breakpoint\":\"m\",\"width_small\":\"1-3\"},\"children\":[{\"type\":\"image\",\"props\":{\"image\":\"wp-content\\\/uploads\\\/Vitaminoterapie.jpg\",\"image_alt\":\"Vitaminoterapie\",\"image_border\":\"rounded\",\"image_box_shadow\":\"medium\",\"image_height\":\"700\",\"image_svg_color\":\"emphasis\",\"image_svg_inline\":false,\"image_width\":\"700\",\"margin\":\"default\"}}]}]}]}],\"version\":\"4.5.31\"} --><\/p>\n","protected":false},"excerpt":{"rendered":"<p>Vitaminoterapie Tratament medical cu ajutorul vitaminelor Aromaterapie Meloterapie Kinetoterapie Vitaminoterapia are un\u00a0efect de energizare \u0219i revigorare aproape instantaneu\u00a0\u0219i reduce la fel de rapid simptomele aferente unor probleme de s\u0103n\u0103tate precum alergiile, atacurile de astm, diferitele tipuri de dureri, problemele respiratorii, infec\u021biile acute, r\u0103celile \u0219i virozele etc.\u00a0 Tratamentele repetate cu vitamine duc la u\u0219urarea simptomelor acestor [&hellip;]<\/p>\n","protected":false},"author":7,"featured_media":0,"parent":0,"menu_order":0,"comment_status":"closed","ping_status":"closed","template":"","meta":{"footnotes":""},"class_list":["post-170","page","type-page","status-publish","hentry"],"yoast_head":"<!-- This site is optimized with the Yoast SEO plugin v27.2 - https:\/\/yoast.com\/product\/yoast-seo-wordpress\/ -->\n<title>Vitaminoterapie - Nova Vita Clinic Oradea<\/title>\n<meta name=\"robots\" content=\"index, follow, max-snippet:-1, max-image-preview:large, max-video-preview:-1\" \/>\n<link rel=\"canonical\" href=\"https:\/\/novavita.ro\/en\/vitamin-therapy\/\" \/>\n<meta property=\"og:locale\" content=\"en_US\" \/>\n<meta property=\"og:type\" content=\"article\" \/>\n<meta property=\"og:title\" content=\"Vitaminoterapie - Nova Vita Clinic Oradea\" \/>\n<meta property=\"og:description\" content=\"Vitaminoterapie Tratament medical cu ajutorul vitaminelor Aromaterapie Meloterapie Kinetoterapie Vitaminoterapia are un\u00a0efect de energizare \u0219i revigorare aproape instantaneu\u00a0\u0219i reduce la fel de rapid simptomele aferente unor probleme de s\u0103n\u0103tate precum alergiile, atacurile de astm, diferitele tipuri de dureri, problemele respiratorii, infec\u021biile acute, r\u0103celile \u0219i virozele etc.\u00a0 Tratamentele repetate cu vitamine duc la u\u0219urarea simptomelor acestor [&hellip;]\" \/>\n<meta property=\"og:url\" content=\"https:\/\/novavita.ro\/en\/vitamin-therapy\/\" \/>\n<meta property=\"og:site_name\" content=\"Nova Vita Clinic Oradea\" \/>\n<meta property=\"article:modified_time\" content=\"2025-11-11T15:41:02+00:00\" \/>\n<meta name=\"twitter:card\" content=\"summary_large_image\" \/>\n<meta name=\"twitter:label1\" content=\"Est. reading time\" \/>\n\t<meta name=\"twitter:data1\" content=\"1 minute\" \/>\n<script type=\"application\/ld+json\" class=\"yoast-schema-graph\">{\"@context\":\"https:\/\/schema.org\",\"@graph\":[{\"@type\":\"WebPage\",\"@id\":\"https:\/\/novavita.ro\/vitaminoterapie\/\",\"url\":\"https:\/\/novavita.ro\/vitaminoterapie\/\",\"name\":\"Vitaminoterapie - Nova Vita Clinic Oradea\",\"isPartOf\":{\"@id\":\"https:\/\/novavita.ro\/#website\"},\"datePublished\":\"2019-04-18T11:53:55+00:00\",\"dateModified\":\"2025-11-11T15:41:02+00:00\",\"breadcrumb\":{\"@id\":\"https:\/\/novavita.ro\/vitaminoterapie\/#breadcrumb\"},\"inLanguage\":\"en-US\",\"potentialAction\":[{\"@type\":\"ReadAction\",\"target\":[\"https:\/\/novavita.ro\/vitaminoterapie\/\"]}]},{\"@type\":\"BreadcrumbList\",\"@id\":\"https:\/\/novavita.ro\/vitaminoterapie\/#breadcrumb\",\"itemListElement\":[{\"@type\":\"ListItem\",\"position\":1,\"name\":\"Prima pagin\u0103\",\"item\":\"https:\/\/novavita.ro\/\"},{\"@type\":\"ListItem\",\"position\":2,\"name\":\"Vitaminoterapie\"}]},{\"@type\":\"WebSite\",\"@id\":\"https:\/\/novavita.ro\/#website\",\"url\":\"https:\/\/novavita.ro\/\",\"name\":\"Nova Vita Clinic Oradea\",\"description\":\"Clinic\u0103 de estetic\u0103 medical\u0103.\",\"potentialAction\":[{\"@type\":\"SearchAction\",\"target\":{\"@type\":\"EntryPoint\",\"urlTemplate\":\"https:\/\/novavita.ro\/?s={search_term_string}\"},\"query-input\":{\"@type\":\"PropertyValueSpecification\",\"valueRequired\":true,\"valueName\":\"search_term_string\"}}],\"inLanguage\":\"en-US\"}]}<\/script>\n<!-- \/ Yoast SEO plugin. -->","yoast_head_json":{"title":"Vitaminoterapie - Nova Vita Clinic Oradea","robots":{"index":"index","follow":"follow","max-snippet":"max-snippet:-1","max-image-preview":"max-image-preview:large","max-video-preview":"max-video-preview:-1"},"canonical":"https:\/\/novavita.ro\/en\/vitamin-therapy\/","og_locale":"en_US","og_type":"article","og_title":"Vitaminoterapie - Nova Vita Clinic Oradea","og_description":"Vitaminoterapie Tratament medical cu ajutorul vitaminelor Aromaterapie Meloterapie Kinetoterapie Vitaminoterapia are un\u00a0efect de energizare \u0219i revigorare aproape instantaneu\u00a0\u0219i reduce la fel de rapid simptomele aferente unor probleme de s\u0103n\u0103tate precum alergiile, atacurile de astm, diferitele tipuri de dureri, problemele respiratorii, infec\u021biile acute, r\u0103celile \u0219i virozele etc.\u00a0 Tratamentele repetate cu vitamine duc la u\u0219urarea simptomelor acestor [&hellip;]","og_url":"https:\/\/novavita.ro\/en\/vitamin-therapy\/","og_site_name":"Nova Vita Clinic Oradea","article_modified_time":"2025-11-11T15:41:02+00:00","twitter_card":"summary_large_image","twitter_misc":{"Est. reading time":"1 minute"},"schema":{"@context":"https:\/\/schema.org","@graph":[{"@type":"WebPage","@id":"https:\/\/novavita.ro\/vitaminoterapie\/","url":"https:\/\/novavita.ro\/vitaminoterapie\/","name":"Vitaminoterapie - Nova Vita Clinic Oradea","isPartOf":{"@id":"https:\/\/novavita.ro\/#website"},"datePublished":"2019-04-18T11:53:55+00:00","dateModified":"2025-11-11T15:41:02+00:00","breadcrumb":{"@id":"https:\/\/novavita.ro\/vitaminoterapie\/#breadcrumb"},"inLanguage":"en-US","potentialAction":[{"@type":"ReadAction","target":["https:\/\/novavita.ro\/vitaminoterapie\/"]}]},{"@type":"BreadcrumbList","@id":"https:\/\/novavita.ro\/vitaminoterapie\/#breadcrumb","itemListElement":[{"@type":"ListItem","position":1,"name":"Prima pagin\u0103","item":"https:\/\/novavita.ro\/"},{"@type":"ListItem","position":2,"name":"Vitaminoterapie"}]},{"@type":"WebSite","@id":"https:\/\/novavita.ro\/#website","url":"https:\/\/novavita.ro\/","name":"Nova Vita Clinic Oradea","description":"Clinic\u0103 de estetic\u0103 medical\u0103.","potentialAction":[{"@type":"SearchAction","target":{"@type":"EntryPoint","urlTemplate":"https:\/\/novavita.ro\/?s={search_term_string}"},"query-input":{"@type":"PropertyValueSpecification","valueRequired":true,"valueName":"search_term_string"}}],"inLanguage":"en-US"}]}},"jetpack_sharing_enabled":true,"_links":{"self":[{"href":"https:\/\/novavita.ro\/en\/wp-json\/wp\/v2\/pages\/170","targetHints":{"allow":["GET"]}}],"collection":[{"href":"https:\/\/novavita.ro\/en\/wp-json\/wp\/v2\/pages"}],"about":[{"href":"https:\/\/novavita.ro\/en\/wp-json\/wp\/v2\/types\/page"}],"author":[{"embeddable":true,"href":"https:\/\/novavita.ro\/en\/wp-json\/wp\/v2\/users\/7"}],"replies":[{"embeddable":true,"href":"https:\/\/novavita.ro\/en\/wp-json\/wp\/v2\/comments?post=170"}],"version-history":[{"count":3,"href":"https:\/\/novavita.ro\/en\/wp-json\/wp\/v2\/pages\/170\/revisions"}],"predecessor-version":[{"id":2134,"href":"https:\/\/novavita.ro\/en\/wp-json\/wp\/v2\/pages\/170\/revisions\/2134"}],"wp:attachment":[{"href":"https:\/\/novavita.ro\/en\/wp-json\/wp\/v2\/media?parent=170"}],"curies":[{"name":"wp","href":"https:\/\/api.w.org\/{rel}","templated":true}]}}