{"id":176,"date":"2019-04-18T13:55:09","date_gmt":"2019-04-18T11:55:09","guid":{"rendered":"http:\/\/novavita.ro\/?page_id=176"},"modified":"2025-11-11T18:41:32","modified_gmt":"2025-11-11T15:41:32","slug":"meloterapie","status":"publish","type":"page","link":"https:\/\/novavita.ro\/en\/meloterapie\/","title":{"rendered":"Melo Therapy"},"content":{"rendered":"<h1>Meloterapia<\/h1>\n<div>Este un univers bogat ce poate \u00eenso\u0163i orice form\u0103 de activitate<\/div>\n<ul>\n<li>\n<p>\n        <a href=\"\/aromaterapie\/\">Aromaterapie<\/a>\n    <\/p>\n<\/li>\n<li>\n<p>\n        <a href=\"\/kinetoterapie\/\">Kinetoterapie<\/a>\n    <\/p>\n<\/li>\n<li>\n<p>\n        <a href=\"\/vitaminoterapie\/\">Vitaminoterapie<\/a>\n    <\/p>\n<\/li>\n<\/ul>\n<div>\n<p style=\"text-align: justify;\">Cunoscut\u0103 \u00eenc\u0103 din perioada Antichit\u0103\u021bii, meloterapia era o practic\u0103 t\u0103m\u0103duitoare folosit\u0103 cu scopul de a-i \u00eencuraja pe cei care plecau la lupt\u0103 \u0219i de a-i revigora pe cei deprima\u021bi. Mai recent \u00eens\u0103, studiile \u00een domeniu arat\u0103 c\u0103 influen\u021bele sonore armonioase ale meloterapiei\u00a0<b>modific\u0103 cu succes undele cerebrale \u0219i frecven\u021ba cardiac\u0103,<\/b>\u00a0pentru a \u00eembun\u0103t\u0103\u021bi calitatea vie\u021bii a pacien\u021bilor.<\/p>\n<p>Al\u0103turi de aromaterapie, \u00een terapia cu muzic\u0103 se folosesc<b>\u00a0toate fa\u021betele ei &#8211; fizice, emo\u021bionale, psihice, sociale, estetice \u0219i spirituale &#8211;<\/b>\u00a0pentru a spori s\u0103n\u0103tatea clien\u021bilor pe mai multe planuri. Cu ajutorul experien\u021belor muzicale active \u0219i receptive, terapeutul muzical poate ajuta clien\u021bii s\u0103 \u00ee\u0219i\u00a0<b>\u00eembun\u0103t\u0103\u021beasc\u0103 s\u0103n\u0103tatea din punct de vedere cognitiv, motor, emo\u021bional, social, senzorial \u0219i educa\u021bional.<\/b><b>\u00a0<\/b><\/p>\n<\/div>\n<p><p>\n        <a href=\"\/contact\/\">Contacteaz\u0103-ne<\/a>\n    <\/p>\n<\/p>\n<p><img decoding=\"async\" src=\"\/wp-content\/uploads\/meloterapie-01.jpg\" alt=\"Meloterapie\"><\/p>\n<p><!--more--><br \/>\n<!-- {\"children\":[{\"name\":\"Hero\",\"type\":\"section\",\"props\":{\"image_position\":\"center-center\",\"padding\":\"small\",\"padding_remove_bottom\":false,\"style\":\"muted\",\"title_breakpoint\":\"xl\",\"title_position\":\"top-left\",\"title_rotation\":\"left\",\"vertical_align\":\"\",\"width\":\"small\"},\"children\":[{\"type\":\"row\",\"children\":[{\"type\":\"column\",\"props\":{\"image_position\":\"center-center\",\"position_sticky_breakpoint\":\"m\",\"width_medium\":\"1-1\"},\"children\":[{\"type\":\"headline\",\"props\":{\"content\":\"Meloterapia\",\"margin_remove_bottom\":true,\"text_align_fallback\":\"center\",\"title_element\":\"h1\"}},{\"type\":\"headline\",\"props\":{\"content\":\"Este un univers bogat ce poate \\u00eenso\\u0163i orice form\\u0103 de activitate\",\"margin\":\"small\",\"text_align_breakpoint\":\"m\",\"text_align_fallback\":\"center\",\"title_color\":\"muted\",\"title_decoration\":\"bullet\",\"title_element\":\"div\",\"title_style\":\"h5\"}},{\"type\":\"button\",\"props\":{\"button_size\":\"small\",\"grid_column_gap\":\"small\",\"grid_row_gap\":\"small\",\"margin\":\"default\"},\"children\":[{\"type\":\"button_item\",\"props\":{\"button_style\":\"primary\",\"content\":\"Aromaterapie\",\"dialog_layout\":\"modal\",\"dialog_offcanvas_flip\":true,\"icon_align\":\"left\",\"link\":\"aromaterapie\\\/\"}},{\"type\":\"button_item\",\"props\":{\"button_style\":\"primary\",\"content\":\"Kinetoterapie\",\"dialog_layout\":\"modal\",\"dialog_offcanvas_flip\":true,\"icon_align\":\"left\",\"link\":\"kinetoterapie\\\/\"}},{\"type\":\"button_item\",\"props\":{\"button_style\":\"primary\",\"content\":\"Vitaminoterapie\",\"dialog_layout\":\"modal\",\"dialog_offcanvas_flip\":true,\"icon_align\":\"left\",\"link\":\"vitaminoterapie\\\/\"}},{\"type\":\"button_item\",\"props\":{\"button_style\":\"primary\",\"content\":\"Pilates\",\"dialog_layout\":\"modal\",\"dialog_offcanvas_flip\":true,\"icon_align\":\"left\",\"link\":\"pilates\\\/\",\"status\":\"disabled\"}},{\"type\":\"button_item\",\"props\":{\"button_style\":\"primary\",\"content\":\"Yoga\",\"dialog_layout\":\"modal\",\"dialog_offcanvas_flip\":true,\"icon_align\":\"left\",\"link\":\"yoga\\\/\",\"status\":\"disabled\"}}]}]}]}]},{\"name\":\"Aromaterapie\",\"type\":\"section\",\"props\":{\"image_position\":\"center-center\",\"padding\":\"large\",\"style\":\"default\",\"title\":\"Meloterapia & Wellness\",\"title_breakpoint\":\"xl\",\"title_position\":\"top-right\",\"title_rotation\":\"left\",\"vertical_align\":\"\",\"width\":\"default\"},\"children\":[{\"type\":\"row\",\"props\":{\"column_gap\":\"large\",\"layout\":\"2-3,1-3\",\"row_gap\":\"large\"},\"children\":[{\"type\":\"column\",\"props\":{\"image_position\":\"center-center\",\"position_sticky_breakpoint\":\"m\",\"width_small\":\"2-3\"},\"children\":[{\"type\":\"text\",\"props\":{\"column_breakpoint\":\"m\",\"content\":\"\n\n<p style=\\\"text-align: justify;\\\">Cunoscut\\u0103 \\u00eenc\\u0103 din perioada Antichit\\u0103\\u021bii, meloterapia era o practic\\u0103 t\\u0103m\\u0103duitoare folosit\\u0103 cu scopul de a-i \\u00eencuraja pe cei care plecau la lupt\\u0103 \\u0219i de a-i revigora pe cei deprima\\u021bi. Mai recent \\u00eens\\u0103, studiile \\u00een domeniu arat\\u0103 c\\u0103 influen\\u021bele sonore armonioase ale meloterapiei\\u00a0<b>modific\\u0103 cu succes undele cerebrale \\u0219i frecven\\u021ba cardiac\\u0103,<\\\/b>\\u00a0pentru a \\u00eembun\\u0103t\\u0103\\u021bi calitatea vie\\u021bii a pacien\\u021bilor.<br \\\/><br \\\/>Al\\u0103turi de aromaterapie, \\u00een terapia cu muzic\\u0103 se folosesc<b>\\u00a0toate fa\\u021betele ei - fizice, emo\\u021bionale, psihice, sociale, estetice \\u0219i spirituale -<\\\/b>\\u00a0pentru a spori s\\u0103n\\u0103tatea clien\\u021bilor pe mai multe planuri. Cu ajutorul experien\\u021belor muzicale active \\u0219i receptive, terapeutul muzical poate ajuta clien\\u021bii s\\u0103 \\u00ee\\u0219i\\u00a0<b>\\u00eembun\\u0103t\\u0103\\u021beasc\\u0103 s\\u0103n\\u0103tatea din punct de vedere cognitiv, motor, emo\\u021bional, social, senzorial \\u0219i educa\\u021bional.<\\\/b><b>\\u00a0<\\\/b><\\\/p>\",\"margin\":\"large\",\"text_align_breakpoint\":\"m\",\"text_align_fallback\":\"center\"}},{\"type\":\"button\",\"props\":{\"fullwidth\":false,\"grid_column_gap\":\"\",\"grid_row_gap\":\"\",\"margin\":\"default\",\"text_align_breakpoint\":\"m\",\"text_align_fallback\":\"center\"},\"children\":[{\"type\":\"button_item\",\"props\":{\"button_style\":\"text\",\"content\":\"Contacteaz\\u0103-ne\",\"dialog_layout\":\"modal\",\"dialog_offcanvas_flip\":true,\"icon\":\"arrow-right\",\"icon_align\":\"right\",\"link\":\"contact\\\/\"}}]}]},{\"type\":\"column\",\"props\":{\"image_position\":\"center-center\",\"position_sticky_breakpoint\":\"m\",\"width_small\":\"1-3\"},\"children\":[{\"type\":\"image\",\"props\":{\"image\":\"wp-content\\\/uploads\\\/meloterapie-01.jpg\",\"image_alt\":\"Meloterapie\",\"image_border\":\"rounded\",\"image_box_shadow\":\"medium\",\"image_height\":\"700\",\"image_svg_color\":\"emphasis\",\"image_svg_inline\":false,\"image_width\":\"700\",\"margin\":\"default\"}}]}]}]}],\"version\":\"4.5.31\",\"type\":\"layout\"} --><\/p>\n","protected":false},"excerpt":{"rendered":"<p>Meloterapia Este un univers bogat ce poate \u00eenso\u0163i orice form\u0103 de activitate Aromaterapie Kinetoterapie Vitaminoterapie Cunoscut\u0103 \u00eenc\u0103 din perioada Antichit\u0103\u021bii, meloterapia era o practic\u0103 t\u0103m\u0103duitoare folosit\u0103 cu scopul de a-i \u00eencuraja pe cei care plecau la lupt\u0103 \u0219i de a-i revigora pe cei deprima\u021bi. Mai recent \u00eens\u0103, studiile \u00een domeniu arat\u0103 c\u0103 influen\u021bele sonore armonioase [&hellip;]<\/p>\n","protected":false},"author":7,"featured_media":0,"parent":0,"menu_order":0,"comment_status":"closed","ping_status":"closed","template":"","meta":{"footnotes":""},"class_list":["post-176","page","type-page","status-publish","hentry"],"yoast_head":"<!-- This site is optimized with the Yoast SEO plugin v27.2 - https:\/\/yoast.com\/product\/yoast-seo-wordpress\/ -->\n<title>Meloterapie - Nova Vita Clinic Oradea<\/title>\n<meta name=\"robots\" content=\"index, follow, max-snippet:-1, max-image-preview:large, max-video-preview:-1\" \/>\n<link rel=\"canonical\" href=\"https:\/\/novavita.ro\/en\/melotherapy\/\" \/>\n<meta property=\"og:locale\" content=\"en_US\" \/>\n<meta property=\"og:type\" content=\"article\" \/>\n<meta property=\"og:title\" content=\"Meloterapie - Nova Vita Clinic Oradea\" \/>\n<meta property=\"og:description\" content=\"Meloterapia Este un univers bogat ce poate \u00eenso\u0163i orice form\u0103 de activitate Aromaterapie Kinetoterapie Vitaminoterapie Cunoscut\u0103 \u00eenc\u0103 din perioada Antichit\u0103\u021bii, meloterapia era o practic\u0103 t\u0103m\u0103duitoare folosit\u0103 cu scopul de a-i \u00eencuraja pe cei care plecau la lupt\u0103 \u0219i de a-i revigora pe cei deprima\u021bi. Mai recent \u00eens\u0103, studiile \u00een domeniu arat\u0103 c\u0103 influen\u021bele sonore armonioase [&hellip;]\" \/>\n<meta property=\"og:url\" content=\"https:\/\/novavita.ro\/en\/melotherapy\/\" \/>\n<meta property=\"og:site_name\" content=\"Nova Vita Clinic Oradea\" \/>\n<meta property=\"article:modified_time\" content=\"2025-11-11T15:41:32+00:00\" \/>\n<meta name=\"twitter:card\" content=\"summary_large_image\" \/>\n<meta name=\"twitter:label1\" content=\"Est. reading time\" \/>\n\t<meta name=\"twitter:data1\" content=\"1 minute\" \/>\n<script type=\"application\/ld+json\" class=\"yoast-schema-graph\">{\"@context\":\"https:\/\/schema.org\",\"@graph\":[{\"@type\":\"WebPage\",\"@id\":\"https:\/\/novavita.ro\/meloterapie\/\",\"url\":\"https:\/\/novavita.ro\/meloterapie\/\",\"name\":\"Meloterapie - Nova Vita Clinic Oradea\",\"isPartOf\":{\"@id\":\"https:\/\/novavita.ro\/#website\"},\"datePublished\":\"2019-04-18T11:55:09+00:00\",\"dateModified\":\"2025-11-11T15:41:32+00:00\",\"breadcrumb\":{\"@id\":\"https:\/\/novavita.ro\/meloterapie\/#breadcrumb\"},\"inLanguage\":\"en-US\",\"potentialAction\":[{\"@type\":\"ReadAction\",\"target\":[\"https:\/\/novavita.ro\/meloterapie\/\"]}]},{\"@type\":\"BreadcrumbList\",\"@id\":\"https:\/\/novavita.ro\/meloterapie\/#breadcrumb\",\"itemListElement\":[{\"@type\":\"ListItem\",\"position\":1,\"name\":\"Prima pagin\u0103\",\"item\":\"https:\/\/novavita.ro\/\"},{\"@type\":\"ListItem\",\"position\":2,\"name\":\"Meloterapie\"}]},{\"@type\":\"WebSite\",\"@id\":\"https:\/\/novavita.ro\/#website\",\"url\":\"https:\/\/novavita.ro\/\",\"name\":\"Nova Vita Clinic Oradea\",\"description\":\"Clinic\u0103 de estetic\u0103 medical\u0103.\",\"potentialAction\":[{\"@type\":\"SearchAction\",\"target\":{\"@type\":\"EntryPoint\",\"urlTemplate\":\"https:\/\/novavita.ro\/?s={search_term_string}\"},\"query-input\":{\"@type\":\"PropertyValueSpecification\",\"valueRequired\":true,\"valueName\":\"search_term_string\"}}],\"inLanguage\":\"en-US\"}]}<\/script>\n<!-- \/ Yoast SEO plugin. -->","yoast_head_json":{"title":"Meloterapie - Nova Vita Clinic Oradea","robots":{"index":"index","follow":"follow","max-snippet":"max-snippet:-1","max-image-preview":"max-image-preview:large","max-video-preview":"max-video-preview:-1"},"canonical":"https:\/\/novavita.ro\/en\/melotherapy\/","og_locale":"en_US","og_type":"article","og_title":"Meloterapie - Nova Vita Clinic Oradea","og_description":"Meloterapia Este un univers bogat ce poate \u00eenso\u0163i orice form\u0103 de activitate Aromaterapie Kinetoterapie Vitaminoterapie Cunoscut\u0103 \u00eenc\u0103 din perioada Antichit\u0103\u021bii, meloterapia era o practic\u0103 t\u0103m\u0103duitoare folosit\u0103 cu scopul de a-i \u00eencuraja pe cei care plecau la lupt\u0103 \u0219i de a-i revigora pe cei deprima\u021bi. Mai recent \u00eens\u0103, studiile \u00een domeniu arat\u0103 c\u0103 influen\u021bele sonore armonioase [&hellip;]","og_url":"https:\/\/novavita.ro\/en\/melotherapy\/","og_site_name":"Nova Vita Clinic Oradea","article_modified_time":"2025-11-11T15:41:32+00:00","twitter_card":"summary_large_image","twitter_misc":{"Est. reading time":"1 minute"},"schema":{"@context":"https:\/\/schema.org","@graph":[{"@type":"WebPage","@id":"https:\/\/novavita.ro\/meloterapie\/","url":"https:\/\/novavita.ro\/meloterapie\/","name":"Meloterapie - Nova Vita Clinic Oradea","isPartOf":{"@id":"https:\/\/novavita.ro\/#website"},"datePublished":"2019-04-18T11:55:09+00:00","dateModified":"2025-11-11T15:41:32+00:00","breadcrumb":{"@id":"https:\/\/novavita.ro\/meloterapie\/#breadcrumb"},"inLanguage":"en-US","potentialAction":[{"@type":"ReadAction","target":["https:\/\/novavita.ro\/meloterapie\/"]}]},{"@type":"BreadcrumbList","@id":"https:\/\/novavita.ro\/meloterapie\/#breadcrumb","itemListElement":[{"@type":"ListItem","position":1,"name":"Prima pagin\u0103","item":"https:\/\/novavita.ro\/"},{"@type":"ListItem","position":2,"name":"Meloterapie"}]},{"@type":"WebSite","@id":"https:\/\/novavita.ro\/#website","url":"https:\/\/novavita.ro\/","name":"Nova Vita Clinic Oradea","description":"Clinic\u0103 de estetic\u0103 medical\u0103.","potentialAction":[{"@type":"SearchAction","target":{"@type":"EntryPoint","urlTemplate":"https:\/\/novavita.ro\/?s={search_term_string}"},"query-input":{"@type":"PropertyValueSpecification","valueRequired":true,"valueName":"search_term_string"}}],"inLanguage":"en-US"}]}},"jetpack_sharing_enabled":true,"_links":{"self":[{"href":"https:\/\/novavita.ro\/en\/wp-json\/wp\/v2\/pages\/176","targetHints":{"allow":["GET"]}}],"collection":[{"href":"https:\/\/novavita.ro\/en\/wp-json\/wp\/v2\/pages"}],"about":[{"href":"https:\/\/novavita.ro\/en\/wp-json\/wp\/v2\/types\/page"}],"author":[{"embeddable":true,"href":"https:\/\/novavita.ro\/en\/wp-json\/wp\/v2\/users\/7"}],"replies":[{"embeddable":true,"href":"https:\/\/novavita.ro\/en\/wp-json\/wp\/v2\/comments?post=176"}],"version-history":[{"count":3,"href":"https:\/\/novavita.ro\/en\/wp-json\/wp\/v2\/pages\/176\/revisions"}],"predecessor-version":[{"id":2136,"href":"https:\/\/novavita.ro\/en\/wp-json\/wp\/v2\/pages\/176\/revisions\/2136"}],"wp:attachment":[{"href":"https:\/\/novavita.ro\/en\/wp-json\/wp\/v2\/media?parent=176"}],"curies":[{"name":"wp","href":"https:\/\/api.w.org\/{rel}","templated":true}]}}