{"id":183,"date":"2019-04-18T14:02:50","date_gmt":"2019-04-18T11:02:50","guid":{"rendered":"http:\/\/novavita.ro\/?page_id=183"},"modified":"2021-07-01T15:09:57","modified_gmt":"2021-07-01T12:09:57","slug":"cap","status":"publish","type":"page","link":"https:\/\/novavita.ro\/en\/cap\/","title":{"rendered":"Face and neck"},"content":{"rendered":"<h1><span class=\"uk-text-primary\">Fa\u021b\u0103 \u0219i g\u00e2t<\/span><\/h1>\n<div>Frumuse\u021bea \u00ee\u0219i poart\u0103 zestrea pe fa\u021b\u0103<\/div>\n<ul>\n<li>\n        <a href=\"\/gat\/\">G\u00e2t \u0219i decolteu<\/a>\n    <\/li>\n<li>\n        <a href=\"\/abdomen\/\">Abdomen<\/a>\n    <\/li>\n<li>\n        <a href=\"\/picioare\/\">Picioare<\/a>\n    <\/li>\n<li>\n        <a href=\"\/zona-intima\/\">Zona intim\u0103<\/a>\n    <\/li>\n<li>\n        <a href=\"\/genital\/\">Genital<\/a>\n    <\/li>\n<\/ul>\n<div>\n<p style=\"text-align: justify;\">Frumuse\u021bea \u00ee\u0219i poart\u0103 zestrea pe fa\u021b\u0103. Iar \u00een zilele noastre este din ce \u00een ce mai u\u0219or \u0219i mai accesibil s\u0103 ne ocupam de acest aspect. Cu ajutorul <strong>tehnologiei \u0219i a inova\u021biei \u00een medicina<\/strong> estetic\u0103, gama de tratamente estetice pentru cap este una foarte larg\u0103 \u0219i se adreseaz\u0103 tuturor problemelor care pot ap\u0103rea la acest nivel. Fie c\u0103 e vorba despre tratarea alopeciei, a ridurilor, a porilor dilata\u021bi sau a deshidrat\u0103rii &#8211; exist\u0103, ast\u0103zi, un r\u0103spuns pentru toate acestea.<\/p>\n<p style=\"text-align: justify;\">De\u0219i perfec\u021biunea este greu de atins, cu ajutorul <strong>aparatelor de ultima genera\u021bie<\/strong> \u0219i a celor mai recente practici estetice, pute\u021bi sa adresa\u021bi toate imperfec\u021biunile care v\u0103 \u00eempiedic\u0103 s\u0103 v\u0103 bucura\u021bi de via\u021b\u0103 pe deplin.<\/p>\n<\/div>\n<p><img decoding=\"async\" src=\"\/wp-content\/uploads\/Beauty-Cap.jpg\" alt=\"Beauty Cap\"><\/p>\n<p>\n    <a href=\"\/contact\/\">Contacteaz\u0103-ne<\/a>\n<\/p>\n<p><video src=\"\/wp-content\/uploads\/riduri-periorbital.mov\" poster=\"\/wp-content\/uploads\/video-riduri-periorbital.png\"><\/video><\/p>\n<p><!--more--><br \/>\n<!-- {\"name\":\"Servicii-wellness\",\"type\":\"layout\",\"children\":[{\"name\":\"Hero\",\"type\":\"section\",\"props\":{\"style\":\"muted\",\"width\":\"small\",\"vertical_align\":\"middle\",\"title_position\":\"top-left\",\"title_rotation\":\"left\",\"title_breakpoint\":\"xl\",\"image_position\":\"center-center\",\"padding\":\"small\",\"padding_remove_bottom\":false,\"image\":\"\"},\"children\":[{\"name\":\"\",\"type\":\"row\",\"children\":[{\"name\":\"\",\"type\":\"column\",\"props\":{\"image_position\":\"center-center\",\"media_overlay_gradient\":\"\",\"width_medium\":\"1-1\"},\"children\":[{\"name\":\"\",\"type\":\"headline\",\"props\":{\"title_element\":\"h1\",\"content\":\"<span class=\\\"uk-text-primary\\\">Fa\\u021b\\u0103 \\u0219i g\\u00e2t<\\\/span>\",\"margin_remove_bottom\":true,\"text_align_fallback\":\"center\",\"title_style\":\"h1\",\"class\":\"\"}},{\"name\":\"\",\"type\":\"headline\",\"props\":{\"title_element\":\"div\",\"content\":\"Frumuse\\u021bea \\u00ee\\u0219i poart\\u0103 zestrea pe fa\\u021b\\u0103\",\"title_decoration\":\"bullet\",\"title_style\":\"h5\",\"margin\":\"small\",\"text_align_breakpoint\":\"m\",\"text_align_fallback\":\"center\",\"title_color\":\"muted\"}},{\"type\":\"button\",\"props\":{\"margin\":\"default\",\"button_size\":\"small\",\"grid_column_gap\":\"small\",\"grid_row_gap\":\"small\"},\"children\":[{\"type\":\"button_item\",\"props\":{\"button_style\":\"primary\",\"icon_align\":\"left\",\"content\":\"G\\u00e2t \\u0219i decolteu\",\"link\":\"gat\\\/\"}},{\"type\":\"button_item\",\"props\":{\"button_style\":\"primary\",\"icon_align\":\"left\",\"content\":\"Abdomen\",\"link\":\"abdomen\\\/\"}},{\"type\":\"button_item\",\"props\":{\"button_style\":\"primary\",\"icon_align\":\"left\",\"content\":\"Picioare\",\"link\":\"picioare\\\/\"}},{\"type\":\"button_item\",\"props\":{\"button_style\":\"primary\",\"icon_align\":\"left\",\"content\":\"Zona intim\\u0103\",\"link\":\"zona-intima\\\/\"}},{\"type\":\"button_item\",\"props\":{\"button_style\":\"primary\",\"icon_align\":\"left\",\"content\":\"Genital\",\"link\":\"genital\\\/\"}}]}]}]}]},{\"name\":\"Aromaterapie\",\"type\":\"section\",\"props\":{\"style\":\"default\",\"width\":\"default\",\"vertical_align\":\"middle\",\"title_position\":\"top-right\",\"title_rotation\":\"left\",\"title_breakpoint\":\"xl\",\"image_position\":\"center-center\",\"title\":\"Meloterapia & Wellness\",\"padding\":\"large\",\"image\":\"\"},\"children\":[{\"name\":\"\",\"type\":\"row\",\"props\":{\"layout\":\"2-3,1-3\",\"vertical_align\":true,\"column_gap\":\"large\",\"row_gap\":\"large\"},\"children\":[{\"name\":\"\",\"type\":\"column\",\"props\":{\"image_position\":\"center-center\",\"media_overlay_gradient\":\"\",\"width_small\":\"2-3\"},\"children\":[{\"name\":\"\",\"type\":\"text\",\"props\":{\"margin\":\"large\",\"column_breakpoint\":\"m\",\"content\":\"\n\n<p style=\\\"text-align: justify;\\\">Frumuse\\u021bea \\u00ee\\u0219i poart\\u0103 zestrea pe fa\\u021b\\u0103. Iar \\u00een zilele noastre este din ce \\u00een ce mai u\\u0219or \\u0219i mai accesibil s\\u0103 ne ocupam de acest aspect. Cu ajutorul <strong>tehnologiei \\u0219i a inova\\u021biei \\u00een medicina<\\\/strong> estetic\\u0103, gama de tratamente estetice pentru cap este una foarte larg\\u0103 \\u0219i se adreseaz\\u0103 tuturor problemelor care pot ap\\u0103rea la acest nivel. Fie c\\u0103 e vorba despre tratarea alopeciei, a ridurilor, a porilor dilata\\u021bi sau a deshidrat\\u0103rii - exist\\u0103, ast\\u0103zi, un r\\u0103spuns pentru toate acestea.<\\\/p>\\n\\n\n\n<p style=\\\"text-align: justify;\\\">De\\u0219i perfec\\u021biunea este greu de atins, cu ajutorul <strong>aparatelor de ultima genera\\u021bie<\\\/strong> \\u0219i a celor mai recente practici estetice, pute\\u021bi sa adresa\\u021bi toate imperfec\\u021biunile care v\\u0103 \\u00eempiedic\\u0103 s\\u0103 v\\u0103 bucura\\u021bi de via\\u021b\\u0103 pe deplin.<\\\/p>\",\"text_align_breakpoint\":\"m\",\"text_align_fallback\":\"center\"}},{\"type\":\"image\",\"props\":{\"margin\":\"default\",\"image_svg_color\":\"emphasis\",\"image_border\":\"rounded\",\"image_box_shadow\":\"medium\",\"image\":\"wp-content\\\/uploads\\\/Beauty-Cap.jpg\",\"image_width\":\"700\",\"image_height\":\"700\",\"image_alt\":\"Beauty Cap\",\"image_svg_inline\":false}},{\"name\":\"\",\"type\":\"button\",\"props\":{\"margin\":\"default\",\"fullwidth\":false,\"text_align_breakpoint\":\"m\",\"text_align_fallback\":\"center\",\"grid_column_gap\":\"\",\"grid_row_gap\":\"\"},\"children\":[{\"name\":\"\",\"type\":\"button_item\",\"props\":{\"button_style\":\"text\",\"icon_align\":\"right\",\"content\":\"Contacteaz\\u0103-ne\",\"icon\":\"arrow-right\",\"link\":\"contact\\\/\"}}]}]},{\"type\":\"column\",\"props\":{\"image_position\":\"center-center\",\"media_overlay_gradient\":\"\",\"width_small\":\"1-3\"},\"children\":[{\"type\":\"video\",\"props\":{\"video_controls\":true,\"margin\":\"default\",\"video\":\"wp-content\\\/uploads\\\/riduri-periorbital.mov\",\"video_lazyload\":true,\"video_poster\":\"wp-content\\\/uploads\\\/video-riduri-periorbital.png\"}}]}]}]}],\"version\":\"2.5.1\"} --><\/p>\n","protected":false},"excerpt":{"rendered":"<p>Fa\u021b\u0103 \u0219i g\u00e2t Frumuse\u021bea \u00ee\u0219i poart\u0103 zestrea pe fa\u021b\u0103 G\u00e2t \u0219i decolteu Abdomen Picioare Zona intim\u0103 Genital Frumuse\u021bea \u00ee\u0219i poart\u0103 zestrea pe fa\u021b\u0103. Iar \u00een zilele noastre este din ce \u00een ce mai u\u0219or \u0219i mai accesibil s\u0103 ne ocupam de acest aspect. Cu ajutorul tehnologiei \u0219i a inova\u021biei \u00een medicina estetic\u0103, gama de tratamente [&hellip;]<\/p>\n","protected":false},"author":7,"featured_media":0,"parent":0,"menu_order":0,"comment_status":"closed","ping_status":"closed","template":"","meta":{"footnotes":""},"class_list":["post-183","page","type-page","status-publish","hentry"],"yoast_head":"<!-- This site is optimized with the Yoast SEO plugin v27.2 - https:\/\/yoast.com\/product\/yoast-seo-wordpress\/ -->\n<title>Fa\u021b\u0103 \u0219i g\u00e2t - Nova Vita Clinic Oradea<\/title>\n<meta name=\"robots\" content=\"index, follow, max-snippet:-1, max-image-preview:large, max-video-preview:-1\" \/>\n<link rel=\"canonical\" href=\"https:\/\/novavita.ro\/en\/head\/\" \/>\n<meta property=\"og:locale\" content=\"en_US\" \/>\n<meta property=\"og:type\" content=\"article\" \/>\n<meta property=\"og:title\" content=\"Fa\u021b\u0103 \u0219i g\u00e2t - Nova Vita Clinic Oradea\" \/>\n<meta property=\"og:description\" content=\"Fa\u021b\u0103 \u0219i g\u00e2t Frumuse\u021bea \u00ee\u0219i poart\u0103 zestrea pe fa\u021b\u0103 G\u00e2t \u0219i decolteu Abdomen Picioare Zona intim\u0103 Genital Frumuse\u021bea \u00ee\u0219i poart\u0103 zestrea pe fa\u021b\u0103. Iar \u00een zilele noastre este din ce \u00een ce mai u\u0219or \u0219i mai accesibil s\u0103 ne ocupam de acest aspect. Cu ajutorul tehnologiei \u0219i a inova\u021biei \u00een medicina estetic\u0103, gama de tratamente [&hellip;]\" \/>\n<meta property=\"og:url\" content=\"https:\/\/novavita.ro\/en\/head\/\" \/>\n<meta property=\"og:site_name\" content=\"Nova Vita Clinic Oradea\" \/>\n<meta property=\"article:modified_time\" content=\"2021-07-01T12:09:57+00:00\" \/>\n<meta property=\"og:image\" content=\"https:\/\/novavita.ro\/wp-content\/uploads\/Beauty-Cap.jpg\" \/>\n<meta name=\"twitter:card\" content=\"summary_large_image\" \/>\n<meta name=\"twitter:label1\" content=\"Est. reading time\" \/>\n\t<meta name=\"twitter:data1\" content=\"1 minute\" \/>\n<script type=\"application\/ld+json\" class=\"yoast-schema-graph\">{\"@context\":\"https:\/\/schema.org\",\"@graph\":[{\"@type\":\"WebPage\",\"@id\":\"https:\/\/novavita.ro\/cap\/\",\"url\":\"https:\/\/novavita.ro\/cap\/\",\"name\":\"Fa\u021b\u0103 \u0219i g\u00e2t - Nova Vita Clinic Oradea\",\"isPartOf\":{\"@id\":\"https:\/\/novavita.ro\/#website\"},\"datePublished\":\"2019-04-18T11:02:50+00:00\",\"dateModified\":\"2021-07-01T12:09:57+00:00\",\"breadcrumb\":{\"@id\":\"https:\/\/novavita.ro\/cap\/#breadcrumb\"},\"inLanguage\":\"en-US\",\"potentialAction\":[{\"@type\":\"ReadAction\",\"target\":[\"https:\/\/novavita.ro\/cap\/\"]}]},{\"@type\":\"BreadcrumbList\",\"@id\":\"https:\/\/novavita.ro\/cap\/#breadcrumb\",\"itemListElement\":[{\"@type\":\"ListItem\",\"position\":1,\"name\":\"Prima pagin\u0103\",\"item\":\"https:\/\/novavita.ro\/\"},{\"@type\":\"ListItem\",\"position\":2,\"name\":\"Fa\u021b\u0103 \u0219i g\u00e2t\"}]},{\"@type\":\"WebSite\",\"@id\":\"https:\/\/novavita.ro\/#website\",\"url\":\"https:\/\/novavita.ro\/\",\"name\":\"Nova Vita Clinic Oradea\",\"description\":\"Clinic\u0103 de estetic\u0103 medical\u0103.\",\"potentialAction\":[{\"@type\":\"SearchAction\",\"target\":{\"@type\":\"EntryPoint\",\"urlTemplate\":\"https:\/\/novavita.ro\/?s={search_term_string}\"},\"query-input\":{\"@type\":\"PropertyValueSpecification\",\"valueRequired\":true,\"valueName\":\"search_term_string\"}}],\"inLanguage\":\"en-US\"}]}<\/script>\n<!-- \/ Yoast SEO plugin. -->","yoast_head_json":{"title":"Fa\u021b\u0103 \u0219i g\u00e2t - Nova Vita Clinic Oradea","robots":{"index":"index","follow":"follow","max-snippet":"max-snippet:-1","max-image-preview":"max-image-preview:large","max-video-preview":"max-video-preview:-1"},"canonical":"https:\/\/novavita.ro\/en\/head\/","og_locale":"en_US","og_type":"article","og_title":"Fa\u021b\u0103 \u0219i g\u00e2t - Nova Vita Clinic Oradea","og_description":"Fa\u021b\u0103 \u0219i g\u00e2t Frumuse\u021bea \u00ee\u0219i poart\u0103 zestrea pe fa\u021b\u0103 G\u00e2t \u0219i decolteu Abdomen Picioare Zona intim\u0103 Genital Frumuse\u021bea \u00ee\u0219i poart\u0103 zestrea pe fa\u021b\u0103. Iar \u00een zilele noastre este din ce \u00een ce mai u\u0219or \u0219i mai accesibil s\u0103 ne ocupam de acest aspect. Cu ajutorul tehnologiei \u0219i a inova\u021biei \u00een medicina estetic\u0103, gama de tratamente [&hellip;]","og_url":"https:\/\/novavita.ro\/en\/head\/","og_site_name":"Nova Vita Clinic Oradea","article_modified_time":"2021-07-01T12:09:57+00:00","og_image":[{"url":"https:\/\/novavita.ro\/wp-content\/uploads\/Beauty-Cap.jpg","type":"","width":"","height":""}],"twitter_card":"summary_large_image","twitter_misc":{"Est. reading time":"1 minute"},"schema":{"@context":"https:\/\/schema.org","@graph":[{"@type":"WebPage","@id":"https:\/\/novavita.ro\/cap\/","url":"https:\/\/novavita.ro\/cap\/","name":"Fa\u021b\u0103 \u0219i g\u00e2t - Nova Vita Clinic Oradea","isPartOf":{"@id":"https:\/\/novavita.ro\/#website"},"datePublished":"2019-04-18T11:02:50+00:00","dateModified":"2021-07-01T12:09:57+00:00","breadcrumb":{"@id":"https:\/\/novavita.ro\/cap\/#breadcrumb"},"inLanguage":"en-US","potentialAction":[{"@type":"ReadAction","target":["https:\/\/novavita.ro\/cap\/"]}]},{"@type":"BreadcrumbList","@id":"https:\/\/novavita.ro\/cap\/#breadcrumb","itemListElement":[{"@type":"ListItem","position":1,"name":"Prima pagin\u0103","item":"https:\/\/novavita.ro\/"},{"@type":"ListItem","position":2,"name":"Fa\u021b\u0103 \u0219i g\u00e2t"}]},{"@type":"WebSite","@id":"https:\/\/novavita.ro\/#website","url":"https:\/\/novavita.ro\/","name":"Nova Vita Clinic Oradea","description":"Clinic\u0103 de estetic\u0103 medical\u0103.","potentialAction":[{"@type":"SearchAction","target":{"@type":"EntryPoint","urlTemplate":"https:\/\/novavita.ro\/?s={search_term_string}"},"query-input":{"@type":"PropertyValueSpecification","valueRequired":true,"valueName":"search_term_string"}}],"inLanguage":"en-US"}]}},"jetpack_sharing_enabled":true,"_links":{"self":[{"href":"https:\/\/novavita.ro\/en\/wp-json\/wp\/v2\/pages\/183","targetHints":{"allow":["GET"]}}],"collection":[{"href":"https:\/\/novavita.ro\/en\/wp-json\/wp\/v2\/pages"}],"about":[{"href":"https:\/\/novavita.ro\/en\/wp-json\/wp\/v2\/types\/page"}],"author":[{"embeddable":true,"href":"https:\/\/novavita.ro\/en\/wp-json\/wp\/v2\/users\/7"}],"replies":[{"embeddable":true,"href":"https:\/\/novavita.ro\/en\/wp-json\/wp\/v2\/comments?post=183"}],"version-history":[{"count":3,"href":"https:\/\/novavita.ro\/en\/wp-json\/wp\/v2\/pages\/183\/revisions"}],"predecessor-version":[{"id":1808,"href":"https:\/\/novavita.ro\/en\/wp-json\/wp\/v2\/pages\/183\/revisions\/1808"}],"wp:attachment":[{"href":"https:\/\/novavita.ro\/en\/wp-json\/wp\/v2\/media?parent=183"}],"curies":[{"name":"wp","href":"https:\/\/api.w.org\/{rel}","templated":true}]}}