{"id":185,"date":"2019-04-18T14:03:18","date_gmt":"2019-04-18T11:03:18","guid":{"rendered":"http:\/\/novavita.ro\/?page_id=185"},"modified":"2021-07-01T16:04:00","modified_gmt":"2021-07-01T13:04:00","slug":"gat","status":"publish","type":"page","link":"https:\/\/novavita.ro\/en\/gat\/","title":{"rendered":"Neck and cleavage"},"content":{"rendered":"<h1>G\u00e2t \u0219i decolteu<\/h1>\n<div>Completeaz\u0103 armonios frumuse\u021bea chipului<\/div>\n<ul>\n<li>\n        <a href=\"\/cap\/\">Fa\u021b\u0103 \u0219i g\u00e2t<\/a>\n    <\/li>\n<li>\n        <a href=\"\/abdomen\/\">Abdomen<\/a>\n    <\/li>\n<li>\n        <a href=\"\/picioare\/\">Picioare<\/a>\n    <\/li>\n<li>\n        <a href=\"\/zona-intima\/\">Zona intim\u0103<\/a>\n    <\/li>\n<li>\n        <a href=\"\/genital\/\">Genital<\/a>\n    <\/li>\n<\/ul>\n<div>\n<p style=\"text-align: justify;\">C\u00e2nd suntem tineri nu d\u0103m foarte mare importan\u021b\u0103 pielii. Din p\u0103cate, \u00eens\u0103,\u00a0<b>\u00eemb\u0103tr\u00e2nirea prematur\u0103<\/b>\u00a0a pielii \u0219i, \u00een special, a pielii g\u00e2tului este o problem\u0103 cu care femeile se confrunt\u0103 din ce \u00een ce mai des \u0219i de la v\u00e2rste tot mai tinere. Acest lucru se \u00eent\u00e2mpl\u0103 din cauza faptului c\u0103 nu acord\u0103m importan\u021ba cuvenit\u0103 ritualului de frumuse\u021be c\u00e2nd vine vorba despre g\u00e2t, pentru c\u0103 ne concentr\u0103m toat\u0103 aten\u021bia asupra tenului fe\u021bei.\u00a0<\/p>\n<p>Vestea bun\u0103 este c\u0103 exist\u0103 o gama larg\u0103 de tratamente care v\u0103 pot rezolva problemele ce pot ap\u0103rea la nivelul g\u00e2tului &#8211; injec\u021bii cu acid hialuronic, lifting sau laserterapie. \u00cen func\u021bie de c\u00e2t de grave sunt problemele estetice ale g\u00e2tului, medicul v\u0103 va putea pune la dispozi\u021bie\u00a0<b>solu\u021bia cea mai potrivit\u0103<\/b>.\u00a0<\/p>\n<\/div>\n<p><img decoding=\"async\" src=\"\/wp-content\/uploads\/Beauty-Gat.jpg\" alt=\"Beauty G\u00e2t\"><\/p>\n<p>\n    <a href=\"\/contact\/\">Contacteaz\u0103-ne<\/a>\n<\/p>\n<p><video src=\"\/wp-content\/uploads\/gat.mov\" poster=\"\/wp-content\/uploads\/video-gat.png\"><\/video><br \/>\n<video src=\"\/wp-content\/uploads\/decolteu.mov\" poster=\"\/wp-content\/uploads\/video-decolteu.png\"><\/video><\/p>\n<p><!--more--><br \/>\n<!-- {\"name\":\"Submeniu - Pagina\",\"type\":\"layout\",\"children\":[{\"name\":\"Hero\",\"type\":\"section\",\"props\":{\"style\":\"muted\",\"width\":\"small\",\"vertical_align\":\"middle\",\"title_position\":\"top-left\",\"title_rotation\":\"left\",\"title_breakpoint\":\"xl\",\"image_position\":\"center-center\",\"padding\":\"small\",\"padding_remove_bottom\":false,\"image\":\"\"},\"children\":[{\"name\":\"\",\"type\":\"row\",\"children\":[{\"name\":\"\",\"type\":\"column\",\"props\":{\"image_position\":\"center-center\",\"media_overlay_gradient\":\"\",\"width_medium\":\"1-1\"},\"children\":[{\"name\":\"\",\"type\":\"headline\",\"props\":{\"title_element\":\"h1\",\"content\":\"G\\u00e2t \\u0219i decolteu\",\"margin_remove_bottom\":true,\"text_align_fallback\":\"center\",\"title_style\":\"h1\",\"class\":\"\"}},{\"name\":\"\",\"type\":\"headline\",\"props\":{\"title_element\":\"div\",\"content\":\"Completeaz\\u0103 armonios frumuse\\u021bea chipului\",\"title_decoration\":\"bullet\",\"title_style\":\"h5\",\"margin\":\"small\",\"text_align_breakpoint\":\"m\",\"text_align_fallback\":\"center\",\"title_color\":\"muted\"}},{\"type\":\"button\",\"props\":{\"margin\":\"default\",\"button_size\":\"small\",\"grid_column_gap\":\"small\",\"grid_row_gap\":\"small\"},\"children\":[{\"type\":\"button_item\",\"props\":{\"button_style\":\"primary\",\"icon_align\":\"left\",\"content\":\"Fa\\u021b\\u0103 \\u0219i g\\u00e2t\",\"link\":\"cap\\\/\"}},{\"type\":\"button_item\",\"props\":{\"button_style\":\"primary\",\"icon_align\":\"left\",\"content\":\"Abdomen\",\"link\":\"abdomen\\\/\"}},{\"type\":\"button_item\",\"props\":{\"button_style\":\"primary\",\"icon_align\":\"left\",\"content\":\"Picioare\",\"link\":\"picioare\\\/\"}},{\"type\":\"button_item\",\"props\":{\"button_style\":\"primary\",\"icon_align\":\"left\",\"content\":\"Zona intim\\u0103\",\"link\":\"zona-intima\\\/\"}},{\"type\":\"button_item\",\"props\":{\"button_style\":\"primary\",\"icon_align\":\"left\",\"content\":\"Genital\",\"link\":\"genital\\\/\"}}]}]}]}]},{\"name\":\"Aromaterapie\",\"type\":\"section\",\"props\":{\"style\":\"default\",\"width\":\"default\",\"vertical_align\":\"middle\",\"title_position\":\"top-right\",\"title_rotation\":\"left\",\"title_breakpoint\":\"xl\",\"image_position\":\"center-center\",\"title\":\"Meloterapia & Wellness\",\"padding\":\"large\",\"image\":\"\"},\"children\":[{\"name\":\"\",\"type\":\"row\",\"props\":{\"layout\":\"2-3,1-3\",\"vertical_align\":true,\"column_gap\":\"large\",\"row_gap\":\"large\"},\"children\":[{\"name\":\"\",\"type\":\"column\",\"props\":{\"image_position\":\"center-center\",\"media_overlay_gradient\":\"\",\"width_small\":\"2-3\"},\"children\":[{\"name\":\"\",\"type\":\"text\",\"props\":{\"margin\":\"large\",\"column_breakpoint\":\"m\",\"content\":\"\n\n<p style=\\\"text-align: justify;\\\">C\\u00e2nd suntem tineri nu d\\u0103m foarte mare importan\\u021b\\u0103 pielii. Din p\\u0103cate, \\u00eens\\u0103,\\u00a0<b>\\u00eemb\\u0103tr\\u00e2nirea prematur\\u0103<\\\/b>\\u00a0a pielii \\u0219i, \\u00een special, a pielii g\\u00e2tului este o problem\\u0103 cu care femeile se confrunt\\u0103 din ce \\u00een ce mai des \\u0219i de la v\\u00e2rste tot mai tinere. Acest lucru se \\u00eent\\u00e2mpl\\u0103 din cauza faptului c\\u0103 nu acord\\u0103m importan\\u021ba cuvenit\\u0103 ritualului de frumuse\\u021be c\\u00e2nd vine vorba despre g\\u00e2t, pentru c\\u0103 ne concentr\\u0103m toat\\u0103 aten\\u021bia asupra tenului fe\\u021bei.\\u00a0<br \\\/><br \\\/>Vestea bun\\u0103 este c\\u0103 exist\\u0103 o gama larg\\u0103 de tratamente care v\\u0103 pot rezolva problemele ce pot ap\\u0103rea la nivelul g\\u00e2tului - injec\\u021bii cu acid hialuronic, lifting sau laserterapie. \\u00cen func\\u021bie de c\\u00e2t de grave sunt problemele estetice ale g\\u00e2tului, medicul v\\u0103 va putea pune la dispozi\\u021bie\\u00a0<b>solu\\u021bia cea mai potrivit\\u0103<\\\/b>.\\u00a0<\\\/p>\",\"text_align_breakpoint\":\"m\",\"text_align_fallback\":\"center\"}},{\"type\":\"image\",\"props\":{\"margin\":\"default\",\"image_svg_color\":\"emphasis\",\"image_border\":\"rounded\",\"image_box_shadow\":\"medium\",\"image\":\"wp-content\\\/uploads\\\/Beauty-Gat.jpg\",\"image_width\":\"700\",\"image_height\":\"700\",\"image_alt\":\"Beauty G\\u00e2t\",\"image_svg_inline\":false}},{\"name\":\"\",\"type\":\"button\",\"props\":{\"margin\":\"default\",\"fullwidth\":false,\"text_align_breakpoint\":\"m\",\"text_align_fallback\":\"center\",\"grid_column_gap\":\"\",\"grid_row_gap\":\"\"},\"children\":[{\"name\":\"\",\"type\":\"button_item\",\"props\":{\"button_style\":\"text\",\"icon_align\":\"right\",\"content\":\"Contacteaz\\u0103-ne\",\"icon\":\"arrow-right\",\"link\":\"contact\\\/\"}}]}]},{\"type\":\"column\",\"props\":{\"image_position\":\"center-center\",\"media_overlay_gradient\":\"\",\"width_small\":\"1-3\"},\"children\":[{\"type\":\"video\",\"props\":{\"video_controls\":true,\"margin\":\"default\",\"video\":\"wp-content\\\/uploads\\\/gat.mov\",\"video_loop\":true,\"video_poster\":\"wp-content\\\/uploads\\\/video-gat.png\"}},{\"type\":\"video\",\"props\":{\"video_controls\":true,\"margin\":\"default\",\"video\":\"wp-content\\\/uploads\\\/decolteu.mov\",\"video_poster\":\"wp-content\\\/uploads\\\/video-decolteu.png\",\"video_lazyload\":true}}]}]}]}],\"version\":\"2.5.1\"} --><\/p>\n","protected":false},"excerpt":{"rendered":"<p>G\u00e2t \u0219i decolteu Completeaz\u0103 armonios frumuse\u021bea chipului Fa\u021b\u0103 \u0219i g\u00e2t Abdomen Picioare Zona intim\u0103 Genital C\u00e2nd suntem tineri nu d\u0103m foarte mare importan\u021b\u0103 pielii. Din p\u0103cate, \u00eens\u0103,\u00a0\u00eemb\u0103tr\u00e2nirea prematur\u0103\u00a0a pielii \u0219i, \u00een special, a pielii g\u00e2tului este o problem\u0103 cu care femeile se confrunt\u0103 din ce \u00een ce mai des \u0219i de la v\u00e2rste tot mai [&hellip;]<\/p>\n","protected":false},"author":7,"featured_media":0,"parent":0,"menu_order":0,"comment_status":"closed","ping_status":"closed","template":"","meta":{"footnotes":""},"class_list":["post-185","page","type-page","status-publish","hentry"],"yoast_head":"<!-- This site is optimized with the Yoast SEO plugin v27.2 - https:\/\/yoast.com\/product\/yoast-seo-wordpress\/ -->\n<title>G\u00e2t \u0219i decolteu - Nova Vita Clinic Oradea<\/title>\n<meta name=\"robots\" content=\"index, follow, max-snippet:-1, max-image-preview:large, max-video-preview:-1\" \/>\n<link rel=\"canonical\" href=\"https:\/\/novavita.ro\/en\/gat\/\" \/>\n<meta property=\"og:locale\" content=\"en_US\" \/>\n<meta property=\"og:type\" content=\"article\" \/>\n<meta property=\"og:title\" content=\"G\u00e2t \u0219i decolteu - Nova Vita Clinic Oradea\" \/>\n<meta property=\"og:description\" content=\"G\u00e2t \u0219i decolteu Completeaz\u0103 armonios frumuse\u021bea chipului Fa\u021b\u0103 \u0219i g\u00e2t Abdomen Picioare Zona intim\u0103 Genital C\u00e2nd suntem tineri nu d\u0103m foarte mare importan\u021b\u0103 pielii. Din p\u0103cate, \u00eens\u0103,\u00a0\u00eemb\u0103tr\u00e2nirea prematur\u0103\u00a0a pielii \u0219i, \u00een special, a pielii g\u00e2tului este o problem\u0103 cu care femeile se confrunt\u0103 din ce \u00een ce mai des \u0219i de la v\u00e2rste tot mai [&hellip;]\" \/>\n<meta property=\"og:url\" content=\"https:\/\/novavita.ro\/en\/gat\/\" \/>\n<meta property=\"og:site_name\" content=\"Nova Vita Clinic Oradea\" \/>\n<meta property=\"article:modified_time\" content=\"2021-07-01T13:04:00+00:00\" \/>\n<meta property=\"og:image\" content=\"https:\/\/novavita.ro\/wp-content\/uploads\/Beauty-Gat.jpg\" \/>\n<meta name=\"twitter:card\" content=\"summary_large_image\" \/>\n<meta name=\"twitter:label1\" content=\"Est. reading time\" \/>\n\t<meta name=\"twitter:data1\" content=\"1 minute\" \/>\n<script type=\"application\/ld+json\" class=\"yoast-schema-graph\">{\"@context\":\"https:\/\/schema.org\",\"@graph\":[{\"@type\":\"WebPage\",\"@id\":\"https:\/\/novavita.ro\/gat\/\",\"url\":\"https:\/\/novavita.ro\/gat\/\",\"name\":\"G\u00e2t \u0219i decolteu - Nova Vita Clinic Oradea\",\"isPartOf\":{\"@id\":\"https:\/\/novavita.ro\/#website\"},\"datePublished\":\"2019-04-18T11:03:18+00:00\",\"dateModified\":\"2021-07-01T13:04:00+00:00\",\"breadcrumb\":{\"@id\":\"https:\/\/novavita.ro\/gat\/#breadcrumb\"},\"inLanguage\":\"en-US\",\"potentialAction\":[{\"@type\":\"ReadAction\",\"target\":[\"https:\/\/novavita.ro\/gat\/\"]}]},{\"@type\":\"BreadcrumbList\",\"@id\":\"https:\/\/novavita.ro\/gat\/#breadcrumb\",\"itemListElement\":[{\"@type\":\"ListItem\",\"position\":1,\"name\":\"Prima pagin\u0103\",\"item\":\"https:\/\/novavita.ro\/\"},{\"@type\":\"ListItem\",\"position\":2,\"name\":\"G\u00e2t \u0219i decolteu\"}]},{\"@type\":\"WebSite\",\"@id\":\"https:\/\/novavita.ro\/#website\",\"url\":\"https:\/\/novavita.ro\/\",\"name\":\"Nova Vita Clinic Oradea\",\"description\":\"Clinic\u0103 de estetic\u0103 medical\u0103.\",\"potentialAction\":[{\"@type\":\"SearchAction\",\"target\":{\"@type\":\"EntryPoint\",\"urlTemplate\":\"https:\/\/novavita.ro\/?s={search_term_string}\"},\"query-input\":{\"@type\":\"PropertyValueSpecification\",\"valueRequired\":true,\"valueName\":\"search_term_string\"}}],\"inLanguage\":\"en-US\"}]}<\/script>\n<!-- \/ Yoast SEO plugin. -->","yoast_head_json":{"title":"G\u00e2t \u0219i decolteu - Nova Vita Clinic Oradea","robots":{"index":"index","follow":"follow","max-snippet":"max-snippet:-1","max-image-preview":"max-image-preview:large","max-video-preview":"max-video-preview:-1"},"canonical":"https:\/\/novavita.ro\/en\/gat\/","og_locale":"en_US","og_type":"article","og_title":"G\u00e2t \u0219i decolteu - Nova Vita Clinic Oradea","og_description":"G\u00e2t \u0219i decolteu Completeaz\u0103 armonios frumuse\u021bea chipului Fa\u021b\u0103 \u0219i g\u00e2t Abdomen Picioare Zona intim\u0103 Genital C\u00e2nd suntem tineri nu d\u0103m foarte mare importan\u021b\u0103 pielii. Din p\u0103cate, \u00eens\u0103,\u00a0\u00eemb\u0103tr\u00e2nirea prematur\u0103\u00a0a pielii \u0219i, \u00een special, a pielii g\u00e2tului este o problem\u0103 cu care femeile se confrunt\u0103 din ce \u00een ce mai des \u0219i de la v\u00e2rste tot mai [&hellip;]","og_url":"https:\/\/novavita.ro\/en\/gat\/","og_site_name":"Nova Vita Clinic Oradea","article_modified_time":"2021-07-01T13:04:00+00:00","og_image":[{"url":"https:\/\/novavita.ro\/wp-content\/uploads\/Beauty-Gat.jpg","type":"","width":"","height":""}],"twitter_card":"summary_large_image","twitter_misc":{"Est. reading time":"1 minute"},"schema":{"@context":"https:\/\/schema.org","@graph":[{"@type":"WebPage","@id":"https:\/\/novavita.ro\/gat\/","url":"https:\/\/novavita.ro\/gat\/","name":"G\u00e2t \u0219i decolteu - Nova Vita Clinic Oradea","isPartOf":{"@id":"https:\/\/novavita.ro\/#website"},"datePublished":"2019-04-18T11:03:18+00:00","dateModified":"2021-07-01T13:04:00+00:00","breadcrumb":{"@id":"https:\/\/novavita.ro\/gat\/#breadcrumb"},"inLanguage":"en-US","potentialAction":[{"@type":"ReadAction","target":["https:\/\/novavita.ro\/gat\/"]}]},{"@type":"BreadcrumbList","@id":"https:\/\/novavita.ro\/gat\/#breadcrumb","itemListElement":[{"@type":"ListItem","position":1,"name":"Prima pagin\u0103","item":"https:\/\/novavita.ro\/"},{"@type":"ListItem","position":2,"name":"G\u00e2t \u0219i decolteu"}]},{"@type":"WebSite","@id":"https:\/\/novavita.ro\/#website","url":"https:\/\/novavita.ro\/","name":"Nova Vita Clinic Oradea","description":"Clinic\u0103 de estetic\u0103 medical\u0103.","potentialAction":[{"@type":"SearchAction","target":{"@type":"EntryPoint","urlTemplate":"https:\/\/novavita.ro\/?s={search_term_string}"},"query-input":{"@type":"PropertyValueSpecification","valueRequired":true,"valueName":"search_term_string"}}],"inLanguage":"en-US"}]}},"jetpack_sharing_enabled":true,"_links":{"self":[{"href":"https:\/\/novavita.ro\/en\/wp-json\/wp\/v2\/pages\/185","targetHints":{"allow":["GET"]}}],"collection":[{"href":"https:\/\/novavita.ro\/en\/wp-json\/wp\/v2\/pages"}],"about":[{"href":"https:\/\/novavita.ro\/en\/wp-json\/wp\/v2\/types\/page"}],"author":[{"embeddable":true,"href":"https:\/\/novavita.ro\/en\/wp-json\/wp\/v2\/users\/7"}],"replies":[{"embeddable":true,"href":"https:\/\/novavita.ro\/en\/wp-json\/wp\/v2\/comments?post=185"}],"version-history":[{"count":3,"href":"https:\/\/novavita.ro\/en\/wp-json\/wp\/v2\/pages\/185\/revisions"}],"predecessor-version":[{"id":1830,"href":"https:\/\/novavita.ro\/en\/wp-json\/wp\/v2\/pages\/185\/revisions\/1830"}],"wp:attachment":[{"href":"https:\/\/novavita.ro\/en\/wp-json\/wp\/v2\/media?parent=185"}],"curies":[{"name":"wp","href":"https:\/\/api.w.org\/{rel}","templated":true}]}}