{"id":187,"date":"2019-04-18T14:03:59","date_gmt":"2019-04-18T12:03:59","guid":{"rendered":"http:\/\/novavita.ro\/?page_id=187"},"modified":"2021-07-01T14:47:34","modified_gmt":"2021-07-01T11:47:34","slug":"abdomen","status":"publish","type":"page","link":"https:\/\/novavita.ro\/en\/abdomen\/","title":{"rendered":"Abdomen"},"content":{"rendered":"<h1>Abdomen<\/h1>\n<div> Cea mai mare cavitate a corpului uman<\/div>\n<ul>\n<li>\n        <a href=\"\/cap\/\">Fa\u021b\u0103 \u0219i g\u00e2t<\/a>\n    <\/li>\n<li>\n        <a href=\"\/gat\/\">G\u00e2t \u0219i decolteu<\/a>\n    <\/li>\n<li>\n        <a href=\"\/picioare\/\">Picioare<\/a>\n    <\/li>\n<li>\n        <a href=\"\/zona-intima\/\">Zona intim\u0103<\/a>\n    <\/li>\n<li>\n        <a href=\"\/genital\/\">Genital<\/a>\n    <\/li>\n<\/ul>\n<div>\n<p style=\"text-align: justify;\">Auzim foarte des c\u0103 un abdomen sculptat se face \u00een buc\u0103t\u0103rie. \u00cens\u0103 o alimenta\u021bie corect\u0103, de\u0219i foarte benefic\u0103 pentru organism \u0219i func\u021biile lui, nu este suficient\u0103 pentru a vedea rezultatele dorite. Din p\u0103cate, nici un abonament la sal\u0103 nu poate rezolva problemele din zona abdomenului pe deplin. \u00cens\u0103, nutri\u021bia potrivit\u0103 \u00eempreun\u0103 cu exerci\u021biile fizice recomandate \u0219i \u00eencununate cu <strong>sesiuni de remodelare corporal\u0103 pot face minuni.<\/strong> <strong>Remodelarea corporal\u0103<\/strong>\u00a0\u00a0\u00een clinica noastr\u0103 include proceduri f\u0103cute cu aparate de ultima genera\u021bie care au ca rezultat <b>reducerea \u021besutului adipos \u0219i a celulitei<\/b>, precum \u0219i tonifierea \u0219i liftingul pielii.<\/p>\n<p>De\u0219i exist\u0103 \u00eenc\u0103 reticen\u021be \u00een ceea ce prive\u0219te procedurile de remodelare corporal\u0103 \u0219i eficacitatea lor, trebuie s\u0103 \u0219ti\u021bi c\u0103 acestea <strong>nu dau gre\u0219 dac\u0103 au la baz\u0103 un plan de tratament bine g\u00e2ndit, pliat pe nevoile dumneavoastr\u0103\u00a0 \u0219i executat de speciali\u0219ti \u00een domeniu,<\/strong> iar rezultatele nu vor \u00eent\u00e2rzia s\u0103 apar\u0103.<\/p>\n<\/div>\n<p><img decoding=\"async\" src=\"\/wp-content\/uploads\/Beauty-Abdomen.jpg\" alt=\"Abdomen\"><\/p>\n<p>\n    <a href=\"\/contact\/\">Contacteaz\u0103-ne<\/a>\n<\/p>\n<p><video src=\"\/wp-content\/uploads\/burta.mov\" poster=\"\/wp-content\/uploads\/video-abdomen.png\"><\/video><br \/>\n<video src=\"\/wp-content\/uploads\/burta-barbat.mov\" poster=\"\/wp-content\/uploads\/video-abdomen-2.png\"><\/video><\/p>\n<p><!--more--><br \/>\n<!-- {\"name\":\"Submeniu - Pagina\",\"type\":\"layout\",\"children\":[{\"name\":\"Hero\",\"type\":\"section\",\"props\":{\"style\":\"muted\",\"width\":\"small\",\"vertical_align\":\"middle\",\"title_position\":\"top-left\",\"title_rotation\":\"left\",\"title_breakpoint\":\"xl\",\"image_position\":\"center-center\",\"padding\":\"small\",\"padding_remove_bottom\":false,\"image\":\"\"},\"children\":[{\"name\":\"\",\"type\":\"row\",\"children\":[{\"name\":\"\",\"type\":\"column\",\"props\":{\"image_position\":\"center-center\",\"media_overlay_gradient\":\"\",\"width_medium\":\"1-1\"},\"children\":[{\"name\":\"\",\"type\":\"headline\",\"props\":{\"title_element\":\"h1\",\"content\":\"Abdomen\",\"margin_remove_bottom\":true,\"text_align_fallback\":\"center\",\"title_style\":\"h1\",\"class\":\"\"}},{\"name\":\"\",\"type\":\"headline\",\"props\":{\"title_element\":\"div\",\"content\":\" Cea mai mare cavitate a corpului uman\",\"title_decoration\":\"bullet\",\"title_style\":\"h5\",\"margin\":\"small\",\"text_align_breakpoint\":\"m\",\"text_align_fallback\":\"center\",\"title_color\":\"muted\"}},{\"type\":\"button\",\"props\":{\"margin\":\"default\",\"button_size\":\"small\",\"grid_column_gap\":\"small\",\"grid_row_gap\":\"small\"},\"children\":[{\"type\":\"button_item\",\"props\":{\"button_style\":\"primary\",\"icon_align\":\"left\",\"content\":\"Fa\\u021b\\u0103 \\u0219i g\\u00e2t\",\"link\":\"cap\\\/\"}},{\"type\":\"button_item\",\"props\":{\"button_style\":\"primary\",\"icon_align\":\"left\",\"content\":\"G\\u00e2t \\u0219i decolteu\",\"link\":\"gat\\\/\"}},{\"type\":\"button_item\",\"props\":{\"button_style\":\"primary\",\"icon_align\":\"left\",\"content\":\"Picioare\",\"link\":\"picioare\\\/\"}},{\"type\":\"button_item\",\"props\":{\"button_style\":\"primary\",\"icon_align\":\"left\",\"content\":\"Zona intim\\u0103\",\"link\":\"zona-intima\\\/\"}},{\"type\":\"button_item\",\"props\":{\"button_style\":\"primary\",\"icon_align\":\"left\",\"content\":\"Genital\",\"link\":\"genital\\\/\"}}]}]}]}]},{\"name\":\"Aromaterapie\",\"type\":\"section\",\"props\":{\"style\":\"default\",\"width\":\"default\",\"vertical_align\":\"middle\",\"title_position\":\"top-right\",\"title_rotation\":\"left\",\"title_breakpoint\":\"xl\",\"image_position\":\"center-center\",\"title\":\"Meloterapia &amp;amp; Wellness\",\"padding\":\"large\",\"image\":\"\"},\"children\":[{\"name\":\"\",\"type\":\"row\",\"props\":{\"layout\":\"2-3,1-3\",\"vertical_align\":true,\"column_gap\":\"large\",\"row_gap\":\"large\"},\"children\":[{\"name\":\"\",\"type\":\"column\",\"props\":{\"image_position\":\"center-center\",\"media_overlay_gradient\":\"\",\"width_small\":\"2-3\"},\"children\":[{\"name\":\"\",\"type\":\"text\",\"props\":{\"margin\":\"large\",\"column_breakpoint\":\"m\",\"content\":\"\n\n<p style=\\\"text-align: justify;\\\">Auzim foarte des c\\u0103 un abdomen sculptat se face \\u00een buc\\u0103t\\u0103rie. \\u00cens\\u0103 o alimenta\\u021bie corect\\u0103, de\\u0219i foarte benefic\\u0103 pentru organism \\u0219i func\\u021biile lui, nu este suficient\\u0103 pentru a vedea rezultatele dorite. Din p\\u0103cate, nici un abonament la sal\\u0103 nu poate rezolva problemele din zona abdomenului pe deplin. \\u00cens\\u0103, nutri\\u021bia potrivit\\u0103 \\u00eempreun\\u0103 cu exerci\\u021biile fizice recomandate \\u0219i \\u00eencununate cu <strong>sesiuni de remodelare corporal\\u0103 pot face minuni.<\\\/strong> <strong>Remodelarea corporal\\u0103<\\\/strong>\\u00a0\\u00a0\\u00een clinica noastr\\u0103 include proceduri f\\u0103cute cu aparate de ultima genera\\u021bie care au ca rezultat <b>reducerea \\u021besutului adipos \\u0219i a celulitei<\\\/b>, precum \\u0219i tonifierea \\u0219i liftingul pielii.<br \\\/><br \\\/>De\\u0219i exist\\u0103 \\u00eenc\\u0103 reticen\\u021be \\u00een ceea ce prive\\u0219te procedurile de remodelare corporal\\u0103 \\u0219i eficacitatea lor, trebuie s\\u0103 \\u0219ti\\u021bi c\\u0103 acestea <strong>nu dau gre\\u0219 dac\\u0103 au la baz\\u0103 un plan de tratament bine g\\u00e2ndit, pliat pe nevoile dumneavoastr\\u0103\\u00a0 \\u0219i executat de speciali\\u0219ti \\u00een domeniu,<\\\/strong> iar rezultatele nu vor \\u00eent\\u00e2rzia s\\u0103 apar\\u0103.<\\\/p>\",\"text_align_breakpoint\":\"m\",\"text_align_fallback\":\"center\"}},{\"type\":\"image\",\"props\":{\"margin\":\"default\",\"image_svg_color\":\"emphasis\",\"image_border\":\"rounded\",\"image_box_shadow\":\"medium\",\"image\":\"wp-content\\\/uploads\\\/Beauty-Abdomen.jpg\",\"image_width\":\"700\",\"image_height\":\"700\",\"image_alt\":\"Abdomen\",\"image_svg_inline\":false}},{\"name\":\"\",\"type\":\"button\",\"props\":{\"margin\":\"default\",\"fullwidth\":false,\"text_align_breakpoint\":\"m\",\"text_align_fallback\":\"center\",\"grid_column_gap\":\"\",\"grid_row_gap\":\"\"},\"children\":[{\"name\":\"\",\"type\":\"button_item\",\"props\":{\"button_style\":\"text\",\"icon_align\":\"right\",\"content\":\"Contacteaz\\u0103-ne\",\"icon\":\"arrow-right\",\"link\":\"contact\\\/\"}}]}]},{\"type\":\"column\",\"props\":{\"image_position\":\"center-center\",\"media_overlay_gradient\":\"\",\"width_small\":\"1-3\"},\"children\":[{\"type\":\"video\",\"props\":{\"video_controls\":true,\"margin\":\"default\",\"video\":\"wp-content\\\/uploads\\\/burta.mov\",\"video_loop\":false,\"video_lazyload\":true,\"video_autoplay\":\"\",\"video_poster\":\"wp-content\\\/uploads\\\/video-abdomen.png\"}},{\"type\":\"video\",\"props\":{\"video_controls\":true,\"margin\":\"default\",\"video\":\"wp-content\\\/uploads\\\/burta-barbat.mov\",\"video_loop\":false,\"video_lazyload\":true,\"video_autoplay\":\"\",\"video_poster\":\"wp-content\\\/uploads\\\/video-abdomen-2.png\"}}]}]}]}],\"version\":\"2.5.1\"} --><\/p>\n","protected":false},"excerpt":{"rendered":"<p>Abdomen Cea mai mare cavitate a corpului uman Fa\u021b\u0103 \u0219i g\u00e2t G\u00e2t \u0219i decolteu Picioare Zona intim\u0103 Genital Auzim foarte des c\u0103 un abdomen sculptat se face \u00een buc\u0103t\u0103rie. \u00cens\u0103 o alimenta\u021bie corect\u0103, de\u0219i foarte benefic\u0103 pentru organism \u0219i func\u021biile lui, nu este suficient\u0103 pentru a vedea rezultatele dorite. Din p\u0103cate, nici un abonament la [&hellip;]<\/p>\n","protected":false},"author":7,"featured_media":0,"parent":0,"menu_order":0,"comment_status":"closed","ping_status":"closed","template":"","meta":{"footnotes":""},"class_list":["post-187","page","type-page","status-publish","hentry"],"yoast_head":"<!-- This site is optimized with the Yoast SEO plugin v27.2 - https:\/\/yoast.com\/product\/yoast-seo-wordpress\/ -->\n<title>Abdomen - Nova Vita Clinic Oradea<\/title>\n<meta name=\"robots\" content=\"index, follow, max-snippet:-1, max-image-preview:large, max-video-preview:-1\" \/>\n<link rel=\"canonical\" href=\"https:\/\/novavita.ro\/en\/abdomen\/\" \/>\n<meta property=\"og:locale\" content=\"en_US\" \/>\n<meta property=\"og:type\" content=\"article\" \/>\n<meta property=\"og:title\" content=\"Abdomen - Nova Vita Clinic Oradea\" \/>\n<meta property=\"og:description\" content=\"Abdomen Cea mai mare cavitate a corpului uman Fa\u021b\u0103 \u0219i g\u00e2t G\u00e2t \u0219i decolteu Picioare Zona intim\u0103 Genital Auzim foarte des c\u0103 un abdomen sculptat se face \u00een buc\u0103t\u0103rie. \u00cens\u0103 o alimenta\u021bie corect\u0103, de\u0219i foarte benefic\u0103 pentru organism \u0219i func\u021biile lui, nu este suficient\u0103 pentru a vedea rezultatele dorite. Din p\u0103cate, nici un abonament la [&hellip;]\" \/>\n<meta property=\"og:url\" content=\"https:\/\/novavita.ro\/en\/abdomen\/\" \/>\n<meta property=\"og:site_name\" content=\"Nova Vita Clinic Oradea\" \/>\n<meta property=\"article:modified_time\" content=\"2021-07-01T11:47:34+00:00\" \/>\n<meta property=\"og:image\" content=\"https:\/\/novavita.ro\/wp-content\/uploads\/Beauty-Abdomen.jpg\" \/>\n<meta name=\"twitter:card\" content=\"summary_large_image\" \/>\n<meta name=\"twitter:label1\" content=\"Est. reading time\" \/>\n\t<meta name=\"twitter:data1\" content=\"1 minute\" \/>\n<script type=\"application\/ld+json\" class=\"yoast-schema-graph\">{\"@context\":\"https:\/\/schema.org\",\"@graph\":[{\"@type\":\"WebPage\",\"@id\":\"https:\/\/novavita.ro\/abdomen\/\",\"url\":\"https:\/\/novavita.ro\/abdomen\/\",\"name\":\"Abdomen - Nova Vita Clinic Oradea\",\"isPartOf\":{\"@id\":\"https:\/\/novavita.ro\/#website\"},\"datePublished\":\"2019-04-18T12:03:59+00:00\",\"dateModified\":\"2021-07-01T11:47:34+00:00\",\"breadcrumb\":{\"@id\":\"https:\/\/novavita.ro\/abdomen\/#breadcrumb\"},\"inLanguage\":\"en-US\",\"potentialAction\":[{\"@type\":\"ReadAction\",\"target\":[\"https:\/\/novavita.ro\/abdomen\/\"]}]},{\"@type\":\"BreadcrumbList\",\"@id\":\"https:\/\/novavita.ro\/abdomen\/#breadcrumb\",\"itemListElement\":[{\"@type\":\"ListItem\",\"position\":1,\"name\":\"Prima pagin\u0103\",\"item\":\"https:\/\/novavita.ro\/\"},{\"@type\":\"ListItem\",\"position\":2,\"name\":\"Abdomen\"}]},{\"@type\":\"WebSite\",\"@id\":\"https:\/\/novavita.ro\/#website\",\"url\":\"https:\/\/novavita.ro\/\",\"name\":\"Nova Vita Clinic Oradea\",\"description\":\"Clinic\u0103 de estetic\u0103 medical\u0103.\",\"potentialAction\":[{\"@type\":\"SearchAction\",\"target\":{\"@type\":\"EntryPoint\",\"urlTemplate\":\"https:\/\/novavita.ro\/?s={search_term_string}\"},\"query-input\":{\"@type\":\"PropertyValueSpecification\",\"valueRequired\":true,\"valueName\":\"search_term_string\"}}],\"inLanguage\":\"en-US\"}]}<\/script>\n<!-- \/ Yoast SEO plugin. -->","yoast_head_json":{"title":"Abdomen - Nova Vita Clinic Oradea","robots":{"index":"index","follow":"follow","max-snippet":"max-snippet:-1","max-image-preview":"max-image-preview:large","max-video-preview":"max-video-preview:-1"},"canonical":"https:\/\/novavita.ro\/en\/abdomen\/","og_locale":"en_US","og_type":"article","og_title":"Abdomen - Nova Vita Clinic Oradea","og_description":"Abdomen Cea mai mare cavitate a corpului uman Fa\u021b\u0103 \u0219i g\u00e2t G\u00e2t \u0219i decolteu Picioare Zona intim\u0103 Genital Auzim foarte des c\u0103 un abdomen sculptat se face \u00een buc\u0103t\u0103rie. \u00cens\u0103 o alimenta\u021bie corect\u0103, de\u0219i foarte benefic\u0103 pentru organism \u0219i func\u021biile lui, nu este suficient\u0103 pentru a vedea rezultatele dorite. Din p\u0103cate, nici un abonament la [&hellip;]","og_url":"https:\/\/novavita.ro\/en\/abdomen\/","og_site_name":"Nova Vita Clinic Oradea","article_modified_time":"2021-07-01T11:47:34+00:00","og_image":[{"url":"https:\/\/novavita.ro\/wp-content\/uploads\/Beauty-Abdomen.jpg","type":"","width":"","height":""}],"twitter_card":"summary_large_image","twitter_misc":{"Est. reading time":"1 minute"},"schema":{"@context":"https:\/\/schema.org","@graph":[{"@type":"WebPage","@id":"https:\/\/novavita.ro\/abdomen\/","url":"https:\/\/novavita.ro\/abdomen\/","name":"Abdomen - Nova Vita Clinic Oradea","isPartOf":{"@id":"https:\/\/novavita.ro\/#website"},"datePublished":"2019-04-18T12:03:59+00:00","dateModified":"2021-07-01T11:47:34+00:00","breadcrumb":{"@id":"https:\/\/novavita.ro\/abdomen\/#breadcrumb"},"inLanguage":"en-US","potentialAction":[{"@type":"ReadAction","target":["https:\/\/novavita.ro\/abdomen\/"]}]},{"@type":"BreadcrumbList","@id":"https:\/\/novavita.ro\/abdomen\/#breadcrumb","itemListElement":[{"@type":"ListItem","position":1,"name":"Prima pagin\u0103","item":"https:\/\/novavita.ro\/"},{"@type":"ListItem","position":2,"name":"Abdomen"}]},{"@type":"WebSite","@id":"https:\/\/novavita.ro\/#website","url":"https:\/\/novavita.ro\/","name":"Nova Vita Clinic Oradea","description":"Clinic\u0103 de estetic\u0103 medical\u0103.","potentialAction":[{"@type":"SearchAction","target":{"@type":"EntryPoint","urlTemplate":"https:\/\/novavita.ro\/?s={search_term_string}"},"query-input":{"@type":"PropertyValueSpecification","valueRequired":true,"valueName":"search_term_string"}}],"inLanguage":"en-US"}]}},"jetpack_sharing_enabled":true,"_links":{"self":[{"href":"https:\/\/novavita.ro\/en\/wp-json\/wp\/v2\/pages\/187","targetHints":{"allow":["GET"]}}],"collection":[{"href":"https:\/\/novavita.ro\/en\/wp-json\/wp\/v2\/pages"}],"about":[{"href":"https:\/\/novavita.ro\/en\/wp-json\/wp\/v2\/types\/page"}],"author":[{"embeddable":true,"href":"https:\/\/novavita.ro\/en\/wp-json\/wp\/v2\/users\/7"}],"replies":[{"embeddable":true,"href":"https:\/\/novavita.ro\/en\/wp-json\/wp\/v2\/comments?post=187"}],"version-history":[{"count":3,"href":"https:\/\/novavita.ro\/en\/wp-json\/wp\/v2\/pages\/187\/revisions"}],"predecessor-version":[{"id":1792,"href":"https:\/\/novavita.ro\/en\/wp-json\/wp\/v2\/pages\/187\/revisions\/1792"}],"wp:attachment":[{"href":"https:\/\/novavita.ro\/en\/wp-json\/wp\/v2\/media?parent=187"}],"curies":[{"name":"wp","href":"https:\/\/api.w.org\/{rel}","templated":true}]}}