{"id":191,"date":"2019-04-18T14:04:29","date_gmt":"2019-04-18T11:04:29","guid":{"rendered":"http:\/\/novavita.ro\/?page_id=191"},"modified":"2021-05-11T21:42:57","modified_gmt":"2021-05-11T18:42:57","slug":"genital","status":"publish","type":"page","link":"https:\/\/novavita.ro\/en\/genital\/","title":{"rendered":"Genital"},"content":{"rendered":"<h1>Genital<\/h1>\n<div>Tratamente bine structurate, cu rezultate vizibile rapid<\/div>\n<ul>\n<li>\n        <a href=\"\/cap\/\">Fa\u021b\u0103 \u0219i g\u00e2t<\/a>\n    <\/li>\n<li>\n        <a href=\"\/gat\/\">G\u00e2t \u0219i decolteu<\/a>\n    <\/li>\n<li>\n        <a href=\"\/abdomen\/\">Abdomen<\/a>\n    <\/li>\n<li>\n        <a href=\"\/picioare\/\">Picioare<\/a>\n    <\/li>\n<li>\n        <a href=\"\/zona-intima\/\">Zon\u0103 intim\u0103<\/a>\n    <\/li>\n<\/ul>\n<div><\/p>\n<p style=\"text-align: justify;\">Studiile arat\u0103 c\u0103\u00a0<b>70% din femei se confrunt\u0103 cu atrofie vaginal\u0103, usc\u0103ciune, diferite infec\u021bii \u0219i\/sau incontinen\u021b\u0103 urinar\u0103, la menopauz\u0103.\u00a0<\/b>Problemele acestea nu doar c\u0103 au un\u00a0<b>impact major asupra calit\u0103\u021bii vie\u021bii,<\/b>dar tratarea lor nici nu a fost posibil\u0103 cu solu\u021bii non-invazive p\u00e2n\u0103 \u00een prezent. Acum, datorit\u0103 inova\u021biei tehnologice, exist\u0103 tratamente bine structurate care\u00a0<b>redau lubrifierea natural\u0103 \u0219i elasticitatea vaginului,\u00a0<\/b>care\u00a0elimin\u0103 problema\u00a0mirosului nepl\u0103cut, a\u00a0<b>incontinen\u021bei urinare<\/b>, ce este cauzat\u0103 de laxitatea fibrelor musculare din aceast\u0103 zona.<\/p>\n<p>Tratamentele disponibile ast\u0103zi se adreseaz\u0103 tuturor femeilor care vor s\u0103 amelioreze problemele l\u0103sate \u00een urm\u0103 de na\u0219terea natural\u0103 \u0219i \u00eemb\u0103tr\u00e2nirea aparatului genital, prin interven\u021bii de ultim\u0103-genera\u021bie \u0219i cu\u00a0<b>rezultate vizibile rapid.<\/b><b>\u00a0\u00a0<\/b><\/p>\n<\/div>\n<p>\n    <a href=\"\/contact\/\">Contacteaz\u0103-ne<\/a>\n<\/p>\n<p><img decoding=\"async\" src=\"\/wp-content\/uploads\/Beauty-Genital.jpg\" alt=\"Beauty Genital\"><\/p>\n<p><!--more--><br \/>\n<!-- {\"name\":\"Submeniu - Pagina\",\"type\":\"layout\",\"children\":[{\"name\":\"Hero\",\"type\":\"section\",\"props\":{\"style\":\"muted\",\"width\":\"small\",\"vertical_align\":\"middle\",\"title_position\":\"top-left\",\"title_rotation\":\"left\",\"title_breakpoint\":\"xl\",\"image_position\":\"center-center\",\"padding\":\"small\",\"padding_remove_bottom\":false,\"image\":\"\"},\"children\":[{\"name\":\"\",\"type\":\"row\",\"children\":[{\"name\":\"\",\"type\":\"column\",\"props\":{\"image_position\":\"center-center\",\"media_overlay_gradient\":\"\",\"width_medium\":\"1-1\"},\"children\":[{\"name\":\"\",\"type\":\"headline\",\"props\":{\"title_element\":\"h1\",\"content\":\"Genital\",\"margin_remove_bottom\":true,\"text_align_fallback\":\"center\",\"title_style\":\"h1\",\"class\":\"\"}},{\"name\":\"\",\"type\":\"headline\",\"props\":{\"title_element\":\"div\",\"content\":\"Tratamente bine structurate, cu rezultate vizibile rapid\",\"title_decoration\":\"bullet\",\"title_style\":\"h5\",\"margin\":\"small\",\"text_align_breakpoint\":\"m\",\"text_align_fallback\":\"center\",\"title_color\":\"muted\"}},{\"type\":\"button\",\"props\":{\"margin\":\"default\",\"button_size\":\"small\",\"grid_column_gap\":\"small\",\"grid_row_gap\":\"small\"},\"children\":[{\"type\":\"button_item\",\"props\":{\"button_style\":\"primary\",\"icon_align\":\"left\",\"content\":\"Fa\\u021b\\u0103 \\u0219i g\\u00e2t\",\"link\":\"cap\\\/\"}},{\"type\":\"button_item\",\"props\":{\"button_style\":\"primary\",\"icon_align\":\"left\",\"content\":\"G\\u00e2t \\u0219i decolteu\",\"link\":\"gat\\\/\"}},{\"type\":\"button_item\",\"props\":{\"button_style\":\"primary\",\"icon_align\":\"left\",\"content\":\"Abdomen\",\"link\":\"abdomen\\\/\"}},{\"type\":\"button_item\",\"props\":{\"button_style\":\"primary\",\"icon_align\":\"left\",\"content\":\"Picioare\",\"link\":\"picioare\\\/\"}},{\"type\":\"button_item\",\"props\":{\"button_style\":\"primary\",\"icon_align\":\"left\",\"content\":\"Zon\\u0103 intim\\u0103\",\"link\":\"zona-intima\\\/\"}}]}]}]}]},{\"name\":\"Aromaterapie\",\"type\":\"section\",\"props\":{\"style\":\"default\",\"width\":\"default\",\"vertical_align\":\"middle\",\"title_position\":\"top-right\",\"title_rotation\":\"left\",\"title_breakpoint\":\"xl\",\"image_position\":\"center-center\",\"title\":\"Meloterapia &amp; Wellness\",\"padding\":\"large\",\"image\":\"\"},\"children\":[{\"name\":\"\",\"type\":\"row\",\"props\":{\"layout\":\"2-3,1-3\",\"vertical_align\":true,\"column_gap\":\"large\",\"row_gap\":\"large\"},\"children\":[{\"name\":\"\",\"type\":\"column\",\"props\":{\"image_position\":\"center-center\",\"media_overlay_gradient\":\"\",\"width_small\":\"2-3\"},\"children\":[{\"name\":\"\",\"type\":\"text\",\"props\":{\"margin\":\"large\",\"column_breakpoint\":\"m\",\"content\":\"<br \/>\n\n<p style=\\\"text-align: justify;\\\">Studiile arat\\u0103 c\\u0103\\u00a0<b>70% din femei se confrunt\\u0103 cu atrofie vaginal\\u0103, usc\\u0103ciune, diferite infec\\u021bii \\u0219i\\\/sau incontinen\\u021b\\u0103 urinar\\u0103, la menopauz\\u0103.\\u00a0<\\\/b>Problemele acestea nu doar c\\u0103 au un\\u00a0<b>impact major asupra calit\\u0103\\u021bii vie\\u021bii,<\\\/b>dar tratarea lor nici nu a fost posibil\\u0103 cu solu\\u021bii non-invazive p\\u00e2n\\u0103 \\u00een prezent. Acum, datorit\\u0103 inova\\u021biei tehnologice, exist\\u0103 tratamente bine structurate care\\u00a0<b>redau lubrifierea natural\\u0103 \\u0219i elasticitatea vaginului,\\u00a0<\\\/b>care\\u00a0elimin\\u0103 problema\\u00a0mirosului nepl\\u0103cut, a\\u00a0<b>incontinen\\u021bei urinare<\\\/b>, ce este cauzat\\u0103 de laxitatea fibrelor musculare din aceast\\u0103 zona.<br \\\/><br \\\/>Tratamentele disponibile ast\\u0103zi se adreseaz\\u0103 tuturor femeilor care vor s\\u0103 amelioreze problemele l\\u0103sate \\u00een urm\\u0103 de na\\u0219terea natural\\u0103 \\u0219i \\u00eemb\\u0103tr\\u00e2nirea aparatului genital, prin interven\\u021bii de ultim\\u0103-genera\\u021bie \\u0219i cu\\u00a0<b>rezultate vizibile rapid.<\\\/b><b>\\u00a0\\u00a0<\\\/b><\\\/p>\",\"text_align_breakpoint\":\"m\",\"text_align_fallback\":\"center\"}},{\"name\":\"\",\"type\":\"button\",\"props\":{\"margin\":\"default\",\"fullwidth\":false,\"text_align_breakpoint\":\"m\",\"text_align_fallback\":\"center\",\"grid_column_gap\":\"\",\"grid_row_gap\":\"\"},\"children\":[{\"name\":\"\",\"type\":\"button_item\",\"props\":{\"button_style\":\"text\",\"icon_align\":\"right\",\"content\":\"Contacteaz\\u0103-ne\",\"icon\":\"arrow-right\",\"link\":\"contact\\\/\"}}]}]},{\"type\":\"column\",\"props\":{\"image_position\":\"center-center\",\"media_overlay_gradient\":\"\",\"width_small\":\"1-3\"},\"children\":[{\"type\":\"image\",\"props\":{\"margin\":\"default\",\"image_svg_color\":\"emphasis\",\"image_border\":\"rounded\",\"image_box_shadow\":\"medium\",\"image\":\"wp-content\\\/uploads\\\/Beauty-Genital.jpg\",\"image_width\":\"700\",\"image_height\":\"700\",\"image_alt\":\"Beauty Genital\",\"image_svg_inline\":false}}]}]}]}],\"version\":\"2.4.14\"} --><\/p>\n","protected":false},"excerpt":{"rendered":"<p>Genital Tratamente bine structurate, cu rezultate vizibile rapid Fa\u021b\u0103 \u0219i g\u00e2t G\u00e2t \u0219i decolteu Abdomen Picioare Zon\u0103 intim\u0103 Studiile arat\u0103 c\u0103\u00a070% din femei se confrunt\u0103 cu atrofie vaginal\u0103, usc\u0103ciune, diferite infec\u021bii \u0219i\/sau incontinen\u021b\u0103 urinar\u0103, la menopauz\u0103.\u00a0Problemele acestea nu doar c\u0103 au un\u00a0impact major asupra calit\u0103\u021bii vie\u021bii,dar tratarea lor nici nu a fost posibil\u0103 cu solu\u021bii [&hellip;]<\/p>\n","protected":false},"author":7,"featured_media":0,"parent":0,"menu_order":0,"comment_status":"closed","ping_status":"closed","template":"","meta":{"footnotes":""},"class_list":["post-191","page","type-page","status-publish","hentry"],"yoast_head":"<!-- This site is optimized with the Yoast SEO plugin v27.2 - https:\/\/yoast.com\/product\/yoast-seo-wordpress\/ -->\n<title>Genital - Nova Vita Clinic Oradea<\/title>\n<meta name=\"robots\" content=\"index, follow, max-snippet:-1, max-image-preview:large, max-video-preview:-1\" \/>\n<link rel=\"canonical\" href=\"https:\/\/novavita.ro\/en\/genital\/\" \/>\n<meta property=\"og:locale\" content=\"en_US\" \/>\n<meta property=\"og:type\" content=\"article\" \/>\n<meta property=\"og:title\" content=\"Genital - Nova Vita Clinic Oradea\" \/>\n<meta property=\"og:description\" content=\"Genital Tratamente bine structurate, cu rezultate vizibile rapid Fa\u021b\u0103 \u0219i g\u00e2t G\u00e2t \u0219i decolteu Abdomen Picioare Zon\u0103 intim\u0103 Studiile arat\u0103 c\u0103\u00a070% din femei se confrunt\u0103 cu atrofie vaginal\u0103, usc\u0103ciune, diferite infec\u021bii \u0219i\/sau incontinen\u021b\u0103 urinar\u0103, la menopauz\u0103.\u00a0Problemele acestea nu doar c\u0103 au un\u00a0impact major asupra calit\u0103\u021bii vie\u021bii,dar tratarea lor nici nu a fost posibil\u0103 cu solu\u021bii [&hellip;]\" \/>\n<meta property=\"og:url\" content=\"https:\/\/novavita.ro\/en\/genital\/\" \/>\n<meta property=\"og:site_name\" content=\"Nova Vita Clinic Oradea\" \/>\n<meta property=\"article:modified_time\" content=\"2021-05-11T18:42:57+00:00\" \/>\n<meta property=\"og:image\" content=\"https:\/\/novavita.ro\/wp-content\/uploads\/Beauty-Genital.jpg\" \/>\n<meta name=\"twitter:card\" content=\"summary_large_image\" \/>\n<meta name=\"twitter:label1\" content=\"Est. reading time\" \/>\n\t<meta name=\"twitter:data1\" content=\"1 minute\" \/>\n<script type=\"application\/ld+json\" class=\"yoast-schema-graph\">{\"@context\":\"https:\/\/schema.org\",\"@graph\":[{\"@type\":\"WebPage\",\"@id\":\"https:\/\/novavita.ro\/en\/genital\/\",\"url\":\"https:\/\/novavita.ro\/en\/genital\/\",\"name\":\"Genital - Nova Vita Clinic Oradea\",\"isPartOf\":{\"@id\":\"https:\/\/novavita.ro\/#website\"},\"datePublished\":\"2019-04-18T11:04:29+00:00\",\"dateModified\":\"2021-05-11T18:42:57+00:00\",\"breadcrumb\":{\"@id\":\"https:\/\/novavita.ro\/en\/genital\/#breadcrumb\"},\"inLanguage\":\"en-US\",\"potentialAction\":[{\"@type\":\"ReadAction\",\"target\":[\"https:\/\/novavita.ro\/en\/genital\/\"]}]},{\"@type\":\"BreadcrumbList\",\"@id\":\"https:\/\/novavita.ro\/en\/genital\/#breadcrumb\",\"itemListElement\":[{\"@type\":\"ListItem\",\"position\":1,\"name\":\"Prima pagin\u0103\",\"item\":\"https:\/\/novavita.ro\/\"},{\"@type\":\"ListItem\",\"position\":2,\"name\":\"Genital\"}]},{\"@type\":\"WebSite\",\"@id\":\"https:\/\/novavita.ro\/#website\",\"url\":\"https:\/\/novavita.ro\/\",\"name\":\"Nova Vita Clinic Oradea\",\"description\":\"Clinic\u0103 de estetic\u0103 medical\u0103.\",\"potentialAction\":[{\"@type\":\"SearchAction\",\"target\":{\"@type\":\"EntryPoint\",\"urlTemplate\":\"https:\/\/novavita.ro\/?s={search_term_string}\"},\"query-input\":{\"@type\":\"PropertyValueSpecification\",\"valueRequired\":true,\"valueName\":\"search_term_string\"}}],\"inLanguage\":\"en-US\"}]}<\/script>\n<!-- \/ Yoast SEO plugin. -->","yoast_head_json":{"title":"Genital - Nova Vita Clinic Oradea","robots":{"index":"index","follow":"follow","max-snippet":"max-snippet:-1","max-image-preview":"max-image-preview:large","max-video-preview":"max-video-preview:-1"},"canonical":"https:\/\/novavita.ro\/en\/genital\/","og_locale":"en_US","og_type":"article","og_title":"Genital - Nova Vita Clinic Oradea","og_description":"Genital Tratamente bine structurate, cu rezultate vizibile rapid Fa\u021b\u0103 \u0219i g\u00e2t G\u00e2t \u0219i decolteu Abdomen Picioare Zon\u0103 intim\u0103 Studiile arat\u0103 c\u0103\u00a070% din femei se confrunt\u0103 cu atrofie vaginal\u0103, usc\u0103ciune, diferite infec\u021bii \u0219i\/sau incontinen\u021b\u0103 urinar\u0103, la menopauz\u0103.\u00a0Problemele acestea nu doar c\u0103 au un\u00a0impact major asupra calit\u0103\u021bii vie\u021bii,dar tratarea lor nici nu a fost posibil\u0103 cu solu\u021bii [&hellip;]","og_url":"https:\/\/novavita.ro\/en\/genital\/","og_site_name":"Nova Vita Clinic Oradea","article_modified_time":"2021-05-11T18:42:57+00:00","og_image":[{"url":"https:\/\/novavita.ro\/wp-content\/uploads\/Beauty-Genital.jpg","type":"","width":"","height":""}],"twitter_card":"summary_large_image","twitter_misc":{"Est. reading time":"1 minute"},"schema":{"@context":"https:\/\/schema.org","@graph":[{"@type":"WebPage","@id":"https:\/\/novavita.ro\/en\/genital\/","url":"https:\/\/novavita.ro\/en\/genital\/","name":"Genital - Nova Vita Clinic Oradea","isPartOf":{"@id":"https:\/\/novavita.ro\/#website"},"datePublished":"2019-04-18T11:04:29+00:00","dateModified":"2021-05-11T18:42:57+00:00","breadcrumb":{"@id":"https:\/\/novavita.ro\/en\/genital\/#breadcrumb"},"inLanguage":"en-US","potentialAction":[{"@type":"ReadAction","target":["https:\/\/novavita.ro\/en\/genital\/"]}]},{"@type":"BreadcrumbList","@id":"https:\/\/novavita.ro\/en\/genital\/#breadcrumb","itemListElement":[{"@type":"ListItem","position":1,"name":"Prima pagin\u0103","item":"https:\/\/novavita.ro\/"},{"@type":"ListItem","position":2,"name":"Genital"}]},{"@type":"WebSite","@id":"https:\/\/novavita.ro\/#website","url":"https:\/\/novavita.ro\/","name":"Nova Vita Clinic Oradea","description":"Clinic\u0103 de estetic\u0103 medical\u0103.","potentialAction":[{"@type":"SearchAction","target":{"@type":"EntryPoint","urlTemplate":"https:\/\/novavita.ro\/?s={search_term_string}"},"query-input":{"@type":"PropertyValueSpecification","valueRequired":true,"valueName":"search_term_string"}}],"inLanguage":"en-US"}]}},"jetpack_sharing_enabled":true,"_links":{"self":[{"href":"https:\/\/novavita.ro\/en\/wp-json\/wp\/v2\/pages\/191","targetHints":{"allow":["GET"]}}],"collection":[{"href":"https:\/\/novavita.ro\/en\/wp-json\/wp\/v2\/pages"}],"about":[{"href":"https:\/\/novavita.ro\/en\/wp-json\/wp\/v2\/types\/page"}],"author":[{"embeddable":true,"href":"https:\/\/novavita.ro\/en\/wp-json\/wp\/v2\/users\/7"}],"replies":[{"embeddable":true,"href":"https:\/\/novavita.ro\/en\/wp-json\/wp\/v2\/comments?post=191"}],"version-history":[{"count":3,"href":"https:\/\/novavita.ro\/en\/wp-json\/wp\/v2\/pages\/191\/revisions"}],"predecessor-version":[{"id":1753,"href":"https:\/\/novavita.ro\/en\/wp-json\/wp\/v2\/pages\/191\/revisions\/1753"}],"wp:attachment":[{"href":"https:\/\/novavita.ro\/en\/wp-json\/wp\/v2\/media?parent=191"}],"curies":[{"name":"wp","href":"https:\/\/api.w.org\/{rel}","templated":true}]}}