{"id":193,"date":"2019-04-18T14:04:46","date_gmt":"2019-04-18T12:04:46","guid":{"rendered":"http:\/\/novavita.ro\/?page_id=193"},"modified":"2021-07-01T16:00:08","modified_gmt":"2021-07-01T13:00:08","slug":"picioare","status":"publish","type":"page","link":"https:\/\/novavita.ro\/en\/picioare\/","title":{"rendered":"Legs"},"content":{"rendered":"<h1>Picioare<\/h1>\n<div>Elemente cheie \u00een comunicarea non-verbal\u0103<\/div>\n<ul>\n<li>\n        <a href=\"\/cap\/\">Fa\u021b\u0103 \u0219i g\u00e2t<\/a>\n    <\/li>\n<li>\n        <a href=\"\/gat\/\">G\u00e2t \u0219i decolteu<\/a>\n    <\/li>\n<li>\n        <a href=\"\/abdomen\/\">Abdomen<\/a>\n    <\/li>\n<li>\n        <a href=\"\/zona-intima\/\">Zona intim\u0103<\/a>\n    <\/li>\n<li>\n        <a href=\"\/genital\/\">Genital<\/a>\n    <\/li>\n<\/ul>\n<div>\n<p style=\"text-align: justify;\">Rihanna, Mariah Carey, Jamie Lee Curtis \u0219i Heidi Klum sunt doar c\u00e2teva din vedetele Hollywoodului care \u0219i-au asigurat&#8230; picioarele! Motivul este simplu &#8211; picioarele sunt partea corpului de care sunt cele mai m\u00e2ndre \u0219i care atrag cea mai mare aten\u021bie. Pentru cei mai putini \u00eenzestra\u021bi la capitolul acesta, \u00eens\u0103, lucrurile stau diferit. Odat\u0103 cu \u00eenaintarea \u00een v\u00e2rst\u0103, pielea corpului \u00ee\u0219i pierde elasticitatea \u0219i fermitatea, iar pielea picioarelor nu face nota discordant\u0103.<\/p>\n<p>Din fericire, la clinica Nova Vita ne ocup\u0103m de toate problemele nepl\u0103cute care apar la nivelul picioarelor. Fie c\u0103 vorbim despre<b>\u00a0celulit\u0103, vergeturi, vini\u0219oare de s\u00e2nge sparte sau p\u0103r inestetic<\/b>, la clinica noastr\u0103 le putem rezolva pe toate. Cu ajutorul\u00a0<b>aparaturii moderne<\/b>, dar \u0219i a practicilor de remodelare corporal\u0103 \u0219i de epilare definitiv\u0103, ve\u021bi putea beneficia de cele mai bune rezultate, \u00eentr-un timp foarte scurt.<\/p>\n<\/div>\n<p><img decoding=\"async\" src=\"\/wp-content\/uploads\/Beauty-Picioare.jpg\" alt=\"Beauty Picioare\"><\/p>\n<p>\n    <a href=\"\/contact\/\">Contacteaz\u0103-ne<\/a>\n<\/p>\n<p><video src=\"\/wp-content\/uploads\/sclerozare-barbat.mov\" poster=\"\/wp-content\/uploads\/video-sclerozare-barbat.png\"><\/video><br \/>\n<video src=\"\/wp-content\/uploads\/sclerozare-barbat-02.mov\" poster=\"\/wp-content\/uploads\/video-sclerozare-barbat2.png\"><\/video><\/p>\n<p><!--more--><br \/>\n<!-- {\"name\":\"Submeniu - Pagina\",\"type\":\"layout\",\"children\":[{\"name\":\"Hero\",\"type\":\"section\",\"props\":{\"style\":\"muted\",\"width\":\"small\",\"vertical_align\":\"middle\",\"title_position\":\"top-left\",\"title_rotation\":\"left\",\"title_breakpoint\":\"xl\",\"image_position\":\"center-center\",\"padding\":\"small\",\"padding_remove_bottom\":false,\"image\":\"\"},\"children\":[{\"name\":\"\",\"type\":\"row\",\"children\":[{\"name\":\"\",\"type\":\"column\",\"props\":{\"image_position\":\"center-center\",\"media_overlay_gradient\":\"\",\"width_medium\":\"1-1\"},\"children\":[{\"name\":\"\",\"type\":\"headline\",\"props\":{\"title_element\":\"h1\",\"content\":\"Picioare\",\"margin_remove_bottom\":true,\"text_align_fallback\":\"center\",\"title_style\":\"h1\",\"class\":\"\"}},{\"name\":\"\",\"type\":\"headline\",\"props\":{\"title_element\":\"div\",\"content\":\"Elemente cheie \\u00een comunicarea non-verbal\\u0103\",\"title_decoration\":\"bullet\",\"title_style\":\"h5\",\"margin\":\"small\",\"text_align_breakpoint\":\"m\",\"text_align_fallback\":\"center\",\"title_color\":\"muted\"}},{\"type\":\"button\",\"props\":{\"margin\":\"default\",\"button_size\":\"small\",\"grid_column_gap\":\"small\",\"grid_row_gap\":\"small\"},\"children\":[{\"type\":\"button_item\",\"props\":{\"button_style\":\"primary\",\"icon_align\":\"left\",\"content\":\"Fa\\u021b\\u0103 \\u0219i g\\u00e2t\",\"link\":\"cap\\\/\"}},{\"type\":\"button_item\",\"props\":{\"button_style\":\"primary\",\"icon_align\":\"left\",\"content\":\"G\\u00e2t \\u0219i decolteu\",\"link\":\"gat\\\/\"}},{\"type\":\"button_item\",\"props\":{\"button_style\":\"primary\",\"icon_align\":\"left\",\"content\":\"Abdomen\",\"link\":\"abdomen\\\/\"}},{\"type\":\"button_item\",\"props\":{\"button_style\":\"primary\",\"icon_align\":\"left\",\"content\":\"Zona intim\\u0103\",\"link\":\"zona-intima\\\/\"}},{\"type\":\"button_item\",\"props\":{\"button_style\":\"primary\",\"icon_align\":\"left\",\"content\":\"Genital\",\"link\":\"genital\\\/\"}}]}]}]}]},{\"name\":\"Aromaterapie\",\"type\":\"section\",\"props\":{\"style\":\"default\",\"width\":\"default\",\"vertical_align\":\"middle\",\"title_position\":\"top-right\",\"title_rotation\":\"left\",\"title_breakpoint\":\"xl\",\"image_position\":\"center-center\",\"title\":\"Meloterapia & Wellness\",\"padding\":\"large\",\"image\":\"\"},\"children\":[{\"name\":\"\",\"type\":\"row\",\"props\":{\"layout\":\"2-3,1-3\",\"vertical_align\":true,\"column_gap\":\"large\",\"row_gap\":\"large\"},\"children\":[{\"name\":\"\",\"type\":\"column\",\"props\":{\"image_position\":\"center-center\",\"media_overlay_gradient\":\"\",\"width_small\":\"2-3\"},\"children\":[{\"name\":\"\",\"type\":\"text\",\"props\":{\"margin\":\"large\",\"column_breakpoint\":\"m\",\"content\":\"\n\n<p style=\\\"text-align: justify;\\\">Rihanna, Mariah Carey, Jamie Lee Curtis \\u0219i Heidi Klum sunt doar c\\u00e2teva din vedetele Hollywoodului care \\u0219i-au asigurat... picioarele! Motivul este simplu - picioarele sunt partea corpului de care sunt cele mai m\\u00e2ndre \\u0219i care atrag cea mai mare aten\\u021bie. Pentru cei mai putini \\u00eenzestra\\u021bi la capitolul acesta, \\u00eens\\u0103, lucrurile stau diferit. Odat\\u0103 cu \\u00eenaintarea \\u00een v\\u00e2rst\\u0103, pielea corpului \\u00ee\\u0219i pierde elasticitatea \\u0219i fermitatea, iar pielea picioarelor nu face nota discordant\\u0103.<br \\\/><br \\\/>Din fericire, la clinica Nova Vita ne ocup\\u0103m de toate problemele nepl\\u0103cute care apar la nivelul picioarelor. Fie c\\u0103 vorbim despre<b>\\u00a0celulit\\u0103, vergeturi, vini\\u0219oare de s\\u00e2nge sparte sau p\\u0103r inestetic<\\\/b>, la clinica noastr\\u0103 le putem rezolva pe toate. Cu ajutorul\\u00a0<b>aparaturii moderne<\\\/b>, dar \\u0219i a practicilor de remodelare corporal\\u0103 \\u0219i de epilare definitiv\\u0103, ve\\u021bi putea beneficia de cele mai bune rezultate, \\u00eentr-un timp foarte scurt.<\\\/p>\",\"text_align_breakpoint\":\"m\",\"text_align_fallback\":\"center\"}},{\"type\":\"image\",\"props\":{\"margin\":\"default\",\"image_svg_color\":\"emphasis\",\"image_border\":\"rounded\",\"image_box_shadow\":\"medium\",\"image\":\"wp-content\\\/uploads\\\/Beauty-Picioare.jpg\",\"image_width\":\"700\",\"image_height\":\"700\",\"image_alt\":\"Beauty Picioare\",\"image_svg_inline\":false}},{\"name\":\"\",\"type\":\"button\",\"props\":{\"margin\":\"default\",\"fullwidth\":false,\"text_align_breakpoint\":\"m\",\"text_align_fallback\":\"center\",\"grid_column_gap\":\"\",\"grid_row_gap\":\"\"},\"children\":[{\"name\":\"\",\"type\":\"button_item\",\"props\":{\"button_style\":\"text\",\"icon_align\":\"right\",\"content\":\"Contacteaz\\u0103-ne\",\"icon\":\"arrow-right\",\"link\":\"contact\\\/\"}}]}]},{\"type\":\"column\",\"props\":{\"image_position\":\"center-center\",\"media_overlay_gradient\":\"\",\"width_small\":\"1-3\"},\"children\":[{\"type\":\"video\",\"props\":{\"video_controls\":true,\"margin\":\"default\",\"video\":\"wp-content\\\/uploads\\\/sclerozare-barbat.mov\",\"video_poster\":\"wp-content\\\/uploads\\\/video-sclerozare-barbat.png\",\"video_lazyload\":true}},{\"type\":\"video\",\"props\":{\"video_controls\":true,\"margin\":\"default\",\"video\":\"wp-content\\\/uploads\\\/sclerozare-barbat-02.mov\",\"video_poster\":\"wp-content\\\/uploads\\\/video-sclerozare-barbat2.png\",\"video_lazyload\":true}}]}]}]}],\"version\":\"2.5.1\"} --><\/p>\n","protected":false},"excerpt":{"rendered":"<p>Picioare Elemente cheie \u00een comunicarea non-verbal\u0103 Fa\u021b\u0103 \u0219i g\u00e2t G\u00e2t \u0219i decolteu Abdomen Zona intim\u0103 Genital Rihanna, Mariah Carey, Jamie Lee Curtis \u0219i Heidi Klum sunt doar c\u00e2teva din vedetele Hollywoodului care \u0219i-au asigurat&#8230; picioarele! Motivul este simplu &#8211; picioarele sunt partea corpului de care sunt cele mai m\u00e2ndre \u0219i care atrag cea mai mare [&hellip;]<\/p>\n","protected":false},"author":7,"featured_media":0,"parent":0,"menu_order":0,"comment_status":"closed","ping_status":"closed","template":"","meta":{"footnotes":""},"class_list":["post-193","page","type-page","status-publish","hentry"],"yoast_head":"<!-- This site is optimized with the Yoast SEO plugin v27.2 - https:\/\/yoast.com\/product\/yoast-seo-wordpress\/ -->\n<title>Picioare - Nova Vita Clinic Oradea<\/title>\n<meta name=\"robots\" content=\"index, follow, max-snippet:-1, max-image-preview:large, max-video-preview:-1\" \/>\n<link rel=\"canonical\" href=\"https:\/\/novavita.ro\/en\/legs\/\" \/>\n<meta property=\"og:locale\" content=\"en_US\" \/>\n<meta property=\"og:type\" content=\"article\" \/>\n<meta property=\"og:title\" content=\"Picioare - Nova Vita Clinic Oradea\" \/>\n<meta property=\"og:description\" content=\"Picioare Elemente cheie \u00een comunicarea non-verbal\u0103 Fa\u021b\u0103 \u0219i g\u00e2t G\u00e2t \u0219i decolteu Abdomen Zona intim\u0103 Genital Rihanna, Mariah Carey, Jamie Lee Curtis \u0219i Heidi Klum sunt doar c\u00e2teva din vedetele Hollywoodului care \u0219i-au asigurat&#8230; picioarele! Motivul este simplu &#8211; picioarele sunt partea corpului de care sunt cele mai m\u00e2ndre \u0219i care atrag cea mai mare [&hellip;]\" \/>\n<meta property=\"og:url\" content=\"https:\/\/novavita.ro\/en\/legs\/\" \/>\n<meta property=\"og:site_name\" content=\"Nova Vita Clinic Oradea\" \/>\n<meta property=\"article:modified_time\" content=\"2021-07-01T13:00:08+00:00\" \/>\n<meta property=\"og:image\" content=\"https:\/\/novavita.ro\/wp-content\/uploads\/Beauty-Picioare.jpg\" \/>\n<meta name=\"twitter:card\" content=\"summary_large_image\" \/>\n<meta name=\"twitter:label1\" content=\"Est. reading time\" \/>\n\t<meta name=\"twitter:data1\" content=\"1 minute\" \/>\n<script type=\"application\/ld+json\" class=\"yoast-schema-graph\">{\"@context\":\"https:\/\/schema.org\",\"@graph\":[{\"@type\":\"WebPage\",\"@id\":\"https:\/\/novavita.ro\/picioare\/\",\"url\":\"https:\/\/novavita.ro\/picioare\/\",\"name\":\"Picioare - Nova Vita Clinic Oradea\",\"isPartOf\":{\"@id\":\"https:\/\/novavita.ro\/#website\"},\"datePublished\":\"2019-04-18T12:04:46+00:00\",\"dateModified\":\"2021-07-01T13:00:08+00:00\",\"breadcrumb\":{\"@id\":\"https:\/\/novavita.ro\/picioare\/#breadcrumb\"},\"inLanguage\":\"en-US\",\"potentialAction\":[{\"@type\":\"ReadAction\",\"target\":[\"https:\/\/novavita.ro\/picioare\/\"]}]},{\"@type\":\"BreadcrumbList\",\"@id\":\"https:\/\/novavita.ro\/picioare\/#breadcrumb\",\"itemListElement\":[{\"@type\":\"ListItem\",\"position\":1,\"name\":\"Prima pagin\u0103\",\"item\":\"https:\/\/novavita.ro\/\"},{\"@type\":\"ListItem\",\"position\":2,\"name\":\"Picioare\"}]},{\"@type\":\"WebSite\",\"@id\":\"https:\/\/novavita.ro\/#website\",\"url\":\"https:\/\/novavita.ro\/\",\"name\":\"Nova Vita Clinic Oradea\",\"description\":\"Clinic\u0103 de estetic\u0103 medical\u0103.\",\"potentialAction\":[{\"@type\":\"SearchAction\",\"target\":{\"@type\":\"EntryPoint\",\"urlTemplate\":\"https:\/\/novavita.ro\/?s={search_term_string}\"},\"query-input\":{\"@type\":\"PropertyValueSpecification\",\"valueRequired\":true,\"valueName\":\"search_term_string\"}}],\"inLanguage\":\"en-US\"}]}<\/script>\n<!-- \/ Yoast SEO plugin. -->","yoast_head_json":{"title":"Picioare - Nova Vita Clinic Oradea","robots":{"index":"index","follow":"follow","max-snippet":"max-snippet:-1","max-image-preview":"max-image-preview:large","max-video-preview":"max-video-preview:-1"},"canonical":"https:\/\/novavita.ro\/en\/legs\/","og_locale":"en_US","og_type":"article","og_title":"Picioare - Nova Vita Clinic Oradea","og_description":"Picioare Elemente cheie \u00een comunicarea non-verbal\u0103 Fa\u021b\u0103 \u0219i g\u00e2t G\u00e2t \u0219i decolteu Abdomen Zona intim\u0103 Genital Rihanna, Mariah Carey, Jamie Lee Curtis \u0219i Heidi Klum sunt doar c\u00e2teva din vedetele Hollywoodului care \u0219i-au asigurat&#8230; picioarele! Motivul este simplu &#8211; picioarele sunt partea corpului de care sunt cele mai m\u00e2ndre \u0219i care atrag cea mai mare [&hellip;]","og_url":"https:\/\/novavita.ro\/en\/legs\/","og_site_name":"Nova Vita Clinic Oradea","article_modified_time":"2021-07-01T13:00:08+00:00","og_image":[{"url":"https:\/\/novavita.ro\/wp-content\/uploads\/Beauty-Picioare.jpg","type":"","width":"","height":""}],"twitter_card":"summary_large_image","twitter_misc":{"Est. reading time":"1 minute"},"schema":{"@context":"https:\/\/schema.org","@graph":[{"@type":"WebPage","@id":"https:\/\/novavita.ro\/picioare\/","url":"https:\/\/novavita.ro\/picioare\/","name":"Picioare - Nova Vita Clinic Oradea","isPartOf":{"@id":"https:\/\/novavita.ro\/#website"},"datePublished":"2019-04-18T12:04:46+00:00","dateModified":"2021-07-01T13:00:08+00:00","breadcrumb":{"@id":"https:\/\/novavita.ro\/picioare\/#breadcrumb"},"inLanguage":"en-US","potentialAction":[{"@type":"ReadAction","target":["https:\/\/novavita.ro\/picioare\/"]}]},{"@type":"BreadcrumbList","@id":"https:\/\/novavita.ro\/picioare\/#breadcrumb","itemListElement":[{"@type":"ListItem","position":1,"name":"Prima pagin\u0103","item":"https:\/\/novavita.ro\/"},{"@type":"ListItem","position":2,"name":"Picioare"}]},{"@type":"WebSite","@id":"https:\/\/novavita.ro\/#website","url":"https:\/\/novavita.ro\/","name":"Nova Vita Clinic Oradea","description":"Clinic\u0103 de estetic\u0103 medical\u0103.","potentialAction":[{"@type":"SearchAction","target":{"@type":"EntryPoint","urlTemplate":"https:\/\/novavita.ro\/?s={search_term_string}"},"query-input":{"@type":"PropertyValueSpecification","valueRequired":true,"valueName":"search_term_string"}}],"inLanguage":"en-US"}]}},"jetpack_sharing_enabled":true,"_links":{"self":[{"href":"https:\/\/novavita.ro\/en\/wp-json\/wp\/v2\/pages\/193","targetHints":{"allow":["GET"]}}],"collection":[{"href":"https:\/\/novavita.ro\/en\/wp-json\/wp\/v2\/pages"}],"about":[{"href":"https:\/\/novavita.ro\/en\/wp-json\/wp\/v2\/types\/page"}],"author":[{"embeddable":true,"href":"https:\/\/novavita.ro\/en\/wp-json\/wp\/v2\/users\/7"}],"replies":[{"embeddable":true,"href":"https:\/\/novavita.ro\/en\/wp-json\/wp\/v2\/comments?post=193"}],"version-history":[{"count":3,"href":"https:\/\/novavita.ro\/en\/wp-json\/wp\/v2\/pages\/193\/revisions"}],"predecessor-version":[{"id":1828,"href":"https:\/\/novavita.ro\/en\/wp-json\/wp\/v2\/pages\/193\/revisions\/1828"}],"wp:attachment":[{"href":"https:\/\/novavita.ro\/en\/wp-json\/wp\/v2\/media?parent=193"}],"curies":[{"name":"wp","href":"https:\/\/api.w.org\/{rel}","templated":true}]}}