{"id":214,"date":"2019-04-20T09:21:55","date_gmt":"2019-04-20T07:21:55","guid":{"rendered":"http:\/\/novavita.ro\/?page_id=214"},"modified":"2019-06-02T20:18:00","modified_gmt":"2019-06-02T18:18:00","slug":"edocrinologie","status":"publish","type":"page","link":"https:\/\/novavita.ro\/en\/edocrinologie\/","title":{"rendered":"Endocrinology"},"content":{"rendered":"<p><!-- Builder # --><\/p>\n<h1>Edocrinologie<\/h1>\n<div>Diagnosticarea \u0219i tratarea eficient\u0103 a afec\u021biunilor endocrinologice<\/div>\n<ul>\n<li>\n        <a href=\"cardiologie\/\">Cardiologie<\/a>\n    <\/li>\n<li>\n        <a href=\"dermatologie\/\">Dermatologie<\/a>\n    <\/li>\n<li>\n        <a href=\"medicina-interna\/\">Medicin\u0103 intern\u0103<\/a>\n    <\/li>\n<li>\n        <a href=\"ecografie\/\">Ecografie<\/a>\n    <\/li>\n<li>\n        <a href=\"ginecologie\/\">Ginecologie<\/a>\n    <\/li>\n<li>\n        <a href=\"reumatologie\/\">Reumatologie<\/a>\n    <\/li>\n<li>\n        <a href=\"urologie\/\">Urologie<\/a>\n    <\/li>\n<li>\n        <a href=\"fiziokinetoterapie\/\">Fiziokinetoterapie<\/a>\n    <\/li>\n<li>\n        <a href=\"terapia-durerii\/\">Terapia durerii<\/a>\n    <\/li>\n<\/ul>\n<div>\n<p style=\"text-align: justify;\">Bolile endocrinologice sunt foarte frecvente \u0219i, din cauza faptului c\u0103 multe din ele\u00a0<b>nu dau semne foarte precise<\/b>, se \u00eent\u00e2rzie foarte mult depistarea \u0219i tratarea lor, iar acest lucru are\u00a0<b>consecin\u021be nefaste<\/b>\u00a0asupra func\u021biei mentale \u0219i a sistemului cardiovascular, dac\u0103 nu sunt diagnosticate.<\/p>\n<p>Se estimeaz\u0103 c\u0103, \u00een lume,\u00a0<b>1 din 3 persoane sufer\u0103 de probleme ale glandei tiroide,<\/b>\u00a0preponderent femei, \u00een timp ce 415 milioane de oameni sufer\u0103 de diabet. Datorit\u0103 alimenta\u021biei precare \u0219i a lipsei de mi\u0219care, \u00een corp se produc numeroase dezechilibre hormonale, care duc la tulbur\u0103ri de tip endocrinologic.<\/p>\n<p>La clinica Nova Vita, v\u0103 punem la dispozi\u021bie medici speciali\u0219ti \u0219i aparatur\u0103 de ultim\u0103 genera\u021bie, menite s\u0103 ajute la\u00a0<b>diagnosticarea \u0219i tratarea eficient\u0103<\/b>\u00a0a diferitelor boli endocrinologice.\u00a0\u00a0<\/p>\n<\/div>\n<p>\n    <a href=\"contact\/\">Contacteaz\u0103-ne<\/a>\n<\/p>\n<p><img decoding=\"async\" src=\"wp-content\/uploads\/Edocrinologie.jpg\" alt=\"Edocrinologie\"><\/p>\n<p><!-- {\"name\":\"Submeniu-clinic\",\"type\":\"layout\",\"children\":[{\"name\":\"Hero\",\"type\":\"section\",\"props\":{\"style\":\"muted\",\"width\":\"small\",\"vertical_align\":\"middle\",\"title_position\":\"top-left\",\"title_rotation\":\"left\",\"title_breakpoint\":\"xl\",\"image_position\":\"center-center\",\"padding\":\"small\",\"padding_remove_bottom\":false,\"image_effect\":\"\",\"text_color\":\"\",\"width_expand\":\"\",\"height\":\"\",\"header_transparent\":\"\",\"animation\":\"\",\"image\":\"\"},\"children\":[{\"name\":\"\",\"type\":\"row\",\"props\":{\"fixed_width\":\"large\",\"breakpoint\":\"m\",\"layout\":\"1-1\"},\"children\":[{\"name\":\"\",\"type\":\"column\",\"props\":{\"widths\":[\"1-1\"],\"image_position\":\"center-center\",\"media_overlay_gradient\":\"\"},\"children\":[{\"name\":\"\",\"type\":\"headline\",\"props\":{\"title_element\":\"h1\",\"content\":\"Edocrinologie\",\"title_color\":\"\",\"margin_remove_bottom\":true,\"text_align\":\"\",\"text_align_breakpoint\":\"\",\"text_align_fallback\":\"center\",\"visibility\":\"\",\"maxwidth\":\"\",\"title_style\":\"h1\",\"class\":\"\",\"title_decoration\":\"\",\"maxwidth_breakpoint\":\"\",\"margin\":\"\",\"animation\":\"\",\"block_align\":\"\",\"position\":\"\",\"position_z_index\":\"\",\"block_align_breakpoint\":\"\",\"block_align_fallback\":\"\"}},{\"name\":\"\",\"type\":\"headline\",\"props\":{\"title_element\":\"div\",\"content\":\"Diagnosticarea \\u0219i tratarea eficient\\u0103 a afec\\u021biunilor endocrinologice\",\"title_decoration\":\"bullet\",\"title_style\":\"h5\",\"margin\":\"small\",\"text_align\":\"\",\"text_align_breakpoint\":\"m\",\"text_align_fallback\":\"center\",\"title_color\":\"muted\",\"maxwidth\":\"\",\"maxwidth_breakpoint\":\"\",\"animation\":\"\",\"visibility\":\"\",\"block_align\":\"\"}},{\"type\":\"button\",\"props\":{\"gutter\":\"small\",\"margin\":\"default\",\"button_size\":\"small\",\"text_align\":\"\",\"text_align_breakpoint\":\"\",\"text_align_fallback\":\"\",\"maxwidth\":\"\",\"maxwidth_breakpoint\":\"\",\"animation\":\"\",\"visibility\":\"\",\"block_align\":\"\",\"position\":\"\",\"position_z_index\":\"\",\"block_align_breakpoint\":\"\",\"block_align_fallback\":\"\"},\"children\":[{\"type\":\"button_item\",\"props\":{\"button_style\":\"primary\",\"icon_align\":\"left\",\"link_target\":\"\",\"content\":\"Cardiologie\",\"link\":\"cardiologie\\\/\"}},{\"type\":\"button_item\",\"props\":{\"button_style\":\"primary\",\"icon_align\":\"left\",\"link_target\":\"\",\"content\":\"Dermatologie\",\"link\":\"dermatologie\\\/\"}},{\"type\":\"button_item\",\"props\":{\"button_style\":\"primary\",\"icon_align\":\"left\",\"link_target\":\"\",\"content\":\"Medicin\\u0103 intern\\u0103\",\"link\":\"medicina-interna\\\/\"}},{\"type\":\"button_item\",\"props\":{\"button_style\":\"primary\",\"icon_align\":\"left\",\"link_target\":\"\",\"content\":\"Ecografie\",\"link\":\"ecografie\\\/\"}},{\"type\":\"button_item\",\"props\":{\"button_style\":\"primary\",\"icon_align\":\"left\",\"link_target\":\"\",\"content\":\"Ginecologie\",\"link\":\"ginecologie\\\/\"}},{\"type\":\"button_item\",\"props\":{\"button_style\":\"primary\",\"icon_align\":\"left\",\"link_target\":\"\",\"content\":\"Reumatologie\",\"link\":\"reumatologie\\\/\"}},{\"type\":\"button_item\",\"props\":{\"button_style\":\"primary\",\"icon_align\":\"left\",\"link_target\":\"\",\"content\":\"Urologie\",\"link\":\"urologie\\\/\"}},{\"type\":\"button_item\",\"props\":{\"button_style\":\"primary\",\"icon_align\":\"left\",\"link_target\":\"\",\"content\":\"Fiziokinetoterapie\",\"link\":\"fiziokinetoterapie\\\/\"}},{\"type\":\"button_item\",\"props\":{\"button_style\":\"primary\",\"icon_align\":\"left\",\"link_target\":\"\",\"content\":\"Terapia durerii\",\"link\":\"terapia-durerii\\\/\"}}]}]}]}]},{\"name\":\"Aromaterapie\",\"type\":\"section\",\"props\":{\"style\":\"default\",\"width\":\"default\",\"vertical_align\":\"middle\",\"title_position\":\"top-right\",\"title_rotation\":\"left\",\"title_breakpoint\":\"xl\",\"image_position\":\"center-center\",\"title\":\"Meloterapia & Wellness\",\"padding\":\"large\",\"image\":\"\",\"image_effect\":\"\",\"text_color\":\"\",\"width_expand\":\"\",\"height\":\"\",\"header_transparent\":\"\",\"animation\":\"\"},\"children\":[{\"name\":\"\",\"type\":\"row\",\"props\":{\"fixed_width\":\"large\",\"breakpoint\":\"s\",\"layout\":\"2-3,\",\"vertical_align\":true,\"gutter\":\"large\",\"width\":\"\",\"height\":\"\",\"margin\":\"\",\"width_expand\":\"\"},\"children\":[{\"name\":\"\",\"type\":\"column\",\"props\":{\"widths\":[\"2-3\"],\"image_position\":\"center-center\",\"vertical_align\":\"\",\"media_overlay_gradient\":\"\",\"style\":\"\",\"text_color\":\"\",\"padding\":\"\"},\"children\":[{\"name\":\"\",\"type\":\"text\",\"props\":{\"margin\":\"large\",\"column_breakpoint\":\"m\",\"text_size\":\"\",\"column\":\"\",\"content\":\"\n\n<p style=\\\"text-align: justify;\\\">Bolile endocrinologice sunt foarte frecvente \\u0219i, din cauza faptului c\\u0103 multe din ele\\u00a0<b>nu dau semne foarte precise<\\\/b>, se \\u00eent\\u00e2rzie foarte mult depistarea \\u0219i tratarea lor, iar acest lucru are\\u00a0<b>consecin\\u021be nefaste<\\\/b>\\u00a0asupra func\\u021biei mentale \\u0219i a sistemului cardiovascular, dac\\u0103 nu sunt diagnosticate.<br \\\/><br \\\/>Se estimeaz\\u0103 c\\u0103, \\u00een lume,\\u00a0<b>1 din 3 persoane sufer\\u0103 de probleme ale glandei tiroide,<\\\/b>\\u00a0preponderent femei, \\u00een timp ce 415 milioane de oameni sufer\\u0103 de diabet. Datorit\\u0103 alimenta\\u021biei precare \\u0219i a lipsei de mi\\u0219care, \\u00een corp se produc numeroase dezechilibre hormonale, care duc la tulbur\\u0103ri de tip endocrinologic.<br \\\/><br \\\/>La clinica Nova Vita, v\\u0103 punem la dispozi\\u021bie medici speciali\\u0219ti \\u0219i aparatur\\u0103 de ultim\\u0103 genera\\u021bie, menite s\\u0103 ajute la\\u00a0<b>diagnosticarea \\u0219i tratarea eficient\\u0103<\\\/b>\\u00a0a diferitelor boli endocrinologice.\\u00a0\\u00a0<\\\/p>\",\"text_align\":\"\",\"text_align_breakpoint\":\"m\",\"text_align_fallback\":\"center\",\"text_style\":\"\",\"text_color\":\"\",\"maxwidth\":\"\",\"maxwidth_breakpoint\":\"\",\"animation\":\"\",\"visibility\":\"\",\"block_align\":\"\",\"position\":\"\",\"position_z_index\":\"\",\"block_align_breakpoint\":\"\",\"block_align_fallback\":\"\"}},{\"name\":\"\",\"type\":\"button\",\"props\":{\"gutter\":\"\",\"margin\":\"default\",\"button_size\":\"\",\"fullwidth\":false,\"text_align\":\"\",\"text_align_breakpoint\":\"m\",\"text_align_fallback\":\"center\",\"maxwidth\":\"\",\"maxwidth_breakpoint\":\"\",\"animation\":\"\",\"visibility\":\"\",\"block_align\":\"\"},\"children\":[{\"name\":\"\",\"type\":\"button_item\",\"props\":{\"button_style\":\"text\",\"icon_align\":\"right\",\"content\":\"Contacteaz\\u0103-ne\",\"icon\":\"arrow-right\",\"link\":\"contact\\\/\",\"link_target\":\"\"}}]}]},{\"type\":\"column\",\"props\":{\"widths\":[\"\"],\"image_position\":\"center-center\",\"media_overlay_gradient\":\"\",\"vertical_align\":\"\",\"style\":\"\",\"text_color\":\"\",\"padding\":\"\"},\"children\":[{\"type\":\"image\",\"props\":{\"margin\":\"default\",\"image_svg_color\":\"emphasis\",\"link_target\":\"\",\"image_border\":\"rounded\",\"image_box_shadow\":\"medium\",\"image_hover_box_shadow\":\"\",\"image_box_decoration\":\"\",\"text_align\":\"\",\"text_align_breakpoint\":\"\",\"text_align_fallback\":\"\",\"maxwidth\":\"\",\"maxwidth_breakpoint\":\"\",\"animation\":\"\",\"visibility\":\"\",\"image\":\"wp-content\\\/uploads\\\/Edocrinologie.jpg\",\"image_width\":\"700\",\"image_height\":\"700\",\"image_alt\":\"Edocrinologie\",\"image_svg_inline\":false,\"block_align\":\"\"}}]}]}]}],\"version\":\"1.20.6\",\"props\":[]} --><\/p>\n","protected":false},"excerpt":{"rendered":"<p>Edocrinologie Diagnosticarea \u0219i tratarea eficient\u0103 a afec\u021biunilor endocrinologice Cardiologie Dermatologie Medicin\u0103 intern\u0103 Ecografie Ginecologie Reumatologie Urologie Fiziokinetoterapie Terapia durerii Bolile endocrinologice sunt foarte frecvente \u0219i, din cauza faptului c\u0103 multe din ele\u00a0nu dau semne foarte precise, se \u00eent\u00e2rzie foarte mult depistarea \u0219i tratarea lor, iar acest lucru are\u00a0consecin\u021be nefaste\u00a0asupra func\u021biei mentale \u0219i a sistemului cardiovascular, [&hellip;]<\/p>\n","protected":false},"author":7,"featured_media":0,"parent":0,"menu_order":0,"comment_status":"closed","ping_status":"closed","template":"","meta":{"footnotes":""},"class_list":["post-214","page","type-page","status-publish","hentry"],"yoast_head":"<!-- This site is optimized with the Yoast SEO plugin v27.2 - https:\/\/yoast.com\/product\/yoast-seo-wordpress\/ -->\n<title>Edocrinologie - Nova Vita Clinic Oradea<\/title>\n<meta name=\"robots\" content=\"index, follow, max-snippet:-1, max-image-preview:large, max-video-preview:-1\" \/>\n<link rel=\"canonical\" href=\"https:\/\/novavita.ro\/en\/endocrinology\/\" \/>\n<meta property=\"og:locale\" content=\"en_US\" \/>\n<meta property=\"og:type\" content=\"article\" \/>\n<meta property=\"og:title\" content=\"Edocrinologie - Nova Vita Clinic Oradea\" \/>\n<meta property=\"og:description\" content=\"Edocrinologie Diagnosticarea \u0219i tratarea eficient\u0103 a afec\u021biunilor endocrinologice Cardiologie Dermatologie Medicin\u0103 intern\u0103 Ecografie Ginecologie Reumatologie Urologie Fiziokinetoterapie Terapia durerii Bolile endocrinologice sunt foarte frecvente \u0219i, din cauza faptului c\u0103 multe din ele\u00a0nu dau semne foarte precise, se \u00eent\u00e2rzie foarte mult depistarea \u0219i tratarea lor, iar acest lucru are\u00a0consecin\u021be nefaste\u00a0asupra func\u021biei mentale \u0219i a sistemului cardiovascular, [&hellip;]\" \/>\n<meta property=\"og:url\" content=\"https:\/\/novavita.ro\/en\/endocrinology\/\" \/>\n<meta property=\"og:site_name\" content=\"Nova Vita Clinic Oradea\" \/>\n<meta property=\"article:modified_time\" content=\"2019-06-02T18:18:00+00:00\" \/>\n<meta property=\"og:image\" content=\"http:\/\/wp-content\/uploads\/Edocrinologie.jpg\" \/>\n<meta name=\"twitter:card\" content=\"summary_large_image\" \/>\n<meta name=\"twitter:label1\" content=\"Est. reading time\" \/>\n\t<meta name=\"twitter:data1\" content=\"1 minute\" \/>\n<script type=\"application\/ld+json\" class=\"yoast-schema-graph\">{\"@context\":\"https:\/\/schema.org\",\"@graph\":[{\"@type\":\"WebPage\",\"@id\":\"https:\/\/novavita.ro\/edocrinologie\/\",\"url\":\"https:\/\/novavita.ro\/edocrinologie\/\",\"name\":\"Edocrinologie - Nova Vita Clinic Oradea\",\"isPartOf\":{\"@id\":\"https:\/\/novavita.ro\/#website\"},\"datePublished\":\"2019-04-20T07:21:55+00:00\",\"dateModified\":\"2019-06-02T18:18:00+00:00\",\"breadcrumb\":{\"@id\":\"https:\/\/novavita.ro\/edocrinologie\/#breadcrumb\"},\"inLanguage\":\"en-US\",\"potentialAction\":[{\"@type\":\"ReadAction\",\"target\":[\"https:\/\/novavita.ro\/edocrinologie\/\"]}]},{\"@type\":\"BreadcrumbList\",\"@id\":\"https:\/\/novavita.ro\/edocrinologie\/#breadcrumb\",\"itemListElement\":[{\"@type\":\"ListItem\",\"position\":1,\"name\":\"Prima pagin\u0103\",\"item\":\"https:\/\/novavita.ro\/\"},{\"@type\":\"ListItem\",\"position\":2,\"name\":\"Edocrinologie\"}]},{\"@type\":\"WebSite\",\"@id\":\"https:\/\/novavita.ro\/#website\",\"url\":\"https:\/\/novavita.ro\/\",\"name\":\"Nova Vita Clinic Oradea\",\"description\":\"Clinic\u0103 de estetic\u0103 medical\u0103.\",\"potentialAction\":[{\"@type\":\"SearchAction\",\"target\":{\"@type\":\"EntryPoint\",\"urlTemplate\":\"https:\/\/novavita.ro\/?s={search_term_string}\"},\"query-input\":{\"@type\":\"PropertyValueSpecification\",\"valueRequired\":true,\"valueName\":\"search_term_string\"}}],\"inLanguage\":\"en-US\"}]}<\/script>\n<!-- \/ Yoast SEO plugin. -->","yoast_head_json":{"title":"Edocrinologie - Nova Vita Clinic Oradea","robots":{"index":"index","follow":"follow","max-snippet":"max-snippet:-1","max-image-preview":"max-image-preview:large","max-video-preview":"max-video-preview:-1"},"canonical":"https:\/\/novavita.ro\/en\/endocrinology\/","og_locale":"en_US","og_type":"article","og_title":"Edocrinologie - Nova Vita Clinic Oradea","og_description":"Edocrinologie Diagnosticarea \u0219i tratarea eficient\u0103 a afec\u021biunilor endocrinologice Cardiologie Dermatologie Medicin\u0103 intern\u0103 Ecografie Ginecologie Reumatologie Urologie Fiziokinetoterapie Terapia durerii Bolile endocrinologice sunt foarte frecvente \u0219i, din cauza faptului c\u0103 multe din ele\u00a0nu dau semne foarte precise, se \u00eent\u00e2rzie foarte mult depistarea \u0219i tratarea lor, iar acest lucru are\u00a0consecin\u021be nefaste\u00a0asupra func\u021biei mentale \u0219i a sistemului cardiovascular, [&hellip;]","og_url":"https:\/\/novavita.ro\/en\/endocrinology\/","og_site_name":"Nova Vita Clinic Oradea","article_modified_time":"2019-06-02T18:18:00+00:00","og_image":[{"url":"wp-content\/uploads\/Edocrinologie.jpg","type":"","width":"","height":""}],"twitter_card":"summary_large_image","twitter_misc":{"Est. reading time":"1 minute"},"schema":{"@context":"https:\/\/schema.org","@graph":[{"@type":"WebPage","@id":"https:\/\/novavita.ro\/edocrinologie\/","url":"https:\/\/novavita.ro\/edocrinologie\/","name":"Edocrinologie - Nova Vita Clinic Oradea","isPartOf":{"@id":"https:\/\/novavita.ro\/#website"},"datePublished":"2019-04-20T07:21:55+00:00","dateModified":"2019-06-02T18:18:00+00:00","breadcrumb":{"@id":"https:\/\/novavita.ro\/edocrinologie\/#breadcrumb"},"inLanguage":"en-US","potentialAction":[{"@type":"ReadAction","target":["https:\/\/novavita.ro\/edocrinologie\/"]}]},{"@type":"BreadcrumbList","@id":"https:\/\/novavita.ro\/edocrinologie\/#breadcrumb","itemListElement":[{"@type":"ListItem","position":1,"name":"Prima pagin\u0103","item":"https:\/\/novavita.ro\/"},{"@type":"ListItem","position":2,"name":"Edocrinologie"}]},{"@type":"WebSite","@id":"https:\/\/novavita.ro\/#website","url":"https:\/\/novavita.ro\/","name":"Nova Vita Clinic Oradea","description":"Clinic\u0103 de estetic\u0103 medical\u0103.","potentialAction":[{"@type":"SearchAction","target":{"@type":"EntryPoint","urlTemplate":"https:\/\/novavita.ro\/?s={search_term_string}"},"query-input":{"@type":"PropertyValueSpecification","valueRequired":true,"valueName":"search_term_string"}}],"inLanguage":"en-US"}]}},"jetpack_sharing_enabled":true,"_links":{"self":[{"href":"https:\/\/novavita.ro\/en\/wp-json\/wp\/v2\/pages\/214","targetHints":{"allow":["GET"]}}],"collection":[{"href":"https:\/\/novavita.ro\/en\/wp-json\/wp\/v2\/pages"}],"about":[{"href":"https:\/\/novavita.ro\/en\/wp-json\/wp\/v2\/types\/page"}],"author":[{"embeddable":true,"href":"https:\/\/novavita.ro\/en\/wp-json\/wp\/v2\/users\/7"}],"replies":[{"embeddable":true,"href":"https:\/\/novavita.ro\/en\/wp-json\/wp\/v2\/comments?post=214"}],"version-history":[{"count":3,"href":"https:\/\/novavita.ro\/en\/wp-json\/wp\/v2\/pages\/214\/revisions"}],"predecessor-version":[{"id":1051,"href":"https:\/\/novavita.ro\/en\/wp-json\/wp\/v2\/pages\/214\/revisions\/1051"}],"wp:attachment":[{"href":"https:\/\/novavita.ro\/en\/wp-json\/wp\/v2\/media?parent=214"}],"curies":[{"name":"wp","href":"https:\/\/api.w.org\/{rel}","templated":true}]}}