{"id":220,"date":"2019-04-20T09:24:05","date_gmt":"2019-04-20T07:24:05","guid":{"rendered":"http:\/\/novavita.ro\/?page_id=220"},"modified":"2019-05-29T20:56:31","modified_gmt":"2019-05-29T18:56:31","slug":"reumatologie","status":"publish","type":"page","link":"https:\/\/novavita.ro\/en\/reumatologie\/","title":{"rendered":"Rheumatology"},"content":{"rendered":"<p><!-- Builder # --><\/p>\n<h1>Reumatologie<\/h1>\n<div>Depistare, diagnosticare, tratare \u0219i recuperare<\/div>\n<ul>\n<li>\n        <a href=\"cardiologie\/\">Cardiologie<\/a>\n    <\/li>\n<li>\n        <a href=\"dermatologie\/\">Dermatologie<\/a>\n    <\/li>\n<li>\n        <a href=\"edocrinologie\/\">Edocrinologie<\/a>\n    <\/li>\n<li>\n        <a href=\"medicina-interna\/\">Medicin\u0103 intern\u0103<\/a>\n    <\/li>\n<li>\n        <a href=\"ecografie\/\">Ecografie<\/a>\n    <\/li>\n<li>\n        <a href=\"ginecologie\/\">Ginecologie<\/a>\n    <\/li>\n<li>\n        <a href=\"urologie\/\">Urologie<\/a>\n    <\/li>\n<li>\n        <a href=\"fiziokinetoterapie\">Fiziokinetoterapie<\/a>\n    <\/li>\n<li>\n        <a href=\"terapia-dureri\/\">Terapia durerii<\/a>\n    <\/li>\n<\/ul>\n<div>\n<p style=\"text-align: justify;\">Reumatologia este ramura medicinei care se ocup\u0103 cu depistarea, diagnosticarea, tratarea \u0219i recuperarea pacien\u021bilor care sufer\u0103 de probleme non-chirurgicale ale aparatului locomotor. Datorit\u0103 complexit\u0103\u021bii sale, evaluarea reumatologic\u0103 poate fi dificil\u0103, \u021bin\u00e2nd cont de faptul c\u0103 multe simptome sunt similare pentru afec\u021biuni diferite. La Nova Vita, \u00eens\u0103, avem medici speciali\u0219ti, preg\u0103ti\u021bi pentru depistarea \u0219i tratarea afec\u021biunilor din sfera reumatologiei.<\/p>\n<p>Depistarea \u0219i tratamentul, \u00eens\u0103, nu sunt suficiente de cele mai multe ori, majoritatea pacien\u021bilor av\u00e2nd nevoie de\u00a0<b>recuperare medical\u0103<\/b>, iar echipa noastr\u0103 este specializat\u0103 at\u00e2t \u00een terapii medicale specifice, c\u00e2t \u0219i \u00een terapii complementare, ce s-au dovedit a fi\u00a0<b>benefice \u00een suferin\u021ba artrozic\u0103.<\/b>\u00a0<\/p>\n<\/div>\n<p>\n    <a href=\"contact\/\">Contacteaz\u0103-ne<\/a>\n<\/p>\n<p><img decoding=\"async\" src=\"wp-content\/uploads\/Reumatologie.jpg\" alt=\"Reumatologie\"><\/p>\n<p><!-- {\"name\":\"Submeniu-clinic\",\"type\":\"layout\",\"children\":[{\"name\":\"Hero\",\"type\":\"section\",\"props\":{\"style\":\"muted\",\"width\":\"small\",\"vertical_align\":\"middle\",\"title_position\":\"top-left\",\"title_rotation\":\"left\",\"title_breakpoint\":\"xl\",\"image_position\":\"center-center\",\"padding\":\"small\",\"padding_remove_bottom\":false,\"image_effect\":\"\",\"text_color\":\"\",\"width_expand\":\"\",\"height\":\"\",\"header_transparent\":\"\",\"animation\":\"\",\"image\":\"\"},\"children\":[{\"name\":\"\",\"type\":\"row\",\"props\":{\"fixed_width\":\"large\",\"breakpoint\":\"m\",\"layout\":\"1-1\"},\"children\":[{\"name\":\"\",\"type\":\"column\",\"props\":{\"widths\":[\"1-1\"],\"image_position\":\"center-center\",\"media_overlay_gradient\":\"\"},\"children\":[{\"name\":\"\",\"type\":\"headline\",\"props\":{\"title_element\":\"h1\",\"content\":\"Reumatologie\",\"title_color\":\"\",\"margin_remove_bottom\":true,\"text_align\":\"\",\"text_align_breakpoint\":\"\",\"text_align_fallback\":\"center\",\"visibility\":\"\",\"maxwidth\":\"\",\"title_style\":\"h1\",\"class\":\"\",\"title_decoration\":\"\",\"maxwidth_breakpoint\":\"\",\"margin\":\"\",\"animation\":\"\",\"block_align\":\"\",\"position\":\"\",\"position_z_index\":\"\",\"block_align_breakpoint\":\"\",\"block_align_fallback\":\"\"}},{\"name\":\"\",\"type\":\"headline\",\"props\":{\"title_element\":\"div\",\"content\":\"Depistare, diagnosticare, tratare \\u0219i recuperare\",\"title_decoration\":\"bullet\",\"title_style\":\"h5\",\"margin\":\"small\",\"text_align\":\"\",\"text_align_breakpoint\":\"m\",\"text_align_fallback\":\"center\",\"title_color\":\"muted\",\"maxwidth\":\"\",\"maxwidth_breakpoint\":\"\",\"animation\":\"\",\"visibility\":\"\",\"block_align\":\"\"}},{\"type\":\"button\",\"props\":{\"gutter\":\"small\",\"margin\":\"default\",\"button_size\":\"small\",\"text_align\":\"\",\"text_align_breakpoint\":\"\",\"text_align_fallback\":\"\",\"maxwidth\":\"\",\"maxwidth_breakpoint\":\"\",\"animation\":\"\",\"visibility\":\"\",\"block_align\":\"\",\"position\":\"\",\"position_z_index\":\"\",\"block_align_breakpoint\":\"\",\"block_align_fallback\":\"\"},\"children\":[{\"type\":\"button_item\",\"props\":{\"button_style\":\"secondary\",\"icon_align\":\"left\",\"link_target\":\"\",\"content\":\"Cardiologie\",\"link\":\"cardiologie\\\/\"}},{\"type\":\"button_item\",\"props\":{\"button_style\":\"secondary\",\"icon_align\":\"left\",\"link_target\":\"\",\"content\":\"Dermatologie\",\"link\":\"dermatologie\\\/\"}},{\"type\":\"button_item\",\"props\":{\"button_style\":\"secondary\",\"icon_align\":\"left\",\"link_target\":\"\",\"content\":\"Edocrinologie\",\"link\":\"edocrinologie\\\/\"}},{\"type\":\"button_item\",\"props\":{\"button_style\":\"secondary\",\"icon_align\":\"left\",\"link_target\":\"\",\"content\":\"Medicin\\u0103 intern\\u0103\",\"link\":\"medicina-interna\\\/\"}},{\"type\":\"button_item\",\"props\":{\"button_style\":\"secondary\",\"icon_align\":\"left\",\"link_target\":\"\",\"content\":\"Ecografie\",\"link\":\"ecografie\\\/\"}},{\"type\":\"button_item\",\"props\":{\"button_style\":\"secondary\",\"icon_align\":\"left\",\"link_target\":\"\",\"content\":\"Ginecologie\",\"link\":\"ginecologie\\\/\"}},{\"type\":\"button_item\",\"props\":{\"button_style\":\"secondary\",\"icon_align\":\"left\",\"link_target\":\"\",\"content\":\"Urologie\",\"link\":\"urologie\\\/\"}},{\"type\":\"button_item\",\"props\":{\"button_style\":\"secondary\",\"icon_align\":\"left\",\"link_target\":\"\",\"content\":\"Fiziokinetoterapie\",\"link\":\"fiziokinetoterapie\"}},{\"type\":\"button_item\",\"props\":{\"button_style\":\"secondary\",\"icon_align\":\"left\",\"link_target\":\"\",\"content\":\"Terapia durerii\",\"link\":\"terapia-dureri\\\/\"}}]}]}]}]},{\"name\":\"Aromaterapie\",\"type\":\"section\",\"props\":{\"style\":\"default\",\"width\":\"default\",\"vertical_align\":\"middle\",\"title_position\":\"top-right\",\"title_rotation\":\"left\",\"title_breakpoint\":\"xl\",\"image_position\":\"center-center\",\"title\":\"Meloterapia & Wellness\",\"padding\":\"large\",\"image\":\"\",\"image_effect\":\"\",\"text_color\":\"\",\"width_expand\":\"\",\"height\":\"\",\"header_transparent\":\"\",\"animation\":\"\"},\"children\":[{\"name\":\"\",\"type\":\"row\",\"props\":{\"fixed_width\":\"large\",\"breakpoint\":\"s\",\"layout\":\"2-3,\",\"vertical_align\":true,\"gutter\":\"large\",\"width\":\"\",\"height\":\"\",\"margin\":\"\",\"width_expand\":\"\"},\"children\":[{\"name\":\"\",\"type\":\"column\",\"props\":{\"widths\":[\"2-3\"],\"image_position\":\"center-center\",\"vertical_align\":\"\",\"media_overlay_gradient\":\"\",\"style\":\"\",\"text_color\":\"\",\"padding\":\"\"},\"children\":[{\"name\":\"\",\"type\":\"text\",\"props\":{\"margin\":\"large\",\"column_breakpoint\":\"m\",\"text_size\":\"\",\"column\":\"\",\"content\":\"\n\n<p style=\\\"text-align: justify;\\\">Reumatologia este ramura medicinei care se ocup\\u0103 cu depistarea, diagnosticarea, tratarea \\u0219i recuperarea pacien\\u021bilor care sufer\\u0103 de probleme non-chirurgicale ale aparatului locomotor. Datorit\\u0103 complexit\\u0103\\u021bii sale, evaluarea reumatologic\\u0103 poate fi dificil\\u0103, \\u021bin\\u00e2nd cont de faptul c\\u0103 multe simptome sunt similare pentru afec\\u021biuni diferite. La Nova Vita, \\u00eens\\u0103, avem medici speciali\\u0219ti, preg\\u0103ti\\u021bi pentru depistarea \\u0219i tratarea afec\\u021biunilor din sfera reumatologiei.<br \\\/><br \\\/>Depistarea \\u0219i tratamentul, \\u00eens\\u0103, nu sunt suficiente de cele mai multe ori, majoritatea pacien\\u021bilor av\\u00e2nd nevoie de\\u00a0<b>recuperare medical\\u0103<\\\/b>, iar echipa noastr\\u0103 este specializat\\u0103 at\\u00e2t \\u00een terapii medicale specifice, c\\u00e2t \\u0219i \\u00een terapii complementare, ce s-au dovedit a fi\\u00a0<b>benefice \\u00een suferin\\u021ba artrozic\\u0103.<\\\/b>\\u00a0<\\\/p>\",\"text_align\":\"\",\"text_align_breakpoint\":\"m\",\"text_align_fallback\":\"center\",\"text_style\":\"\",\"text_color\":\"\",\"maxwidth\":\"\",\"maxwidth_breakpoint\":\"\",\"animation\":\"\",\"visibility\":\"\",\"block_align\":\"\",\"position\":\"\",\"position_z_index\":\"\",\"block_align_breakpoint\":\"\",\"block_align_fallback\":\"\"}},{\"name\":\"\",\"type\":\"button\",\"props\":{\"gutter\":\"\",\"margin\":\"default\",\"button_size\":\"\",\"fullwidth\":false,\"text_align\":\"\",\"text_align_breakpoint\":\"m\",\"text_align_fallback\":\"center\",\"maxwidth\":\"\",\"maxwidth_breakpoint\":\"\",\"animation\":\"\",\"visibility\":\"\",\"block_align\":\"\"},\"children\":[{\"name\":\"\",\"type\":\"button_item\",\"props\":{\"button_style\":\"text\",\"icon_align\":\"right\",\"content\":\"Contacteaz\\u0103-ne\",\"icon\":\"arrow-right\",\"link\":\"contact\\\/\",\"link_target\":\"\"}}]}]},{\"type\":\"column\",\"props\":{\"widths\":[\"\"],\"image_position\":\"center-center\",\"media_overlay_gradient\":\"\",\"vertical_align\":\"\",\"style\":\"\",\"text_color\":\"\",\"padding\":\"\"},\"children\":[{\"type\":\"image\",\"props\":{\"margin\":\"default\",\"image_svg_color\":\"emphasis\",\"link_target\":\"\",\"image_border\":\"rounded\",\"image_box_shadow\":\"medium\",\"image_hover_box_shadow\":\"\",\"image_box_decoration\":\"\",\"text_align\":\"\",\"text_align_breakpoint\":\"\",\"text_align_fallback\":\"\",\"maxwidth\":\"\",\"maxwidth_breakpoint\":\"\",\"animation\":\"\",\"visibility\":\"\",\"image\":\"wp-content\\\/uploads\\\/Reumatologie.jpg\",\"image_width\":\"700\",\"image_height\":\"700\",\"image_alt\":\"Reumatologie\",\"image_svg_inline\":false,\"block_align\":\"\"}}]}]}]}],\"version\":\"1.20.6\",\"props\":[]} --><\/p>\n","protected":false},"excerpt":{"rendered":"<p>Reumatologie Depistare, diagnosticare, tratare \u0219i recuperare Cardiologie Dermatologie Edocrinologie Medicin\u0103 intern\u0103 Ecografie Ginecologie Urologie Fiziokinetoterapie Terapia durerii Reumatologia este ramura medicinei care se ocup\u0103 cu depistarea, diagnosticarea, tratarea \u0219i recuperarea pacien\u021bilor care sufer\u0103 de probleme non-chirurgicale ale aparatului locomotor. Datorit\u0103 complexit\u0103\u021bii sale, evaluarea reumatologic\u0103 poate fi dificil\u0103, \u021bin\u00e2nd cont de faptul c\u0103 multe simptome sunt [&hellip;]<\/p>\n","protected":false},"author":7,"featured_media":0,"parent":0,"menu_order":0,"comment_status":"closed","ping_status":"closed","template":"","meta":{"footnotes":""},"class_list":["post-220","page","type-page","status-publish","hentry"],"yoast_head":"<!-- This site is optimized with the Yoast SEO plugin v27.2 - https:\/\/yoast.com\/product\/yoast-seo-wordpress\/ -->\n<title>Reumatologie - Nova Vita Clinic Oradea<\/title>\n<meta name=\"robots\" content=\"index, follow, max-snippet:-1, max-image-preview:large, max-video-preview:-1\" \/>\n<link rel=\"canonical\" href=\"https:\/\/novavita.ro\/en\/reumatologie\/\" \/>\n<meta property=\"og:locale\" content=\"en_US\" \/>\n<meta property=\"og:type\" content=\"article\" \/>\n<meta property=\"og:title\" content=\"Reumatologie - Nova Vita Clinic Oradea\" \/>\n<meta property=\"og:description\" content=\"Reumatologie Depistare, diagnosticare, tratare \u0219i recuperare Cardiologie Dermatologie Edocrinologie Medicin\u0103 intern\u0103 Ecografie Ginecologie Urologie Fiziokinetoterapie Terapia durerii Reumatologia este ramura medicinei care se ocup\u0103 cu depistarea, diagnosticarea, tratarea \u0219i recuperarea pacien\u021bilor care sufer\u0103 de probleme non-chirurgicale ale aparatului locomotor. Datorit\u0103 complexit\u0103\u021bii sale, evaluarea reumatologic\u0103 poate fi dificil\u0103, \u021bin\u00e2nd cont de faptul c\u0103 multe simptome sunt [&hellip;]\" \/>\n<meta property=\"og:url\" content=\"https:\/\/novavita.ro\/en\/reumatologie\/\" \/>\n<meta property=\"og:site_name\" content=\"Nova Vita Clinic Oradea\" \/>\n<meta property=\"article:modified_time\" content=\"2019-05-29T18:56:31+00:00\" \/>\n<meta property=\"og:image\" content=\"http:\/\/wp-content\/uploads\/Reumatologie.jpg\" \/>\n<meta name=\"twitter:card\" content=\"summary_large_image\" \/>\n<meta name=\"twitter:label1\" content=\"Est. reading time\" \/>\n\t<meta name=\"twitter:data1\" content=\"1 minute\" \/>\n<script type=\"application\/ld+json\" class=\"yoast-schema-graph\">{\"@context\":\"https:\/\/schema.org\",\"@graph\":[{\"@type\":\"WebPage\",\"@id\":\"https:\/\/novavita.ro\/en\/reumatologie\/\",\"url\":\"https:\/\/novavita.ro\/en\/reumatologie\/\",\"name\":\"Reumatologie - Nova Vita Clinic Oradea\",\"isPartOf\":{\"@id\":\"https:\/\/novavita.ro\/#website\"},\"datePublished\":\"2019-04-20T07:24:05+00:00\",\"dateModified\":\"2019-05-29T18:56:31+00:00\",\"breadcrumb\":{\"@id\":\"https:\/\/novavita.ro\/en\/reumatologie\/#breadcrumb\"},\"inLanguage\":\"en-US\",\"potentialAction\":[{\"@type\":\"ReadAction\",\"target\":[\"https:\/\/novavita.ro\/en\/reumatologie\/\"]}]},{\"@type\":\"BreadcrumbList\",\"@id\":\"https:\/\/novavita.ro\/en\/reumatologie\/#breadcrumb\",\"itemListElement\":[{\"@type\":\"ListItem\",\"position\":1,\"name\":\"Prima pagin\u0103\",\"item\":\"https:\/\/novavita.ro\/\"},{\"@type\":\"ListItem\",\"position\":2,\"name\":\"Reumatologie\"}]},{\"@type\":\"WebSite\",\"@id\":\"https:\/\/novavita.ro\/#website\",\"url\":\"https:\/\/novavita.ro\/\",\"name\":\"Nova Vita Clinic Oradea\",\"description\":\"Clinic\u0103 de estetic\u0103 medical\u0103.\",\"potentialAction\":[{\"@type\":\"SearchAction\",\"target\":{\"@type\":\"EntryPoint\",\"urlTemplate\":\"https:\/\/novavita.ro\/?s={search_term_string}\"},\"query-input\":{\"@type\":\"PropertyValueSpecification\",\"valueRequired\":true,\"valueName\":\"search_term_string\"}}],\"inLanguage\":\"en-US\"}]}<\/script>\n<!-- \/ Yoast SEO plugin. -->","yoast_head_json":{"title":"Reumatologie - Nova Vita Clinic Oradea","robots":{"index":"index","follow":"follow","max-snippet":"max-snippet:-1","max-image-preview":"max-image-preview:large","max-video-preview":"max-video-preview:-1"},"canonical":"https:\/\/novavita.ro\/en\/reumatologie\/","og_locale":"en_US","og_type":"article","og_title":"Reumatologie - Nova Vita Clinic Oradea","og_description":"Reumatologie Depistare, diagnosticare, tratare \u0219i recuperare Cardiologie Dermatologie Edocrinologie Medicin\u0103 intern\u0103 Ecografie Ginecologie Urologie Fiziokinetoterapie Terapia durerii Reumatologia este ramura medicinei care se ocup\u0103 cu depistarea, diagnosticarea, tratarea \u0219i recuperarea pacien\u021bilor care sufer\u0103 de probleme non-chirurgicale ale aparatului locomotor. Datorit\u0103 complexit\u0103\u021bii sale, evaluarea reumatologic\u0103 poate fi dificil\u0103, \u021bin\u00e2nd cont de faptul c\u0103 multe simptome sunt [&hellip;]","og_url":"https:\/\/novavita.ro\/en\/reumatologie\/","og_site_name":"Nova Vita Clinic Oradea","article_modified_time":"2019-05-29T18:56:31+00:00","og_image":[{"url":"wp-content\/uploads\/Reumatologie.jpg","type":"","width":"","height":""}],"twitter_card":"summary_large_image","twitter_misc":{"Est. reading time":"1 minute"},"schema":{"@context":"https:\/\/schema.org","@graph":[{"@type":"WebPage","@id":"https:\/\/novavita.ro\/en\/reumatologie\/","url":"https:\/\/novavita.ro\/en\/reumatologie\/","name":"Reumatologie - Nova Vita Clinic Oradea","isPartOf":{"@id":"https:\/\/novavita.ro\/#website"},"datePublished":"2019-04-20T07:24:05+00:00","dateModified":"2019-05-29T18:56:31+00:00","breadcrumb":{"@id":"https:\/\/novavita.ro\/en\/reumatologie\/#breadcrumb"},"inLanguage":"en-US","potentialAction":[{"@type":"ReadAction","target":["https:\/\/novavita.ro\/en\/reumatologie\/"]}]},{"@type":"BreadcrumbList","@id":"https:\/\/novavita.ro\/en\/reumatologie\/#breadcrumb","itemListElement":[{"@type":"ListItem","position":1,"name":"Prima pagin\u0103","item":"https:\/\/novavita.ro\/"},{"@type":"ListItem","position":2,"name":"Reumatologie"}]},{"@type":"WebSite","@id":"https:\/\/novavita.ro\/#website","url":"https:\/\/novavita.ro\/","name":"Nova Vita Clinic Oradea","description":"Clinic\u0103 de estetic\u0103 medical\u0103.","potentialAction":[{"@type":"SearchAction","target":{"@type":"EntryPoint","urlTemplate":"https:\/\/novavita.ro\/?s={search_term_string}"},"query-input":{"@type":"PropertyValueSpecification","valueRequired":true,"valueName":"search_term_string"}}],"inLanguage":"en-US"}]}},"jetpack_sharing_enabled":true,"_links":{"self":[{"href":"https:\/\/novavita.ro\/en\/wp-json\/wp\/v2\/pages\/220","targetHints":{"allow":["GET"]}}],"collection":[{"href":"https:\/\/novavita.ro\/en\/wp-json\/wp\/v2\/pages"}],"about":[{"href":"https:\/\/novavita.ro\/en\/wp-json\/wp\/v2\/types\/page"}],"author":[{"embeddable":true,"href":"https:\/\/novavita.ro\/en\/wp-json\/wp\/v2\/users\/7"}],"replies":[{"embeddable":true,"href":"https:\/\/novavita.ro\/en\/wp-json\/wp\/v2\/comments?post=220"}],"version-history":[{"count":3,"href":"https:\/\/novavita.ro\/en\/wp-json\/wp\/v2\/pages\/220\/revisions"}],"predecessor-version":[{"id":940,"href":"https:\/\/novavita.ro\/en\/wp-json\/wp\/v2\/pages\/220\/revisions\/940"}],"wp:attachment":[{"href":"https:\/\/novavita.ro\/en\/wp-json\/wp\/v2\/media?parent=220"}],"curies":[{"name":"wp","href":"https:\/\/api.w.org\/{rel}","templated":true}]}}