{"id":222,"date":"2019-04-20T09:24:23","date_gmt":"2019-04-20T06:24:23","guid":{"rendered":"http:\/\/novavita.ro\/?page_id=222"},"modified":"2021-05-11T21:36:48","modified_gmt":"2021-05-11T18:36:48","slug":"urologie","status":"publish","type":"page","link":"https:\/\/novavita.ro\/en\/urologie\/","title":{"rendered":"Urinary incontinence"},"content":{"rendered":"<h1>Incontinen\u021b\u0103 urinar\u0103<\/h1>\n<div>Mijloace moderne de diagnostic \u0219i tratament<\/div>\n<ul>\n<li>\n        <a href=\"\/cardiologie\/\">Cardiologie<\/a>\n    <\/li>\n<li>\n        <a href=\"\/dermatologie\/\">Dermatologie<\/a>\n    <\/li>\n<li>\n        <a href=\"\/edocrinologie\/\">Edocrinologie<\/a>\n    <\/li>\n<li>\n        <a href=\"\/medicina-interna\/\">Medicin\u0103 intern\u0103<\/a>\n    <\/li>\n<li>\n        <a href=\"\/ecografie\/\">Ecografie<\/a>\n    <\/li>\n<li>\n        <a href=\"\/ginecologie\/\">Ginecologie<\/a>\n    <\/li>\n<li>\n        <a href=\"\/reumatologie\/\">Reumatologie<\/a>\n    <\/li>\n<li>\n        <a href=\"\/fiziokinetoterapie\/\">Fiziokinetoterapie<\/a>\n    <\/li>\n<li>\n        <a href=\"\/terapia-dureri\/\">Terapia durerii<\/a>\n    <\/li>\n<\/ul>\n<div>\n<p style=\"text-align: justify;\">In cadrul clinicii Nova Vita pute\u021bi g\u0103si mijloace moderne de diagnostic \u0219i tratament destinate tuturor persoanelor care prezint\u0103 orice tip de simptome ale\u00a0<b>aparatului urinar sau genital<\/b>, precum\u00a0<b>urin\u0103rile frecvente sau pierderile de urin\u0103, durerile de spate \u00een zona rinichilor, problemele de natur\u0103 sexual\u0103, controlul prostate<\/b>i etc.<\/p>\n<p>Echipa noastr\u0103 va st\u0103 la dispozi\u021bie cu aparatur\u0103 modern\u0103, fiind mereu preg\u0103tit\u0103 s\u0103 dea un<b>\u00a0diagnostic clar<\/b>\u00a0\u0219i\u00a0<b>un tratament corespunz\u0103tor, \u00een func\u021bie de afec\u021biunile de care suferi\u021bi.<\/b><b>\u00a0\u00a0<\/b><\/p>\n<\/div>\n<p>\n    <a href=\"\/contact\/\">Contacteaz\u0103-ne<\/a>\n<\/p>\n<p><img decoding=\"async\" src=\"\/wp-content\/uploads\/Urologie.jpg\" alt=\"Aromaterapie\"><\/p>\n<p><!--more--><br \/>\n<!-- {\"name\":\"Submeniu-clinic\",\"type\":\"layout\",\"children\":[{\"name\":\"Hero\",\"type\":\"section\",\"props\":{\"style\":\"muted\",\"width\":\"small\",\"vertical_align\":\"middle\",\"title_position\":\"top-left\",\"title_rotation\":\"left\",\"title_breakpoint\":\"xl\",\"image_position\":\"center-center\",\"padding\":\"small\",\"padding_remove_bottom\":false,\"image\":\"\"},\"children\":[{\"name\":\"\",\"type\":\"row\",\"children\":[{\"name\":\"\",\"type\":\"column\",\"props\":{\"image_position\":\"center-center\",\"media_overlay_gradient\":\"\",\"width_medium\":\"1-1\"},\"children\":[{\"name\":\"\",\"type\":\"headline\",\"props\":{\"title_element\":\"h1\",\"content\":\"Incontinen\\u021b\\u0103 urinar\\u0103\",\"margin_remove_bottom\":true,\"text_align_fallback\":\"center\",\"title_style\":\"h1\",\"class\":\"\"}},{\"name\":\"\",\"type\":\"headline\",\"props\":{\"title_element\":\"div\",\"content\":\"Mijloace moderne de diagnostic \\u0219i tratament\",\"title_decoration\":\"bullet\",\"title_style\":\"h5\",\"margin\":\"small\",\"text_align_breakpoint\":\"m\",\"text_align_fallback\":\"center\",\"title_color\":\"muted\"}},{\"type\":\"button\",\"props\":{\"margin\":\"default\",\"button_size\":\"small\",\"grid_column_gap\":\"small\",\"grid_row_gap\":\"small\"},\"children\":[{\"type\":\"button_item\",\"props\":{\"button_style\":\"secondary\",\"icon_align\":\"left\",\"content\":\"Cardiologie\",\"link\":\"cardiologie\\\/\"}},{\"type\":\"button_item\",\"props\":{\"button_style\":\"secondary\",\"icon_align\":\"left\",\"content\":\"Dermatologie\",\"link\":\"dermatologie\\\/\"}},{\"type\":\"button_item\",\"props\":{\"button_style\":\"secondary\",\"icon_align\":\"left\",\"content\":\"Edocrinologie\",\"link\":\"edocrinologie\\\/\"}},{\"type\":\"button_item\",\"props\":{\"button_style\":\"secondary\",\"icon_align\":\"left\",\"content\":\"Medicin\\u0103 intern\\u0103\",\"link\":\"medicina-interna\\\/\"}},{\"type\":\"button_item\",\"props\":{\"button_style\":\"secondary\",\"icon_align\":\"left\",\"content\":\"Ecografie\",\"link\":\"ecografie\\\/\"}},{\"type\":\"button_item\",\"props\":{\"button_style\":\"secondary\",\"icon_align\":\"left\",\"content\":\"Ginecologie\",\"link\":\"ginecologie\\\/\"}},{\"type\":\"button_item\",\"props\":{\"button_style\":\"secondary\",\"icon_align\":\"left\",\"content\":\"Reumatologie\",\"link\":\"reumatologie\\\/\"}},{\"type\":\"button_item\",\"props\":{\"button_style\":\"secondary\",\"icon_align\":\"left\",\"content\":\"Fiziokinetoterapie\",\"link\":\"fiziokinetoterapie\\\/\"}},{\"type\":\"button_item\",\"props\":{\"button_style\":\"secondary\",\"icon_align\":\"left\",\"content\":\"Terapia durerii\",\"link\":\"terapia-dureri\\\/\"}}]}]}]}]},{\"name\":\"Aromaterapie\",\"type\":\"section\",\"props\":{\"style\":\"default\",\"width\":\"default\",\"vertical_align\":\"middle\",\"title_position\":\"top-right\",\"title_rotation\":\"left\",\"title_breakpoint\":\"xl\",\"image_position\":\"center-center\",\"title\":\"Meloterapia & Wellness\",\"padding\":\"large\",\"image\":\"\"},\"children\":[{\"name\":\"\",\"type\":\"row\",\"props\":{\"layout\":\"2-3,1-3\",\"vertical_align\":true,\"column_gap\":\"large\",\"row_gap\":\"large\"},\"children\":[{\"name\":\"\",\"type\":\"column\",\"props\":{\"image_position\":\"center-center\",\"media_overlay_gradient\":\"\",\"width_small\":\"2-3\"},\"children\":[{\"name\":\"\",\"type\":\"text\",\"props\":{\"margin\":\"large\",\"column_breakpoint\":\"m\",\"content\":\"\n\n<p style=\\\"text-align: justify;\\\">In cadrul clinicii Nova Vita pute\\u021bi g\\u0103si mijloace moderne de diagnostic \\u0219i tratament destinate tuturor persoanelor care prezint\\u0103 orice tip de simptome ale\\u00a0<b>aparatului urinar sau genital<\\\/b>, precum\\u00a0<b>urin\\u0103rile frecvente sau pierderile de urin\\u0103, durerile de spate \\u00een zona rinichilor, problemele de natur\\u0103 sexual\\u0103, controlul prostate<\\\/b>i etc.<br \\\/><br \\\/>Echipa noastr\\u0103 va st\\u0103 la dispozi\\u021bie cu aparatur\\u0103 modern\\u0103, fiind mereu preg\\u0103tit\\u0103 s\\u0103 dea un<b>\\u00a0diagnostic clar<\\\/b>\\u00a0\\u0219i\\u00a0<b>un tratament corespunz\\u0103tor, \\u00een func\\u021bie de afec\\u021biunile de care suferi\\u021bi.<\\\/b><b>\\u00a0\\u00a0<\\\/b><\\\/p>\",\"text_align_breakpoint\":\"m\",\"text_align_fallback\":\"center\"}},{\"name\":\"\",\"type\":\"button\",\"props\":{\"margin\":\"default\",\"fullwidth\":false,\"text_align_breakpoint\":\"m\",\"text_align_fallback\":\"center\",\"grid_column_gap\":\"\",\"grid_row_gap\":\"\"},\"children\":[{\"name\":\"\",\"type\":\"button_item\",\"props\":{\"button_style\":\"text\",\"icon_align\":\"right\",\"content\":\"Contacteaz\\u0103-ne\",\"icon\":\"arrow-right\",\"link\":\"contact\\\/\"}}]}]},{\"type\":\"column\",\"props\":{\"image_position\":\"center-center\",\"media_overlay_gradient\":\"\",\"width_small\":\"1-3\"},\"children\":[{\"type\":\"image\",\"props\":{\"margin\":\"default\",\"image_svg_color\":\"emphasis\",\"image_border\":\"rounded\",\"image_box_shadow\":\"medium\",\"image\":\"wp-content\\\/uploads\\\/Urologie.jpg\",\"image_width\":\"700\",\"image_height\":\"700\",\"image_alt\":\"Aromaterapie\",\"image_svg_inline\":false}}]}]}]}],\"version\":\"2.4.14\"} --><\/p>\n","protected":false},"excerpt":{"rendered":"<p>Incontinen\u021b\u0103 urinar\u0103 Mijloace moderne de diagnostic \u0219i tratament Cardiologie Dermatologie Edocrinologie Medicin\u0103 intern\u0103 Ecografie Ginecologie Reumatologie Fiziokinetoterapie Terapia durerii In cadrul clinicii Nova Vita pute\u021bi g\u0103si mijloace moderne de diagnostic \u0219i tratament destinate tuturor persoanelor care prezint\u0103 orice tip de simptome ale\u00a0aparatului urinar sau genital, precum\u00a0urin\u0103rile frecvente sau pierderile de urin\u0103, durerile de spate \u00een [&hellip;]<\/p>\n","protected":false},"author":7,"featured_media":0,"parent":0,"menu_order":0,"comment_status":"closed","ping_status":"closed","template":"","meta":{"footnotes":""},"class_list":["post-222","page","type-page","status-publish","hentry"],"yoast_head":"<!-- This site is optimized with the Yoast SEO plugin v27.2 - https:\/\/yoast.com\/product\/yoast-seo-wordpress\/ -->\n<title>Incontinen\u021b\u0103 urinar\u0103 - Nova Vita Clinic Oradea<\/title>\n<meta name=\"robots\" content=\"index, follow, max-snippet:-1, max-image-preview:large, max-video-preview:-1\" \/>\n<link rel=\"canonical\" href=\"https:\/\/novavita.ro\/en\/urology\/\" \/>\n<meta property=\"og:locale\" content=\"en_US\" \/>\n<meta property=\"og:type\" content=\"article\" \/>\n<meta property=\"og:title\" content=\"Incontinen\u021b\u0103 urinar\u0103 - Nova Vita Clinic Oradea\" \/>\n<meta property=\"og:description\" content=\"Incontinen\u021b\u0103 urinar\u0103 Mijloace moderne de diagnostic \u0219i tratament Cardiologie Dermatologie Edocrinologie Medicin\u0103 intern\u0103 Ecografie Ginecologie Reumatologie Fiziokinetoterapie Terapia durerii In cadrul clinicii Nova Vita pute\u021bi g\u0103si mijloace moderne de diagnostic \u0219i tratament destinate tuturor persoanelor care prezint\u0103 orice tip de simptome ale\u00a0aparatului urinar sau genital, precum\u00a0urin\u0103rile frecvente sau pierderile de urin\u0103, durerile de spate \u00een [&hellip;]\" \/>\n<meta property=\"og:url\" content=\"https:\/\/novavita.ro\/en\/urology\/\" \/>\n<meta property=\"og:site_name\" content=\"Nova Vita Clinic Oradea\" \/>\n<meta property=\"article:modified_time\" content=\"2021-05-11T18:36:48+00:00\" \/>\n<meta property=\"og:image\" content=\"https:\/\/novavita.ro\/wp-content\/uploads\/Urologie.jpg\" \/>\n<meta name=\"twitter:card\" content=\"summary_large_image\" \/>\n<meta name=\"twitter:label1\" content=\"Est. reading time\" \/>\n\t<meta name=\"twitter:data1\" content=\"1 minute\" \/>\n<script type=\"application\/ld+json\" class=\"yoast-schema-graph\">{\"@context\":\"https:\/\/schema.org\",\"@graph\":[{\"@type\":\"WebPage\",\"@id\":\"https:\/\/novavita.ro\/en\/urology\/\",\"url\":\"https:\/\/novavita.ro\/en\/urology\/\",\"name\":\"Incontinen\u021b\u0103 urinar\u0103 - Nova Vita Clinic Oradea\",\"isPartOf\":{\"@id\":\"https:\/\/novavita.ro\/#website\"},\"datePublished\":\"2019-04-20T06:24:23+00:00\",\"dateModified\":\"2021-05-11T18:36:48+00:00\",\"breadcrumb\":{\"@id\":\"https:\/\/novavita.ro\/en\/urology\/#breadcrumb\"},\"inLanguage\":\"en-US\",\"potentialAction\":[{\"@type\":\"ReadAction\",\"target\":[\"https:\/\/novavita.ro\/en\/urology\/\"]}]},{\"@type\":\"BreadcrumbList\",\"@id\":\"https:\/\/novavita.ro\/en\/urology\/#breadcrumb\",\"itemListElement\":[{\"@type\":\"ListItem\",\"position\":1,\"name\":\"Prima pagin\u0103\",\"item\":\"https:\/\/novavita.ro\/\"},{\"@type\":\"ListItem\",\"position\":2,\"name\":\"Incontinen\u021b\u0103 urinar\u0103\"}]},{\"@type\":\"WebSite\",\"@id\":\"https:\/\/novavita.ro\/#website\",\"url\":\"https:\/\/novavita.ro\/\",\"name\":\"Nova Vita Clinic Oradea\",\"description\":\"Clinic\u0103 de estetic\u0103 medical\u0103.\",\"potentialAction\":[{\"@type\":\"SearchAction\",\"target\":{\"@type\":\"EntryPoint\",\"urlTemplate\":\"https:\/\/novavita.ro\/?s={search_term_string}\"},\"query-input\":{\"@type\":\"PropertyValueSpecification\",\"valueRequired\":true,\"valueName\":\"search_term_string\"}}],\"inLanguage\":\"en-US\"}]}<\/script>\n<!-- \/ Yoast SEO plugin. -->","yoast_head_json":{"title":"Incontinen\u021b\u0103 urinar\u0103 - Nova Vita Clinic Oradea","robots":{"index":"index","follow":"follow","max-snippet":"max-snippet:-1","max-image-preview":"max-image-preview:large","max-video-preview":"max-video-preview:-1"},"canonical":"https:\/\/novavita.ro\/en\/urology\/","og_locale":"en_US","og_type":"article","og_title":"Incontinen\u021b\u0103 urinar\u0103 - Nova Vita Clinic Oradea","og_description":"Incontinen\u021b\u0103 urinar\u0103 Mijloace moderne de diagnostic \u0219i tratament Cardiologie Dermatologie Edocrinologie Medicin\u0103 intern\u0103 Ecografie Ginecologie Reumatologie Fiziokinetoterapie Terapia durerii In cadrul clinicii Nova Vita pute\u021bi g\u0103si mijloace moderne de diagnostic \u0219i tratament destinate tuturor persoanelor care prezint\u0103 orice tip de simptome ale\u00a0aparatului urinar sau genital, precum\u00a0urin\u0103rile frecvente sau pierderile de urin\u0103, durerile de spate \u00een [&hellip;]","og_url":"https:\/\/novavita.ro\/en\/urology\/","og_site_name":"Nova Vita Clinic Oradea","article_modified_time":"2021-05-11T18:36:48+00:00","og_image":[{"url":"https:\/\/novavita.ro\/wp-content\/uploads\/Urologie.jpg","type":"","width":"","height":""}],"twitter_card":"summary_large_image","twitter_misc":{"Est. reading time":"1 minute"},"schema":{"@context":"https:\/\/schema.org","@graph":[{"@type":"WebPage","@id":"https:\/\/novavita.ro\/en\/urology\/","url":"https:\/\/novavita.ro\/en\/urology\/","name":"Incontinen\u021b\u0103 urinar\u0103 - Nova Vita Clinic Oradea","isPartOf":{"@id":"https:\/\/novavita.ro\/#website"},"datePublished":"2019-04-20T06:24:23+00:00","dateModified":"2021-05-11T18:36:48+00:00","breadcrumb":{"@id":"https:\/\/novavita.ro\/en\/urology\/#breadcrumb"},"inLanguage":"en-US","potentialAction":[{"@type":"ReadAction","target":["https:\/\/novavita.ro\/en\/urology\/"]}]},{"@type":"BreadcrumbList","@id":"https:\/\/novavita.ro\/en\/urology\/#breadcrumb","itemListElement":[{"@type":"ListItem","position":1,"name":"Prima pagin\u0103","item":"https:\/\/novavita.ro\/"},{"@type":"ListItem","position":2,"name":"Incontinen\u021b\u0103 urinar\u0103"}]},{"@type":"WebSite","@id":"https:\/\/novavita.ro\/#website","url":"https:\/\/novavita.ro\/","name":"Nova Vita Clinic Oradea","description":"Clinic\u0103 de estetic\u0103 medical\u0103.","potentialAction":[{"@type":"SearchAction","target":{"@type":"EntryPoint","urlTemplate":"https:\/\/novavita.ro\/?s={search_term_string}"},"query-input":{"@type":"PropertyValueSpecification","valueRequired":true,"valueName":"search_term_string"}}],"inLanguage":"en-US"}]}},"jetpack_sharing_enabled":true,"_links":{"self":[{"href":"https:\/\/novavita.ro\/en\/wp-json\/wp\/v2\/pages\/222","targetHints":{"allow":["GET"]}}],"collection":[{"href":"https:\/\/novavita.ro\/en\/wp-json\/wp\/v2\/pages"}],"about":[{"href":"https:\/\/novavita.ro\/en\/wp-json\/wp\/v2\/types\/page"}],"author":[{"embeddable":true,"href":"https:\/\/novavita.ro\/en\/wp-json\/wp\/v2\/users\/7"}],"replies":[{"embeddable":true,"href":"https:\/\/novavita.ro\/en\/wp-json\/wp\/v2\/comments?post=222"}],"version-history":[{"count":3,"href":"https:\/\/novavita.ro\/en\/wp-json\/wp\/v2\/pages\/222\/revisions"}],"predecessor-version":[{"id":1738,"href":"https:\/\/novavita.ro\/en\/wp-json\/wp\/v2\/pages\/222\/revisions\/1738"}],"wp:attachment":[{"href":"https:\/\/novavita.ro\/en\/wp-json\/wp\/v2\/media?parent=222"}],"curies":[{"name":"wp","href":"https:\/\/api.w.org\/{rel}","templated":true}]}}