{"id":224,"date":"2019-04-20T09:25:07","date_gmt":"2019-04-20T07:25:07","guid":{"rendered":"http:\/\/novavita.ro\/?page_id=224"},"modified":"2019-05-29T20:56:57","modified_gmt":"2019-05-29T18:56:57","slug":"fiziokinetoterapie","status":"publish","type":"page","link":"https:\/\/novavita.ro\/en\/fiziokinetoterapie\/","title":{"rendered":"Physio-kinesiotherapy"},"content":{"rendered":"<p><!-- Builder # --><\/p>\n<h1>Fiziokinetoterapie<\/h1>\n<div>Terapia prin mi\u0219care: kinesis (mi\u0219care) + therapia (tratament)<\/div>\n<ul>\n<li>\n        <a href=\"cardiologie\/\">Cardiologie<\/a>\n    <\/li>\n<li>\n        <a href=\"dermatologie\/\">Dermatologie<\/a>\n    <\/li>\n<li>\n        <a href=\"edocrinologie\/\">Edocrinologie<\/a>\n    <\/li>\n<li>\n        <a href=\"medicina-interna\/\">Medicin\u0103 intern\u0103<\/a>\n    <\/li>\n<li>\n        <a href=\"ecografie\/\">Ecografie<\/a>\n    <\/li>\n<li>\n        <a href=\"ginecologie\/\">Ginecologie<\/a>\n    <\/li>\n<li>\n        <a href=\"reumatologie\/\">Reumatologie<\/a>\n    <\/li>\n<li>\n        <a href=\"urologie\/\">Urologie<\/a>\n    <\/li>\n<li>\n        <a href=\"terapia-durerii\">Terapia durerii<\/a>\n    <\/li>\n<\/ul>\n<div>\n<p style=\"text-align: justify;\">Terapia prin mi\u0219care (din greaca veche &#8211; kinesis, care \u00eenseamn\u0103 mi\u0219care \u0219i therapia care \u00eenseamn\u0103 tratament) folose\u0219te mi\u0219c\u0103rile active \u0219i pasive cu scopul de a ajuta la recuperarea unei func\u021bii motorii c\u00e2t mai complete. La baza kinetoterapiei st\u0103 exerci\u021biul fizic, care are un rol extrem de important \u00een refacerea func\u021biilor \u0219i a sistemelor mio-artro-kinetic \u0219i cardio-respirator.<\/p>\n<p>De aceea, la Nova Vita ve\u021bi putea g\u0103si o echip\u0103 de fiziokinetoterapeuti preg\u0103ti\u021bi s\u0103 va ajute prin perspectiva tuturor ariilor medicale relevante afec\u021biunilor dumneavoastr\u0103. \u00cen func\u021bie de complexitatea cazului, echipa noastr\u0103 va stabili, \u00een urma consultului de specialitate, schema de tratament pe care trebuie s\u0103 o urma\u021bi, ocup\u00e2ndu-se cu profesionalism de partea de recuperare medical\u0103.<\/p>\n<\/div>\n<p>\n    <a href=\"contact\/\">Contacteaz\u0103-ne<\/a>\n<\/p>\n<p><img decoding=\"async\" src=\"wp-content\/uploads\/fiziokinetoterapie-88585499.jpg\" alt=\"Fiziokinetoterapie\"><\/p>\n<p><!-- {\"name\":\"Submeniu-clinic\",\"type\":\"layout\",\"children\":[{\"name\":\"Hero\",\"type\":\"section\",\"props\":{\"style\":\"muted\",\"width\":\"small\",\"vertical_align\":\"middle\",\"title_position\":\"top-left\",\"title_rotation\":\"left\",\"title_breakpoint\":\"xl\",\"image_position\":\"center-center\",\"padding\":\"small\",\"padding_remove_bottom\":false,\"image_effect\":\"\",\"text_color\":\"\",\"width_expand\":\"\",\"height\":\"\",\"header_transparent\":\"\",\"animation\":\"\",\"image\":\"\"},\"children\":[{\"name\":\"\",\"type\":\"row\",\"props\":{\"fixed_width\":\"large\",\"breakpoint\":\"m\",\"layout\":\"1-1\"},\"children\":[{\"name\":\"\",\"type\":\"column\",\"props\":{\"widths\":[\"1-1\"],\"image_position\":\"center-center\",\"media_overlay_gradient\":\"\"},\"children\":[{\"name\":\"\",\"type\":\"headline\",\"props\":{\"title_element\":\"h1\",\"content\":\"Fiziokinetoterapie\",\"title_color\":\"\",\"margin_remove_bottom\":true,\"text_align\":\"\",\"text_align_breakpoint\":\"\",\"text_align_fallback\":\"center\",\"visibility\":\"\",\"maxwidth\":\"\",\"title_style\":\"h1\",\"class\":\"\",\"title_decoration\":\"\",\"maxwidth_breakpoint\":\"\",\"margin\":\"\",\"animation\":\"\",\"block_align\":\"\",\"position\":\"\",\"position_z_index\":\"\",\"block_align_breakpoint\":\"\",\"block_align_fallback\":\"\"}},{\"name\":\"\",\"type\":\"headline\",\"props\":{\"title_element\":\"div\",\"content\":\"Terapia prin mi\\u0219care: kinesis (mi\\u0219care) + therapia (tratament)\",\"title_decoration\":\"bullet\",\"title_style\":\"h5\",\"margin\":\"small\",\"text_align\":\"\",\"text_align_breakpoint\":\"m\",\"text_align_fallback\":\"center\",\"title_color\":\"muted\",\"maxwidth\":\"\",\"maxwidth_breakpoint\":\"\",\"animation\":\"\",\"visibility\":\"\",\"block_align\":\"\"}},{\"type\":\"button\",\"props\":{\"gutter\":\"small\",\"margin\":\"default\",\"button_size\":\"small\",\"text_align\":\"\",\"text_align_breakpoint\":\"\",\"text_align_fallback\":\"\",\"maxwidth\":\"\",\"maxwidth_breakpoint\":\"\",\"animation\":\"\",\"visibility\":\"\",\"block_align\":\"\",\"position\":\"\",\"position_z_index\":\"\",\"block_align_breakpoint\":\"\",\"block_align_fallback\":\"\"},\"children\":[{\"type\":\"button_item\",\"props\":{\"button_style\":\"secondary\",\"icon_align\":\"left\",\"link_target\":\"\",\"content\":\"Cardiologie\",\"link\":\"cardiologie\\\/\"}},{\"type\":\"button_item\",\"props\":{\"button_style\":\"secondary\",\"icon_align\":\"left\",\"link_target\":\"\",\"content\":\"Dermatologie\",\"link\":\"dermatologie\\\/\"}},{\"type\":\"button_item\",\"props\":{\"button_style\":\"secondary\",\"icon_align\":\"left\",\"link_target\":\"\",\"content\":\"Edocrinologie\",\"link\":\"edocrinologie\\\/\"}},{\"type\":\"button_item\",\"props\":{\"button_style\":\"secondary\",\"icon_align\":\"left\",\"link_target\":\"\",\"content\":\"Medicin\\u0103 intern\\u0103\",\"link\":\"medicina-interna\\\/\"}},{\"type\":\"button_item\",\"props\":{\"button_style\":\"secondary\",\"icon_align\":\"left\",\"link_target\":\"\",\"content\":\"Ecografie\",\"link\":\"ecografie\\\/\"}},{\"type\":\"button_item\",\"props\":{\"button_style\":\"secondary\",\"icon_align\":\"left\",\"link_target\":\"\",\"content\":\"Ginecologie\",\"link\":\"ginecologie\\\/\"}},{\"type\":\"button_item\",\"props\":{\"button_style\":\"secondary\",\"icon_align\":\"left\",\"link_target\":\"\",\"content\":\"Reumatologie\",\"link\":\"reumatologie\\\/\"}},{\"type\":\"button_item\",\"props\":{\"button_style\":\"secondary\",\"icon_align\":\"left\",\"link_target\":\"\",\"content\":\"Urologie\",\"link\":\"urologie\\\/\"}},{\"type\":\"button_item\",\"props\":{\"button_style\":\"secondary\",\"icon_align\":\"left\",\"link_target\":\"\",\"content\":\"Terapia durerii\",\"link\":\"terapia-durerii\"}}]}]}]}]},{\"name\":\"Aromaterapie\",\"type\":\"section\",\"props\":{\"style\":\"default\",\"width\":\"default\",\"vertical_align\":\"middle\",\"title_position\":\"top-right\",\"title_rotation\":\"left\",\"title_breakpoint\":\"xl\",\"image_position\":\"center-center\",\"title\":\"Meloterapia & Wellness\",\"padding\":\"large\",\"image\":\"\",\"image_effect\":\"\",\"text_color\":\"\",\"width_expand\":\"\",\"height\":\"\",\"header_transparent\":\"\",\"animation\":\"\"},\"children\":[{\"name\":\"\",\"type\":\"row\",\"props\":{\"fixed_width\":\"large\",\"breakpoint\":\"s\",\"layout\":\"2-3,\",\"vertical_align\":true,\"gutter\":\"large\",\"width\":\"\",\"height\":\"\",\"margin\":\"\",\"width_expand\":\"\"},\"children\":[{\"name\":\"\",\"type\":\"column\",\"props\":{\"widths\":[\"2-3\"],\"image_position\":\"center-center\",\"vertical_align\":\"\",\"media_overlay_gradient\":\"\",\"style\":\"\",\"text_color\":\"\",\"padding\":\"\"},\"children\":[{\"name\":\"\",\"type\":\"text\",\"props\":{\"margin\":\"large\",\"column_breakpoint\":\"m\",\"text_size\":\"\",\"column\":\"\",\"content\":\"\n\n<p style=\\\"text-align: justify;\\\">Terapia prin mi\\u0219care (din greaca veche - kinesis, care \\u00eenseamn\\u0103 mi\\u0219care \\u0219i therapia care \\u00eenseamn\\u0103 tratament) folose\\u0219te mi\\u0219c\\u0103rile active \\u0219i pasive cu scopul de a ajuta la recuperarea unei func\\u021bii motorii c\\u00e2t mai complete. La baza kinetoterapiei st\\u0103 exerci\\u021biul fizic, care are un rol extrem de important \\u00een refacerea func\\u021biilor \\u0219i a sistemelor mio-artro-kinetic \\u0219i cardio-respirator.\\n\\n\n\n\\nDe aceea, la Nova Vita ve\\u021bi putea g\\u0103si o echip\\u0103 de fiziokinetoterapeuti preg\\u0103ti\\u021bi s\\u0103 va ajute prin perspectiva tuturor ariilor medicale relevante afec\\u021biunilor dumneavoastr\\u0103. \\u00cen func\\u021bie de complexitatea cazului, echipa noastr\\u0103 va stabili, \\u00een urma consultului de specialitate, schema de tratament pe care trebuie s\\u0103 o urma\\u021bi, ocup\\u00e2ndu-se cu profesionalism de partea de recuperare medical\\u0103.<\\\/p>\",\"text_align\":\"\",\"text_align_breakpoint\":\"m\",\"text_align_fallback\":\"center\",\"text_style\":\"\",\"text_color\":\"\",\"maxwidth\":\"\",\"maxwidth_breakpoint\":\"\",\"animation\":\"\",\"visibility\":\"\",\"block_align\":\"\"}},{\"name\":\"\",\"type\":\"button\",\"props\":{\"gutter\":\"\",\"margin\":\"default\",\"button_size\":\"\",\"fullwidth\":false,\"text_align\":\"\",\"text_align_breakpoint\":\"m\",\"text_align_fallback\":\"center\",\"maxwidth\":\"\",\"maxwidth_breakpoint\":\"\",\"animation\":\"\",\"visibility\":\"\",\"block_align\":\"\"},\"children\":[{\"name\":\"\",\"type\":\"button_item\",\"props\":{\"button_style\":\"text\",\"icon_align\":\"right\",\"content\":\"Contacteaz\\u0103-ne\",\"icon\":\"arrow-right\",\"link\":\"contact\\\/\",\"link_target\":\"\"}}]}]},{\"type\":\"column\",\"props\":{\"widths\":[\"\"],\"image_position\":\"center-center\",\"media_overlay_gradient\":\"\",\"vertical_align\":\"\",\"style\":\"\",\"text_color\":\"\",\"padding\":\"\"},\"children\":[{\"type\":\"image\",\"props\":{\"margin\":\"default\",\"image_svg_color\":\"emphasis\",\"link_target\":\"\",\"image_border\":\"rounded\",\"image_box_shadow\":\"medium\",\"image_hover_box_shadow\":\"\",\"image_box_decoration\":\"\",\"text_align\":\"\",\"text_align_breakpoint\":\"\",\"text_align_fallback\":\"\",\"maxwidth\":\"\",\"maxwidth_breakpoint\":\"\",\"animation\":\"\",\"visibility\":\"\",\"image\":\"wp-content\\\/uploads\\\/fiziokinetoterapie-88585499.jpg\",\"image_width\":\"700\",\"image_height\":\"700\",\"image_alt\":\"Fiziokinetoterapie\",\"image_svg_inline\":false,\"block_align\":\"\"}}]}]}]},{\"name\":\"Video Teser\",\"type\":\"section\",\"props\":{\"width\":\"default\",\"padding\":\"xlarge\",\"style\":\"secondary\",\"text_color\":\"light\",\"media\":\"images\\\/home-quality.jpg\",\"height_viewport\":false,\"image\":\"\",\"animation\":\"fade\",\"image_size\":\"cover\",\"image_position\":\"center-center\",\"vertical_align\":\"middle\",\"title_position\":\"top-left\",\"title_rotation\":\"left\",\"title_breakpoint\":\"xl\",\"image_width\":\"2560\",\"height\":\"\",\"header_transparent\":\"\",\"image_effect\":\"\",\"width_expand\":\"\",\"video\":\"wp-content\\\/uploads\\\/nova_vita.mp4\",\"padding_remove_top\":false},\"children\":[{\"name\":\"\",\"type\":\"row\",\"props\":{\"layout\":\"1-1\",\"fixed_width\":\"large\",\"breakpoint\":\"m\"},\"children\":[{\"name\":\"\",\"type\":\"column\",\"props\":{\"image_position\":\"center-center\",\"widths\":[\"1-1\"],\"media_overlay_gradient\":\"\"},\"children\":[]}]}]}],\"version\":\"1.20.6\",\"props\":[]} --><\/p>\n","protected":false},"excerpt":{"rendered":"<p>Fiziokinetoterapie Terapia prin mi\u0219care: kinesis (mi\u0219care) + therapia (tratament) Cardiologie Dermatologie Edocrinologie Medicin\u0103 intern\u0103 Ecografie Ginecologie Reumatologie Urologie Terapia durerii Terapia prin mi\u0219care (din greaca veche &#8211; kinesis, care \u00eenseamn\u0103 mi\u0219care \u0219i therapia care \u00eenseamn\u0103 tratament) folose\u0219te mi\u0219c\u0103rile active \u0219i pasive cu scopul de a ajuta la recuperarea unei func\u021bii motorii c\u00e2t mai complete. La [&hellip;]<\/p>\n","protected":false},"author":7,"featured_media":0,"parent":0,"menu_order":0,"comment_status":"closed","ping_status":"closed","template":"","meta":{"footnotes":""},"class_list":["post-224","page","type-page","status-publish","hentry"],"yoast_head":"<!-- This site is optimized with the Yoast SEO plugin v27.2 - https:\/\/yoast.com\/product\/yoast-seo-wordpress\/ -->\n<title>FizioKineto Terapie - Nova Vita Clinic Oradea<\/title>\n<meta name=\"robots\" content=\"index, follow, max-snippet:-1, max-image-preview:large, max-video-preview:-1\" \/>\n<link rel=\"canonical\" href=\"https:\/\/novavita.ro\/en\/physio-kinesiotherapy\/\" \/>\n<meta property=\"og:locale\" content=\"en_US\" \/>\n<meta property=\"og:type\" content=\"article\" \/>\n<meta property=\"og:title\" content=\"FizioKineto Terapie - Nova Vita Clinic Oradea\" \/>\n<meta property=\"og:description\" content=\"Fiziokinetoterapie Terapia prin mi\u0219care: kinesis (mi\u0219care) + therapia (tratament) Cardiologie Dermatologie Edocrinologie Medicin\u0103 intern\u0103 Ecografie Ginecologie Reumatologie Urologie Terapia durerii Terapia prin mi\u0219care (din greaca veche &#8211; kinesis, care \u00eenseamn\u0103 mi\u0219care \u0219i therapia care \u00eenseamn\u0103 tratament) folose\u0219te mi\u0219c\u0103rile active \u0219i pasive cu scopul de a ajuta la recuperarea unei func\u021bii motorii c\u00e2t mai complete. La [&hellip;]\" \/>\n<meta property=\"og:url\" content=\"https:\/\/novavita.ro\/en\/physio-kinesiotherapy\/\" \/>\n<meta property=\"og:site_name\" content=\"Nova Vita Clinic Oradea\" \/>\n<meta property=\"article:modified_time\" content=\"2019-05-29T18:56:57+00:00\" \/>\n<meta property=\"og:image\" content=\"http:\/\/wp-content\/uploads\/fiziokinetoterapie-88585499.jpg\" \/>\n<meta name=\"twitter:card\" content=\"summary_large_image\" \/>\n<meta name=\"twitter:label1\" content=\"Est. reading time\" \/>\n\t<meta name=\"twitter:data1\" content=\"1 minute\" \/>\n<script type=\"application\/ld+json\" class=\"yoast-schema-graph\">{\"@context\":\"https:\/\/schema.org\",\"@graph\":[{\"@type\":\"WebPage\",\"@id\":\"https:\/\/novavita.ro\/fiziokinetoterapie\/\",\"url\":\"https:\/\/novavita.ro\/fiziokinetoterapie\/\",\"name\":\"FizioKineto Terapie - Nova Vita Clinic Oradea\",\"isPartOf\":{\"@id\":\"https:\/\/novavita.ro\/#website\"},\"datePublished\":\"2019-04-20T07:25:07+00:00\",\"dateModified\":\"2019-05-29T18:56:57+00:00\",\"breadcrumb\":{\"@id\":\"https:\/\/novavita.ro\/fiziokinetoterapie\/#breadcrumb\"},\"inLanguage\":\"en-US\",\"potentialAction\":[{\"@type\":\"ReadAction\",\"target\":[\"https:\/\/novavita.ro\/fiziokinetoterapie\/\"]}]},{\"@type\":\"BreadcrumbList\",\"@id\":\"https:\/\/novavita.ro\/fiziokinetoterapie\/#breadcrumb\",\"itemListElement\":[{\"@type\":\"ListItem\",\"position\":1,\"name\":\"Prima pagin\u0103\",\"item\":\"https:\/\/novavita.ro\/\"},{\"@type\":\"ListItem\",\"position\":2,\"name\":\"FizioKineto Terapie\"}]},{\"@type\":\"WebSite\",\"@id\":\"https:\/\/novavita.ro\/#website\",\"url\":\"https:\/\/novavita.ro\/\",\"name\":\"Nova Vita Clinic Oradea\",\"description\":\"Clinic\u0103 de estetic\u0103 medical\u0103.\",\"potentialAction\":[{\"@type\":\"SearchAction\",\"target\":{\"@type\":\"EntryPoint\",\"urlTemplate\":\"https:\/\/novavita.ro\/?s={search_term_string}\"},\"query-input\":{\"@type\":\"PropertyValueSpecification\",\"valueRequired\":true,\"valueName\":\"search_term_string\"}}],\"inLanguage\":\"en-US\"}]}<\/script>\n<!-- \/ Yoast SEO plugin. -->","yoast_head_json":{"title":"FizioKineto Terapie - Nova Vita Clinic Oradea","robots":{"index":"index","follow":"follow","max-snippet":"max-snippet:-1","max-image-preview":"max-image-preview:large","max-video-preview":"max-video-preview:-1"},"canonical":"https:\/\/novavita.ro\/en\/physio-kinesiotherapy\/","og_locale":"en_US","og_type":"article","og_title":"FizioKineto Terapie - Nova Vita Clinic Oradea","og_description":"Fiziokinetoterapie Terapia prin mi\u0219care: kinesis (mi\u0219care) + therapia (tratament) Cardiologie Dermatologie Edocrinologie Medicin\u0103 intern\u0103 Ecografie Ginecologie Reumatologie Urologie Terapia durerii Terapia prin mi\u0219care (din greaca veche &#8211; kinesis, care \u00eenseamn\u0103 mi\u0219care \u0219i therapia care \u00eenseamn\u0103 tratament) folose\u0219te mi\u0219c\u0103rile active \u0219i pasive cu scopul de a ajuta la recuperarea unei func\u021bii motorii c\u00e2t mai complete. La [&hellip;]","og_url":"https:\/\/novavita.ro\/en\/physio-kinesiotherapy\/","og_site_name":"Nova Vita Clinic Oradea","article_modified_time":"2019-05-29T18:56:57+00:00","og_image":[{"url":"wp-content\/uploads\/fiziokinetoterapie-88585499.jpg","type":"","width":"","height":""}],"twitter_card":"summary_large_image","twitter_misc":{"Est. reading time":"1 minute"},"schema":{"@context":"https:\/\/schema.org","@graph":[{"@type":"WebPage","@id":"https:\/\/novavita.ro\/fiziokinetoterapie\/","url":"https:\/\/novavita.ro\/fiziokinetoterapie\/","name":"FizioKineto Terapie - Nova Vita Clinic Oradea","isPartOf":{"@id":"https:\/\/novavita.ro\/#website"},"datePublished":"2019-04-20T07:25:07+00:00","dateModified":"2019-05-29T18:56:57+00:00","breadcrumb":{"@id":"https:\/\/novavita.ro\/fiziokinetoterapie\/#breadcrumb"},"inLanguage":"en-US","potentialAction":[{"@type":"ReadAction","target":["https:\/\/novavita.ro\/fiziokinetoterapie\/"]}]},{"@type":"BreadcrumbList","@id":"https:\/\/novavita.ro\/fiziokinetoterapie\/#breadcrumb","itemListElement":[{"@type":"ListItem","position":1,"name":"Prima pagin\u0103","item":"https:\/\/novavita.ro\/"},{"@type":"ListItem","position":2,"name":"FizioKineto Terapie"}]},{"@type":"WebSite","@id":"https:\/\/novavita.ro\/#website","url":"https:\/\/novavita.ro\/","name":"Nova Vita Clinic Oradea","description":"Clinic\u0103 de estetic\u0103 medical\u0103.","potentialAction":[{"@type":"SearchAction","target":{"@type":"EntryPoint","urlTemplate":"https:\/\/novavita.ro\/?s={search_term_string}"},"query-input":{"@type":"PropertyValueSpecification","valueRequired":true,"valueName":"search_term_string"}}],"inLanguage":"en-US"}]}},"jetpack_sharing_enabled":true,"_links":{"self":[{"href":"https:\/\/novavita.ro\/en\/wp-json\/wp\/v2\/pages\/224","targetHints":{"allow":["GET"]}}],"collection":[{"href":"https:\/\/novavita.ro\/en\/wp-json\/wp\/v2\/pages"}],"about":[{"href":"https:\/\/novavita.ro\/en\/wp-json\/wp\/v2\/types\/page"}],"author":[{"embeddable":true,"href":"https:\/\/novavita.ro\/en\/wp-json\/wp\/v2\/users\/7"}],"replies":[{"embeddable":true,"href":"https:\/\/novavita.ro\/en\/wp-json\/wp\/v2\/comments?post=224"}],"version-history":[{"count":3,"href":"https:\/\/novavita.ro\/en\/wp-json\/wp\/v2\/pages\/224\/revisions"}],"predecessor-version":[{"id":942,"href":"https:\/\/novavita.ro\/en\/wp-json\/wp\/v2\/pages\/224\/revisions\/942"}],"wp:attachment":[{"href":"https:\/\/novavita.ro\/en\/wp-json\/wp\/v2\/media?parent=224"}],"curies":[{"name":"wp","href":"https:\/\/api.w.org\/{rel}","templated":true}]}}