{"id":243,"date":"2019-04-20T09:31:08","date_gmt":"2019-04-20T07:31:08","guid":{"rendered":"http:\/\/novavita.ro\/?page_id=243"},"modified":"2025-11-11T18:42:11","modified_gmt":"2025-11-11T15:42:11","slug":"exfoliere","status":"publish","type":"page","link":"https:\/\/novavita.ro\/en\/exfoliere\/","title":{"rendered":"Exfoliating"},"content":{"rendered":"<h1>Exfoliere<\/h1>\n<div>O piele s\u0103n\u0103toas\u0103 \u015fi str\u0103lucitoare<\/div>\n<p><p>\n        <a href=\"\/masaj\/\">Masaj<\/a>\n    <\/p>\n<\/p>\n<div>\n<p style=\"text-align: justify;\">La fiecare 28 de zile, ne putem m\u00e2ndri cu o piele nou\u0103, \u00eens\u0103 de cele mai multe ori nu avem grij\u0103 de ea asa cum ar merita! Celulele se regenereaz\u0103 regulat \u0219i cu ajutorul exfolierii \u00eendep\u0103rt\u0103m celulele moarte \u00een acela\u0219i timp stimul\u00e2nd \u0219i \u00eembun\u0103t\u0103\u021bind circula\u021bia sanguin\u0103,<b>\u00a0lans\u00e2nd pielea radiant\u0103 \u0219i preg\u0103tit\u0103 s\u0103 absoarb\u0103<\/b>\u00a0at\u00e2t tratamente faciale specifice, c\u00e2t \u0219i cosmetice profesionale, dup\u0103 caz.<\/p>\n<p>Una din cele mai faimoase \u0219i utile metode de exfoliere este\u00a0<b>peeling-ul chimic<\/b>. Acesta are ca scop exfolierea epidermei, \u00eenl\u0103turarea celulelor moarte \u0219i\u00a0<b>stimularea regener\u0103rii celulare<\/b>. Metoda aceasta neinvaziv\u0103 de tratare a tenului\u00a0<b>solu\u021bioneaz\u0103 probleme precum petele pigmentare, porii dilata\u021bi \u0219i leziuni ale pielii, l\u0103s\u00e2nd \u00een urm\u0103 un ten proasp\u0103t \u0219i t\u00e2n\u0103r.<\/b><b>\u00a0<\/b><\/p>\n<\/div>\n<p><p>\n        <a href=\"\/contact\/\">Contacteaz\u0103-ne<\/a>\n    <\/p>\n<\/p>\n<p><img decoding=\"async\" src=\"\/wp-content\/uploads\/Spa-Exfoliere.jpg\" alt=\"Spa Exfoliere\"><br \/>\n<img decoding=\"async\" src=\"\/wp-content\/uploads\/GOPR0415.jpg\" alt=\"Spa Exfoliere\"><\/p>\n<p><!--more--><br \/>\n<!-- {\"name\":\"Submeniu - Pagina\",\"type\":\"layout\",\"children\":[{\"name\":\"Hero\",\"type\":\"section\",\"props\":{\"image_position\":\"center-center\",\"padding\":\"small\",\"padding_remove_bottom\":false,\"style\":\"muted\",\"title_breakpoint\":\"xl\",\"title_position\":\"top-left\",\"title_rotation\":\"left\",\"vertical_align\":\"\",\"width\":\"small\"},\"children\":[{\"type\":\"row\",\"children\":[{\"type\":\"column\",\"props\":{\"image_position\":\"center-center\",\"position_sticky_breakpoint\":\"m\",\"width_medium\":\"1-1\"},\"children\":[{\"type\":\"headline\",\"props\":{\"content\":\"Exfoliere\",\"margin_remove_bottom\":true,\"text_align_fallback\":\"center\",\"title_element\":\"h1\",\"title_style\":\"h1\"}},{\"type\":\"headline\",\"props\":{\"content\":\"O piele s\\u0103n\\u0103toas\\u0103 \\u015fi str\\u0103lucitoare\",\"margin\":\"small\",\"text_align_breakpoint\":\"m\",\"text_align_fallback\":\"center\",\"title_color\":\"muted\",\"title_decoration\":\"bullet\",\"title_element\":\"div\",\"title_style\":\"h5\"}},{\"type\":\"button\",\"props\":{\"button_size\":\"small\",\"grid_column_gap\":\"small\",\"grid_row_gap\":\"small\",\"margin\":\"default\"},\"children\":[{\"type\":\"button_item\",\"props\":{\"button_style\":\"primary\",\"content\":\"Saun\\u0103\",\"dialog_layout\":\"modal\",\"dialog_offcanvas_flip\":true,\"icon_align\":\"left\",\"link\":\"sauna\\\/\",\"status\":\"disabled\"}},{\"type\":\"button_item\",\"props\":{\"button_style\":\"primary\",\"content\":\"Masaj\",\"dialog_layout\":\"modal\",\"dialog_offcanvas_flip\":true,\"icon_align\":\"left\",\"link\":\"masaj\\\/\"}},{\"type\":\"button_item\",\"props\":{\"button_style\":\"primary\",\"content\":\"Salin\\u0103\",\"dialog_layout\":\"modal\",\"dialog_offcanvas_flip\":true,\"icon_align\":\"left\",\"link\":\"salina\\\/\",\"status\":\"disabled\"}}]}]}]}]},{\"name\":\"Aromaterapie\",\"type\":\"section\",\"props\":{\"image_position\":\"center-center\",\"padding\":\"large\",\"style\":\"default\",\"title\":\"Meloterapia & Wellness\",\"title_breakpoint\":\"xl\",\"title_position\":\"top-right\",\"title_rotation\":\"left\",\"vertical_align\":\"\",\"width\":\"default\"},\"children\":[{\"type\":\"row\",\"props\":{\"column_gap\":\"large\",\"layout\":\"2-3,1-3\",\"row_gap\":\"large\"},\"children\":[{\"type\":\"column\",\"props\":{\"image_position\":\"center-center\",\"position_sticky_breakpoint\":\"m\",\"width_small\":\"2-3\"},\"children\":[{\"type\":\"text\",\"props\":{\"column_breakpoint\":\"m\",\"content\":\"\n\n<p style=\\\"text-align: justify;\\\">La fiecare 28 de zile, ne putem m\\u00e2ndri cu o piele nou\\u0103, \\u00eens\\u0103 de cele mai multe ori nu avem grij\\u0103 de ea asa cum ar merita! Celulele se regenereaz\\u0103 regulat \\u0219i cu ajutorul exfolierii \\u00eendep\\u0103rt\\u0103m celulele moarte \\u00een acela\\u0219i timp stimul\\u00e2nd \\u0219i \\u00eembun\\u0103t\\u0103\\u021bind circula\\u021bia sanguin\\u0103,<b>\\u00a0lans\\u00e2nd pielea radiant\\u0103 \\u0219i preg\\u0103tit\\u0103 s\\u0103 absoarb\\u0103<\\\/b>\\u00a0at\\u00e2t tratamente faciale specifice, c\\u00e2t \\u0219i cosmetice profesionale, dup\\u0103 caz.<br \\\/><br \\\/>Una din cele mai faimoase \\u0219i utile metode de exfoliere este\\u00a0<b>peeling-ul chimic<\\\/b>. Acesta are ca scop exfolierea epidermei, \\u00eenl\\u0103turarea celulelor moarte \\u0219i\\u00a0<b>stimularea regener\\u0103rii celulare<\\\/b>. Metoda aceasta neinvaziv\\u0103 de tratare a tenului\\u00a0<b>solu\\u021bioneaz\\u0103 probleme precum petele pigmentare, porii dilata\\u021bi \\u0219i leziuni ale pielii, l\\u0103s\\u00e2nd \\u00een urm\\u0103 un ten proasp\\u0103t \\u0219i t\\u00e2n\\u0103r.<\\\/b><b>\\u00a0<\\\/b><\\\/p>\",\"margin\":\"large\",\"text_align_breakpoint\":\"m\",\"text_align_fallback\":\"center\"}},{\"type\":\"button\",\"props\":{\"fullwidth\":false,\"grid_column_gap\":\"\",\"grid_row_gap\":\"\",\"margin\":\"default\",\"text_align_breakpoint\":\"m\",\"text_align_fallback\":\"center\"},\"children\":[{\"type\":\"button_item\",\"props\":{\"button_style\":\"text\",\"content\":\"Contacteaz\\u0103-ne\",\"dialog_layout\":\"modal\",\"dialog_offcanvas_flip\":true,\"icon\":\"arrow-right\",\"icon_align\":\"right\",\"link\":\"contact\\\/\"}}]}]},{\"type\":\"column\",\"props\":{\"image_position\":\"center-center\",\"position_sticky_breakpoint\":\"m\",\"width_small\":\"1-3\"},\"children\":[{\"type\":\"image\",\"props\":{\"image\":\"wp-content\\\/uploads\\\/Spa-Exfoliere.jpg\",\"image_alt\":\"Spa Exfoliere\",\"image_border\":\"rounded\",\"image_box_shadow\":\"medium\",\"image_height\":\"700\",\"image_svg_color\":\"emphasis\",\"image_svg_inline\":false,\"image_width\":\"700\",\"margin\":\"default\"}},{\"type\":\"image\",\"props\":{\"image\":\"wp-content\\\/uploads\\\/GOPR0415.jpg\",\"image_alt\":\"Spa Exfoliere\",\"image_border\":\"rounded\",\"image_box_shadow\":\"medium\",\"image_svg_color\":\"emphasis\",\"image_svg_inline\":false,\"margin\":\"default\"}}]}]}]}],\"version\":\"4.5.31\"} --><\/p>\n","protected":false},"excerpt":{"rendered":"<p>Exfoliere O piele s\u0103n\u0103toas\u0103 \u015fi str\u0103lucitoare Masaj La fiecare 28 de zile, ne putem m\u00e2ndri cu o piele nou\u0103, \u00eens\u0103 de cele mai multe ori nu avem grij\u0103 de ea asa cum ar merita! Celulele se regenereaz\u0103 regulat \u0219i cu ajutorul exfolierii \u00eendep\u0103rt\u0103m celulele moarte \u00een acela\u0219i timp stimul\u00e2nd \u0219i \u00eembun\u0103t\u0103\u021bind circula\u021bia sanguin\u0103,\u00a0lans\u00e2nd pielea radiant\u0103 [&hellip;]<\/p>\n","protected":false},"author":7,"featured_media":0,"parent":0,"menu_order":0,"comment_status":"closed","ping_status":"closed","template":"","meta":{"footnotes":""},"class_list":["post-243","page","type-page","status-publish","hentry"],"yoast_head":"<!-- This site is optimized with the Yoast SEO plugin v27.2 - https:\/\/yoast.com\/product\/yoast-seo-wordpress\/ -->\n<title>Exfoliere - Nova Vita Clinic Oradea<\/title>\n<meta name=\"robots\" content=\"index, follow, max-snippet:-1, max-image-preview:large, max-video-preview:-1\" \/>\n<link rel=\"canonical\" href=\"https:\/\/novavita.ro\/en\/exfoliating\/\" \/>\n<meta property=\"og:locale\" content=\"en_US\" \/>\n<meta property=\"og:type\" content=\"article\" \/>\n<meta property=\"og:title\" content=\"Exfoliere - Nova Vita Clinic Oradea\" \/>\n<meta property=\"og:description\" content=\"Exfoliere O piele s\u0103n\u0103toas\u0103 \u015fi str\u0103lucitoare Masaj La fiecare 28 de zile, ne putem m\u00e2ndri cu o piele nou\u0103, \u00eens\u0103 de cele mai multe ori nu avem grij\u0103 de ea asa cum ar merita! Celulele se regenereaz\u0103 regulat \u0219i cu ajutorul exfolierii \u00eendep\u0103rt\u0103m celulele moarte \u00een acela\u0219i timp stimul\u00e2nd \u0219i \u00eembun\u0103t\u0103\u021bind circula\u021bia sanguin\u0103,\u00a0lans\u00e2nd pielea radiant\u0103 [&hellip;]\" \/>\n<meta property=\"og:url\" content=\"https:\/\/novavita.ro\/en\/exfoliating\/\" \/>\n<meta property=\"og:site_name\" content=\"Nova Vita Clinic Oradea\" \/>\n<meta property=\"article:modified_time\" content=\"2025-11-11T15:42:11+00:00\" \/>\n<meta name=\"twitter:card\" content=\"summary_large_image\" \/>\n<meta name=\"twitter:label1\" content=\"Est. reading time\" \/>\n\t<meta name=\"twitter:data1\" content=\"1 minute\" \/>\n<script type=\"application\/ld+json\" class=\"yoast-schema-graph\">{\"@context\":\"https:\/\/schema.org\",\"@graph\":[{\"@type\":\"WebPage\",\"@id\":\"https:\/\/novavita.ro\/exfoliere\/\",\"url\":\"https:\/\/novavita.ro\/exfoliere\/\",\"name\":\"Exfoliere - Nova Vita Clinic Oradea\",\"isPartOf\":{\"@id\":\"https:\/\/novavita.ro\/#website\"},\"datePublished\":\"2019-04-20T07:31:08+00:00\",\"dateModified\":\"2025-11-11T15:42:11+00:00\",\"breadcrumb\":{\"@id\":\"https:\/\/novavita.ro\/exfoliere\/#breadcrumb\"},\"inLanguage\":\"en-US\",\"potentialAction\":[{\"@type\":\"ReadAction\",\"target\":[\"https:\/\/novavita.ro\/exfoliere\/\"]}]},{\"@type\":\"BreadcrumbList\",\"@id\":\"https:\/\/novavita.ro\/exfoliere\/#breadcrumb\",\"itemListElement\":[{\"@type\":\"ListItem\",\"position\":1,\"name\":\"Prima pagin\u0103\",\"item\":\"https:\/\/novavita.ro\/\"},{\"@type\":\"ListItem\",\"position\":2,\"name\":\"Exfoliere\"}]},{\"@type\":\"WebSite\",\"@id\":\"https:\/\/novavita.ro\/#website\",\"url\":\"https:\/\/novavita.ro\/\",\"name\":\"Nova Vita Clinic Oradea\",\"description\":\"Clinic\u0103 de estetic\u0103 medical\u0103.\",\"potentialAction\":[{\"@type\":\"SearchAction\",\"target\":{\"@type\":\"EntryPoint\",\"urlTemplate\":\"https:\/\/novavita.ro\/?s={search_term_string}\"},\"query-input\":{\"@type\":\"PropertyValueSpecification\",\"valueRequired\":true,\"valueName\":\"search_term_string\"}}],\"inLanguage\":\"en-US\"}]}<\/script>\n<!-- \/ Yoast SEO plugin. -->","yoast_head_json":{"title":"Exfoliere - Nova Vita Clinic Oradea","robots":{"index":"index","follow":"follow","max-snippet":"max-snippet:-1","max-image-preview":"max-image-preview:large","max-video-preview":"max-video-preview:-1"},"canonical":"https:\/\/novavita.ro\/en\/exfoliating\/","og_locale":"en_US","og_type":"article","og_title":"Exfoliere - Nova Vita Clinic Oradea","og_description":"Exfoliere O piele s\u0103n\u0103toas\u0103 \u015fi str\u0103lucitoare Masaj La fiecare 28 de zile, ne putem m\u00e2ndri cu o piele nou\u0103, \u00eens\u0103 de cele mai multe ori nu avem grij\u0103 de ea asa cum ar merita! Celulele se regenereaz\u0103 regulat \u0219i cu ajutorul exfolierii \u00eendep\u0103rt\u0103m celulele moarte \u00een acela\u0219i timp stimul\u00e2nd \u0219i \u00eembun\u0103t\u0103\u021bind circula\u021bia sanguin\u0103,\u00a0lans\u00e2nd pielea radiant\u0103 [&hellip;]","og_url":"https:\/\/novavita.ro\/en\/exfoliating\/","og_site_name":"Nova Vita Clinic Oradea","article_modified_time":"2025-11-11T15:42:11+00:00","twitter_card":"summary_large_image","twitter_misc":{"Est. reading time":"1 minute"},"schema":{"@context":"https:\/\/schema.org","@graph":[{"@type":"WebPage","@id":"https:\/\/novavita.ro\/exfoliere\/","url":"https:\/\/novavita.ro\/exfoliere\/","name":"Exfoliere - Nova Vita Clinic Oradea","isPartOf":{"@id":"https:\/\/novavita.ro\/#website"},"datePublished":"2019-04-20T07:31:08+00:00","dateModified":"2025-11-11T15:42:11+00:00","breadcrumb":{"@id":"https:\/\/novavita.ro\/exfoliere\/#breadcrumb"},"inLanguage":"en-US","potentialAction":[{"@type":"ReadAction","target":["https:\/\/novavita.ro\/exfoliere\/"]}]},{"@type":"BreadcrumbList","@id":"https:\/\/novavita.ro\/exfoliere\/#breadcrumb","itemListElement":[{"@type":"ListItem","position":1,"name":"Prima pagin\u0103","item":"https:\/\/novavita.ro\/"},{"@type":"ListItem","position":2,"name":"Exfoliere"}]},{"@type":"WebSite","@id":"https:\/\/novavita.ro\/#website","url":"https:\/\/novavita.ro\/","name":"Nova Vita Clinic Oradea","description":"Clinic\u0103 de estetic\u0103 medical\u0103.","potentialAction":[{"@type":"SearchAction","target":{"@type":"EntryPoint","urlTemplate":"https:\/\/novavita.ro\/?s={search_term_string}"},"query-input":{"@type":"PropertyValueSpecification","valueRequired":true,"valueName":"search_term_string"}}],"inLanguage":"en-US"}]}},"jetpack_sharing_enabled":true,"_links":{"self":[{"href":"https:\/\/novavita.ro\/en\/wp-json\/wp\/v2\/pages\/243","targetHints":{"allow":["GET"]}}],"collection":[{"href":"https:\/\/novavita.ro\/en\/wp-json\/wp\/v2\/pages"}],"about":[{"href":"https:\/\/novavita.ro\/en\/wp-json\/wp\/v2\/types\/page"}],"author":[{"embeddable":true,"href":"https:\/\/novavita.ro\/en\/wp-json\/wp\/v2\/users\/7"}],"replies":[{"embeddable":true,"href":"https:\/\/novavita.ro\/en\/wp-json\/wp\/v2\/comments?post=243"}],"version-history":[{"count":3,"href":"https:\/\/novavita.ro\/en\/wp-json\/wp\/v2\/pages\/243\/revisions"}],"predecessor-version":[{"id":2138,"href":"https:\/\/novavita.ro\/en\/wp-json\/wp\/v2\/pages\/243\/revisions\/2138"}],"wp:attachment":[{"href":"https:\/\/novavita.ro\/en\/wp-json\/wp\/v2\/media?parent=243"}],"curies":[{"name":"wp","href":"https:\/\/api.w.org\/{rel}","templated":true}]}}